{"id":8355,"date":"2021-12-27T16:40:40","date_gmt":"2021-12-27T15:40:40","guid":{"rendered":"https:\/\/poppers-online.ch\/?post_type=product&#038;p=8355"},"modified":"2024-10-16T00:50:31","modified_gmt":"2024-10-15T22:50:31","slug":"lubrificante-beppy-comfort-a-base-dacqua-100ml","status":"publish","type":"product","link":"https:\/\/poppers-online.ch\/it\/prodotto\/lubrificante-beppy-comfort-a-base-dacqua-100ml\/","title":{"rendered":"Lubrificante Beppy Comfort a base d&#8217;acqua 100ml"},"content":{"rendered":"<p>Il lubrificante Beppy Comfort Gel 100ml \u00e8 a base d&#8217;acqua. Ci\u00f2 significa che gran parte del lubrificante \u00e8 costituito da acqua, che d\u00e0 molta umidit\u00e0. Ci\u00f2 \u00e8 particolarmente utile in caso di secchezza vaginale. Beppy Comfort Gel pu\u00f2 essere utilizzato con tutti i giocattoli sessuali ed \u00e8 sicuro da usare con i preservativi in lattice. I lubrificanti a base d&#8217;acqua come Beppy Comfort plus possono essere semplicemente rimossi con acqua senza lasciare macchie. Beppy Comfort Gel \u00e8 estremamente economico, inodore e incolore. Il lubrificante Beppy Comfort \u00e8 disponibile da noi in 100 ml e 250 ml.<\/p>\n","protected":false},"excerpt":{"rendered":"<p>Il Lubrificante Beppy Comfort a base d&#8217;acqua 100ml \u00e8 a base d&#8217;acqua. Ci\u00f2 significa che gran parte del lubrificante \u00e8 costituito da acqua, che d\u00e0 molta umidit\u00e0. Ci\u00f2 \u00e8 particolarmente utile in caso di secchezza vaginale. Beppy Comfort Gel pu\u00f2 essere utilizzato con tutti i giocattoli sessuali ed \u00e8 sicuro da usare con i preservativi in lattice. I lubrificanti a base d&#8217;acqua come Beppy Comfort plus possono essere semplicemente rimossi con acqua senza lasciare macchie. Beppy Comfort Gel \u00e8 estremamente economico, inodore e incolore. Il lubrificante Beppy Comfort \u00e8 disponibile da noi in 100 ml e 250 ml.<\/p>\n","protected":false},"featured_media":9354,"comment_status":"open","ping_status":"closed","template":"","meta":{"_acf_changed":false,"iawp_total_views":0,"_glsr_average":0,"_glsr_ranking":0,"_glsr_reviews":0},"product_brand":[],"product_cat":[2068,168],"product_tag":[],"class_list":{"0":"post-8355","1":"product","2":"type-product","3":"status-publish","4":"has-post-thumbnail","6":"product_cat-lubrificanti","7":"product_cat-farmacia","9":"first","10":"outofstock","11":"taxable","12":"shipping-taxable","13":"purchasable","14":"product-type-simple"},"acf":[],"_links":{"self":[{"href":"https:\/\/poppers-online.ch\/it\/wp-json\/wp\/v2\/product\/8355","targetHints":{"allow":["GET"]}}],"collection":[{"href":"https:\/\/poppers-online.ch\/it\/wp-json\/wp\/v2\/product"}],"about":[{"href":"https:\/\/poppers-online.ch\/it\/wp-json\/wp\/v2\/types\/product"}],"replies":[{"embeddable":true,"href":"https:\/\/poppers-online.ch\/it\/wp-json\/wp\/v2\/comments?post=8355"}],"wp:featuredmedia":[{"embeddable":true,"href":"https:\/\/poppers-online.ch\/it\/wp-json\/wp\/v2\/media\/9354"}],"wp:attachment":[{"href":"https:\/\/poppers-online.ch\/it\/wp-json\/wp\/v2\/media?parent=8355"}],"wp:term":[{"taxonomy":"product_brand","embeddable":true,"href":"https:\/\/poppers-online.ch\/it\/wp-json\/wp\/v2\/product_brand?post=8355"},{"taxonomy":"product_cat","embeddable":true,"href":"https:\/\/poppers-online.ch\/it\/wp-json\/wp\/v2\/product_cat?post=8355"},{"taxonomy":"product_tag","embeddable":true,"href":"https:\/\/poppers-online.ch\/it\/wp-json\/wp\/v2\/product_tag?post=8355"}],"curies":[{"name":"wp","href":"https:\/\/api.w.org\/{rel}","templated":true}]}}