{"id":83296,"date":"2024-01-07T21:20:34","date_gmt":"2024-01-07T20:24:04","guid":{"rendered":"https:\/\/poppers-online.ch\/produkt\/hankeys-toys-seahorse-dildo-anale\/"},"modified":"2024-01-07T21:24:42","modified_gmt":"2024-01-07T20:24:42","slug":"hankeys-toys-seahorse-dildo-anale","status":"publish","type":"product","link":"https:\/\/poppers-online.ch\/it\/prodotto\/hankeys-toys-seahorse-dildo-anale\/","title":{"rendered":"Hankey&#8217;s Toys SEAHORSE Dildo Anale"},"content":{"rendered":"","protected":false},"excerpt":{"rendered":"<p><span style=\"font-weight: 400;\">Un giro sul SEAHORSE porter\u00e0 il vostro buco a profondit\u00e0 completamente nuove. Il SEAHORSE ha un design splendido e ricco di dettagli e il vostro buco sentir\u00e0 ogni centimetro quando lo spingerete al limite. Questo straordinario giocattolo ha tutte le protuberanze, le creste e le asperit\u00e0 che si possono sopportare! Sentirete questo giocattolo penetrare nel vostro sfintere ad ogni passo. Con una testa affusolata, questo sex toy ha la capacit\u00e0 di andare abbastanza in profondit\u00e0 ed \u00e8 eccellente per giocare e sperimentare con la profondit\u00e0 e la larghezza.<\/span><\/p>\n<p><span style=\"font-weight: 400;\">Hankey&#8217;s Toys produce dildo molto realistici con dimensioni sproporzionate per il piacere illimitato di amatori ed esperti. Molte modelle sono l&#8217;immagine di un attore porno molto ben dotato e di dimensioni straordinarie. Tutti i giocattoli Hankey sono realizzati a mano con silicone di alta qualit\u00e0 polimerizzato al platino. I dildo del marchio di culto Hankey&#8217;s Toys sono massicci, pesanti e incredibilmente grandi allo stesso tempo. Per noi, i pi\u00f9 grandi dildo anali del mondo fino ad ora!<\/span><\/p>\n<p><b>CAVALLO MARINO &#8211; S<br \/>\n<\/b><span style=\"font-weight: 400;\">Circonferenza in testa: 12 cm<br \/>\n<\/span><span style=\"font-weight: 400;\">Circonferenza al centro: 17,7 cm<br \/>\n<\/span><span style=\"font-weight: 400;\">circonferenza alla base: 20,3cm<br \/>\n<\/span><span style=\"font-weight: 400;\">Lunghezza totale: 25 cm<br \/>\n<\/span><span style=\"font-weight: 400;\">Lunghezza inseribile: 22,2 cm<br \/>\n<\/span><span style=\"font-weight: 400;\">Misura dell&#8217;anello del cinturino: 6,3 cm<\/span><\/p>\n<p><b>CAVALLO MARINO &#8211; M<br \/>\n<\/b><span style=\"font-weight: 400;\">Circonferenza in testa: 14,6 cm<br \/>\n<\/span><span style=\"font-weight: 400;\">Circonferenza al centro: 21,3 cm<br \/>\n<\/span><span style=\"font-weight: 400;\">Circonferenza alla base: 25,1 cm<br \/>\n<\/span><span style=\"font-weight: 400;\">Lunghezza totale: 30 cm<br \/>\n<\/span><span style=\"font-weight: 400;\">Lunghezza inseribile: 25,4 cm<br \/>\n<\/span><span style=\"font-weight: 400;\">Misura dell&#8217;anello del cinturino: 7,6 cm<\/span><\/p>\n<p><b>CAVALLO MARINO &#8211; L<br \/>\n<\/b><span style=\"font-weight: 400;\">Circonferenza della testa: 17,7 cm<br \/>\n<\/span><span style=\"font-weight: 400;\">Circonferenza al centro: 24,1 cm<br \/>\n<\/span><span style=\"font-weight: 400;\">Circonferenza alla base: 29,2 cm<br \/>\n<\/span><span style=\"font-weight: 400;\">Lunghezza totale: 35 cm<br \/>\n<\/span><span style=\"font-weight: 400;\">Lunghezza inseribile: 30,4 cm<br \/>\n<\/span><span style=\"font-weight: 400;\">Misura dell&#8217;anello del cinturino: &#8211;<\/span><\/p>\n<p><b>CAVALLO MARINO &#8211; XXL<br \/>\n<\/b><span style=\"font-weight: 400;\">Circonferenza della testa: 19,3 cm<br \/>\n<\/span><span style=\"font-weight: 400;\">Circonferenza al centro: 29,2 cm<br \/>\n<\/span><span style=\"font-weight: 400;\">Circonferenza alla base: 33,2 cm<br \/>\n<\/span><span style=\"font-weight: 400;\">Lunghezza totale: 38 cm<br \/>\n<\/span><span style=\"font-weight: 400;\">Lunghezza inseribile: 33 cm<br \/>\n<\/span><span style=\"font-weight: 400;\">Misura dell&#8217;anello del cinturino: &#8211;<\/span><\/p>\n<p><b>CAVALLUCCIO MARINO &#8211; XXXL<br \/>\n<\/b><span style=\"font-weight: 400;\">Circonferenza in testa: 22,3cm<br \/>\n<\/span><span style=\"font-weight: 400;\">Circonferenza al centro: 30,4 cm<br \/>\n<\/span><span style=\"font-weight: 400;\">circonferenza alla base: 38,1cm<br \/>\n<\/span><span style=\"font-weight: 400;\">Lunghezza totale: 43 cm<br \/>\n<\/span><span style=\"font-weight: 400;\">Lunghezza inseribile: 35,5 cm<br \/>\n<\/span><span style=\"font-weight: 400;\">Misura dell&#8217;anello del cinturino: &#8211;<\/span><\/p>\n","protected":false},"featured_media":83265,"comment_status":"closed","ping_status":"closed","template":"","meta":{"_acf_changed":false,"iawp_total_views":7,"_glsr_average":0,"_glsr_ranking":0,"_glsr_reviews":0},"product_brand":[],"product_cat":[2086,172],"product_tag":[1926],"class_list":{"0":"post-83296","1":"product","2":"type-product","3":"status-publish","4":"has-post-thumbnail","6":"product_cat-anal-play","7":"product_cat-sex-toys","8":"product_tag-hankeys-toys-seahorse-dildo-anale","10":"first","11":"instock","12":"sale","13":"taxable","14":"shipping-taxable","15":"purchasable","16":"product-type-variable","17":"has-default-attributes"},"acf":[],"_links":{"self":[{"href":"https:\/\/poppers-online.ch\/it\/wp-json\/wp\/v2\/product\/83296","targetHints":{"allow":["GET"]}}],"collection":[{"href":"https:\/\/poppers-online.ch\/it\/wp-json\/wp\/v2\/product"}],"about":[{"href":"https:\/\/poppers-online.ch\/it\/wp-json\/wp\/v2\/types\/product"}],"replies":[{"embeddable":true,"href":"https:\/\/poppers-online.ch\/it\/wp-json\/wp\/v2\/comments?post=83296"}],"wp:featuredmedia":[{"embeddable":true,"href":"https:\/\/poppers-online.ch\/it\/wp-json\/wp\/v2\/media\/83265"}],"wp:attachment":[{"href":"https:\/\/poppers-online.ch\/it\/wp-json\/wp\/v2\/media?parent=83296"}],"wp:term":[{"taxonomy":"product_brand","embeddable":true,"href":"https:\/\/poppers-online.ch\/it\/wp-json\/wp\/v2\/product_brand?post=83296"},{"taxonomy":"product_cat","embeddable":true,"href":"https:\/\/poppers-online.ch\/it\/wp-json\/wp\/v2\/product_cat?post=83296"},{"taxonomy":"product_tag","embeddable":true,"href":"https:\/\/poppers-online.ch\/it\/wp-json\/wp\/v2\/product_tag?post=83296"}],"curies":[{"name":"wp","href":"https:\/\/api.w.org\/{rel}","templated":true}]}}