{"id":83209,"date":"2024-01-07T17:38:22","date_gmt":"2024-01-07T17:23:49","guid":{"rendered":"https:\/\/poppers-online.ch\/produkt\/giocattoli-hankeys-goliath-dildo-anale\/"},"modified":"2024-10-15T23:25:30","modified_gmt":"2024-10-15T21:25:30","slug":"giocattoli-hankeys-goliath-dildo-anale","status":"publish","type":"product","link":"https:\/\/poppers-online.ch\/it\/prodotto\/giocattoli-hankeys-goliath-dildo-anale\/","title":{"rendered":"Hankey&#8217;s Toy GOLIATH Dildo Anale"},"content":{"rendered":"","protected":false},"excerpt":{"rendered":"<p><span style=\"font-weight: 400;\">Il dildo GOLIATH di Hankey&#8217;s Toys non \u00e8 certo un giocattolo per principianti. Il GOLIATH \u00e8 il pi\u00f9 grande giocattolo di Hankey&#8217;s! Il vostro buco sar\u00e0 dilatato al massimo mentre si spalanca per questo ragazzaccio. Le sue dimensioni non solo aprono un buco ampio, ma anche profondo. Il GOLIATH ha una testa non tagliata e una superficie relativamente liscia con venature realistiche e palline attaccate. Sei abbastanza uomo da accettare GOLIATH?<\/span><\/p>\n<p><span style=\"font-weight: 400;\">Hankey&#8217;s Toys produce dildo molto realistici con dimensioni sproporzionate per il piacere illimitato di amatori ed esperti. Molte modelle sono l&#8217;immagine di un attore porno molto ben dotato e di dimensioni straordinarie. Tutti i giocattoli Hankey sono realizzati a mano con silicone di alta qualit\u00e0 polimerizzato al platino. I dildo del marchio di culto Hankey&#8217;s Toys sono massicci, pesanti e incredibilmente grandi allo stesso tempo. Per noi, i pi\u00f9 grandi dildo anali del mondo fino ad ora!<\/span><\/p>\n<p><b>GOLIATH &#8211; GRANDE\/XL<br \/>\n<\/b><span style=\"font-weight: 400;\">Circonferenza della testa: 14,0 cm<br \/>\n<\/span><span style=\"font-weight: 400;\">Circonferenza nella parte pi\u00f9 spessa della testa: 22,3 cm.<br \/>\n<\/span><span style=\"font-weight: 400;\">Circonferenza direttamente sotto la testa: 22,8 cm<br \/>\n<\/span><span style=\"font-weight: 400;\">Circonferenza al centro dell&#8217;asta: 27,1 cm<br \/>\n<\/span><span style=\"font-weight: 400;\">Circonferenza delle sfere: 29,1 cm<br \/>\n<\/span><span style=\"font-weight: 400;\">Lunghezza totale: 26,0 cm<br \/>\n<\/span><span style=\"font-weight: 400;\">Lunghezza inseribile: 22,2 cm<br \/>\n<\/span><span style=\"font-weight: 400;\">Misura dell&#8217;anello del cinturino: &#8211;<\/span><\/p>\n<p><b>GOLIATH &#8211; XXL<br \/>\n<\/b><span style=\"font-weight: 400;\">Circonferenza alla testa: 16,5 cm<br \/>\n<\/span><span style=\"font-weight: 400;\">Circonferenza nella parte pi\u00f9 spessa della testa: 26,1 cm.<br \/>\n<\/span><span style=\"font-weight: 400;\">Circonferenza direttamente sotto la testa: 26,6 cm<br \/>\n<\/span><span style=\"font-weight: 400;\">Circonferenza al centro dell&#8217;asta: 33,0 cm<br \/>\n<\/span><span style=\"font-weight: 400;\">Circonferenza delle sfere: 34,9 cm<br \/>\n<\/span><span style=\"font-weight: 400;\">Lunghezza totale: 31,0 cm<br \/>\n<\/span><span style=\"font-weight: 400;\">Lunghezza inseribile: 26,6 cm<br \/>\n<\/span><span style=\"font-weight: 400;\">Misura dell&#8217;anello del cinturino: &#8211;<\/span><\/p>\n<p><b>GOLIATH &#8211; XXXXL<br \/>\n<\/b><span style=\"font-weight: 400;\">Circonferenza della testa: 20,3 cm<br \/>\n<\/span><span style=\"font-weight: 400;\">Circonferenza nella parte pi\u00f9 spessa della testa: 31,1 cm.<br \/>\n<\/span><span style=\"font-weight: 400;\">Circonferenza direttamente sotto la testa: 32,3 cm<br \/>\n<\/span><span style=\"font-weight: 400;\">Circonferenza al centro dell&#8217;asta: 38,7 cm<br \/>\n<\/span><span style=\"font-weight: 400;\">Circonferenza delle sfere: 40,3 cm<br \/>\n<\/span><span style=\"font-weight: 400;\">Lunghezza totale: 36,0 cm<br \/>\n<\/span><span style=\"font-weight: 400;\">Lunghezza inseribile: 30,4 cm<br \/>\n<\/span><span style=\"font-weight: 400;\">Misura dell&#8217;anello del cinturino: &#8211;<\/span><\/p>\n","protected":false},"featured_media":83192,"comment_status":"closed","ping_status":"closed","template":"","meta":{"_acf_changed":false,"iawp_total_views":40,"_glsr_average":0,"_glsr_ranking":0,"_glsr_reviews":0},"product_brand":[],"product_cat":[2086,172],"product_tag":[1922],"class_list":{"0":"post-83209","1":"product","2":"type-product","3":"status-publish","4":"has-post-thumbnail","6":"product_cat-anal-play","7":"product_cat-sex-toys","8":"product_tag-giocattoli-hankeys-goliath-dildo-anale","10":"first","11":"instock","12":"sale","13":"taxable","14":"shipping-taxable","15":"purchasable","16":"product-type-variable","17":"has-default-attributes"},"acf":[],"_links":{"self":[{"href":"https:\/\/poppers-online.ch\/it\/wp-json\/wp\/v2\/product\/83209","targetHints":{"allow":["GET"]}}],"collection":[{"href":"https:\/\/poppers-online.ch\/it\/wp-json\/wp\/v2\/product"}],"about":[{"href":"https:\/\/poppers-online.ch\/it\/wp-json\/wp\/v2\/types\/product"}],"replies":[{"embeddable":true,"href":"https:\/\/poppers-online.ch\/it\/wp-json\/wp\/v2\/comments?post=83209"}],"wp:featuredmedia":[{"embeddable":true,"href":"https:\/\/poppers-online.ch\/it\/wp-json\/wp\/v2\/media\/83192"}],"wp:attachment":[{"href":"https:\/\/poppers-online.ch\/it\/wp-json\/wp\/v2\/media?parent=83209"}],"wp:term":[{"taxonomy":"product_brand","embeddable":true,"href":"https:\/\/poppers-online.ch\/it\/wp-json\/wp\/v2\/product_brand?post=83209"},{"taxonomy":"product_cat","embeddable":true,"href":"https:\/\/poppers-online.ch\/it\/wp-json\/wp\/v2\/product_cat?post=83209"},{"taxonomy":"product_tag","embeddable":true,"href":"https:\/\/poppers-online.ch\/it\/wp-json\/wp\/v2\/product_tag?post=83209"}],"curies":[{"name":"wp","href":"https:\/\/api.w.org\/{rel}","templated":true}]}}