{"id":8313,"date":"2021-12-27T14:58:40","date_gmt":"2021-12-27T13:58:40","guid":{"rendered":"https:\/\/poppers-online.ch\/?post_type=product&#038;p=8313"},"modified":"2024-10-16T00:50:32","modified_gmt":"2024-10-15T22:50:32","slug":"lubrificante-heros-a-base-di-silicone-200ml","status":"publish","type":"product","link":"https:\/\/poppers-online.ch\/it\/prodotto\/lubrificante-heros-a-base-di-silicone-200ml\/","title":{"rendered":"Lubrificante Heros a base di silicone 200ml"},"content":{"rendered":"<p>Il lubrificante HEROS 200 ml \u00e8 a base di silicone. I lubrificanti al silicone sono un po&#8217; pi\u00f9 costosi, ma offrono alcuni vantaggi significativi. HEROS ha una lubrificazione extra-lunga perch\u00e9 le molecole di silicone rimangono pi\u00f9 a lungo sulla pelle. Cos\u00ec non devi continuare a riapplicare. HEROS \u00e8 anche particolarmente amico della pelle, senza olio e compatibile con i preservativi in lattice. Grazie alla sua ottima lubrificazione, si pu\u00f2 anche usare HEROS per il massaggio. Rispetto ad altri lubrificanti a base di silicone, HEROS \u00e8 super concentrato. Prova HEROS e lascia una recensione su questa pagina. Il lubrificante HEROS \u00e8 disponibile in bottiglie da 200ml e 500ml.<\/p>\n","protected":false},"excerpt":{"rendered":"<p>Il Lubrificante Heros a base di silicone 200ml \u00e8 a base di silicone. I lubrificanti al silicone sono un po&#8217; pi\u00f9 costosi, ma offrono alcuni vantaggi significativi. HEROS ha una lubrificazione extra-lunga perch\u00e9 le molecole di silicone rimangono pi\u00f9 a lungo sulla pelle. Cos\u00ec non devi continuare a riapplicare. HEROS \u00e8 anche particolarmente amico della pelle, senza olio e compatibile con i preservativi in lattice. Grazie alla sua ottima lubrificazione, si pu\u00f2 anche usare HEROS per il massaggio. Rispetto ad altri lubrificanti a base di silicone, HEROS \u00e8 super concentrato. Prova HEROS e lascia una recensione su questa pagina. Il lubrificante HEROS \u00e8 disponibile in bottiglie da 200ml e 500ml.<\/p>\n","protected":false},"featured_media":130766,"comment_status":"open","ping_status":"closed","template":"","meta":{"_acf_changed":false,"iawp_total_views":2,"_glsr_average":0,"_glsr_ranking":0,"_glsr_reviews":0},"product_brand":[],"product_cat":[2068,168],"product_tag":[],"class_list":{"0":"post-8313","1":"product","2":"type-product","3":"status-publish","4":"has-post-thumbnail","6":"product_cat-lubrificanti","7":"product_cat-farmacia","9":"first","10":"instock","11":"taxable","12":"shipping-taxable","13":"purchasable","14":"product-type-simple"},"acf":[],"_links":{"self":[{"href":"https:\/\/poppers-online.ch\/it\/wp-json\/wp\/v2\/product\/8313","targetHints":{"allow":["GET"]}}],"collection":[{"href":"https:\/\/poppers-online.ch\/it\/wp-json\/wp\/v2\/product"}],"about":[{"href":"https:\/\/poppers-online.ch\/it\/wp-json\/wp\/v2\/types\/product"}],"replies":[{"embeddable":true,"href":"https:\/\/poppers-online.ch\/it\/wp-json\/wp\/v2\/comments?post=8313"}],"wp:featuredmedia":[{"embeddable":true,"href":"https:\/\/poppers-online.ch\/it\/wp-json\/wp\/v2\/media\/130766"}],"wp:attachment":[{"href":"https:\/\/poppers-online.ch\/it\/wp-json\/wp\/v2\/media?parent=8313"}],"wp:term":[{"taxonomy":"product_brand","embeddable":true,"href":"https:\/\/poppers-online.ch\/it\/wp-json\/wp\/v2\/product_brand?post=8313"},{"taxonomy":"product_cat","embeddable":true,"href":"https:\/\/poppers-online.ch\/it\/wp-json\/wp\/v2\/product_cat?post=8313"},{"taxonomy":"product_tag","embeddable":true,"href":"https:\/\/poppers-online.ch\/it\/wp-json\/wp\/v2\/product_tag?post=8313"}],"curies":[{"name":"wp","href":"https:\/\/api.w.org\/{rel}","templated":true}]}}