{"id":80093,"date":"2023-12-09T12:17:01","date_gmt":"2023-12-09T11:17:01","guid":{"rendered":"https:\/\/poppers-online.ch\/?post_type=product&#038;p=80093"},"modified":"2025-08-18T17:50:28","modified_gmt":"2025-08-18T15:50:28","slug":"popper-super-rush-10ml","status":"publish","type":"product","link":"https:\/\/poppers-online.ch\/it\/prodotto\/popper-super-rush-10ml\/","title":{"rendered":"Super Rush Popper 10ml"},"content":{"rendered":"","protected":false},"excerpt":{"rendered":"<p><span style=\"font-weight: 400\">Il <strong>Super Rush Popper 10ml <\/strong>\u00e8 pi\u00f9 intenso e dura pi\u00f9 a lungo del Rush tradizionale. Contiene il vecchio nitrito di pentile originale. La famiglia di prodotti Rush comprende diversi Rush Popper: ad esempio, c&#8217;\u00e8 Mega Rush, Rush EU-Formula, Rush Ultra Strong, Rush Extra Strong, White Rush e Black Rush. Il Super Rush Popper rosso con intensit\u00e0 5 \u00e8 uno dei Popper Rush pi\u00f9 forti e offre ancora pi\u00f9 piacere durante il sesso disinibito e una potenza esplosiva.  <\/span><\/p>\n","protected":false},"featured_media":80101,"comment_status":"open","ping_status":"closed","template":"","meta":{"_acf_changed":false,"iawp_total_views":2,"_glsr_average":0,"_glsr_ranking":0,"_glsr_reviews":0},"product_brand":[],"product_cat":[112],"product_tag":[1889],"class_list":{"0":"post-80093","1":"product","2":"type-product","3":"status-publish","4":"has-post-thumbnail","6":"product_cat-boccette-piccole","7":"product_tag-popper-super-rush-10ml","8":"pa_flaschenform-rotonda-piccola","9":"pa_gewindegroesse-piccola","10":"pa_inhalt-10ml","11":"pa_inhaltsstoffe-nitrito-di-pentile","12":"pa_marke-rush-popper","13":"pa_staerke-103","15":"first","16":"instock","17":"taxable","18":"shipping-taxable","19":"purchasable","20":"product-type-simple"},"acf":[],"_links":{"self":[{"href":"https:\/\/poppers-online.ch\/it\/wp-json\/wp\/v2\/product\/80093","targetHints":{"allow":["GET"]}}],"collection":[{"href":"https:\/\/poppers-online.ch\/it\/wp-json\/wp\/v2\/product"}],"about":[{"href":"https:\/\/poppers-online.ch\/it\/wp-json\/wp\/v2\/types\/product"}],"replies":[{"embeddable":true,"href":"https:\/\/poppers-online.ch\/it\/wp-json\/wp\/v2\/comments?post=80093"}],"wp:featuredmedia":[{"embeddable":true,"href":"https:\/\/poppers-online.ch\/it\/wp-json\/wp\/v2\/media\/80101"}],"wp:attachment":[{"href":"https:\/\/poppers-online.ch\/it\/wp-json\/wp\/v2\/media?parent=80093"}],"wp:term":[{"taxonomy":"product_brand","embeddable":true,"href":"https:\/\/poppers-online.ch\/it\/wp-json\/wp\/v2\/product_brand?post=80093"},{"taxonomy":"product_cat","embeddable":true,"href":"https:\/\/poppers-online.ch\/it\/wp-json\/wp\/v2\/product_cat?post=80093"},{"taxonomy":"product_tag","embeddable":true,"href":"https:\/\/poppers-online.ch\/it\/wp-json\/wp\/v2\/product_tag?post=80093"}],"curies":[{"name":"wp","href":"https:\/\/api.w.org\/{rel}","templated":true}]}}