{"id":80071,"date":"2023-12-09T11:51:21","date_gmt":"2023-12-09T10:51:21","guid":{"rendered":"https:\/\/poppers-online.ch\/?post_type=product&#038;p=80071"},"modified":"2025-10-23T12:50:07","modified_gmt":"2025-10-23T10:50:07","slug":"amsterdam-black-extra-strong-poppers-10ml","status":"publish","type":"product","link":"https:\/\/poppers-online.ch\/it\/prodotto\/amsterdam-black-extra-strong-poppers-10ml\/","title":{"rendered":"Amsterdam Black Extra Strong Poppers 10ml"},"content":{"rendered":"<p><span style=\"font-weight: 400\">Hulk Ultra Strong \u00e8 basato sul nitrito di pentile originale. Hulk Extra Strong non \u00e8 solo un&#8217;ottima aggiunta durante il sesso, ma fornisce anche una spinta in pi\u00f9 durante una festa, un club, un concerto o un festival. Sperimentate come i colori diventino per un attimo pi\u00f9 caldi e la musica vi pervada per un attimo. Con i Popper verdi Hulk Ultra Strong sorprenderete sicuramente i vostri amici. Se non sapete come sniffare i popper, leggete attentamente la sezione FAQ di questo sito. Non bevete popper!<\/span><\/p>\n","protected":false},"excerpt":{"rendered":"<p><span style=\"font-weight: 400;\">L&#8217;<strong>Amsterdam Black Extra Strong Poppers 10ml<\/strong> \u00e8 un prodotto di qualit\u00e0 a base di nitrito di pentile ed \u00e8 la versione nera e intensa dell&#8217;Amsterdam Poppers. I popper di Amsterdam sono sul mercato da quando esistono i popper. La famiglia Amsterdam \u00e8 composta da diversi Amsterdam Popper, ad esempio. Ad esempio, Amsterdam Special Poppers, The Real Amsterdam Poppers o New Amsterdam Poppers. La versione nera e intensa dell&#8217;Amsterdam Poppers vi porter\u00e0 in un&#8217;avventura sessuale e non dovrebbe assolutamente mancare nella vostra collezione di poppers. Provate i Popper Amsterdam Black Extra Strong durante la vostra prossima sessione intensa.<\/span><\/p>\n","protected":false},"featured_media":86231,"comment_status":"open","ping_status":"closed","template":"","meta":{"_acf_changed":false,"iawp_total_views":5,"_glsr_average":0,"_glsr_ranking":0,"_glsr_reviews":0},"product_brand":[],"product_cat":[112],"product_tag":[1885],"class_list":{"0":"post-80071","1":"product","2":"type-product","3":"status-publish","4":"has-post-thumbnail","6":"product_cat-boccette-piccole","7":"product_tag-amsterdam-black-extra-strong-poppers-10ml-it","8":"pa_flaschenform-rotonda-piccola","9":"pa_gewindegroesse-piccola","10":"pa_inhalt-10ml","11":"pa_inhaltsstoffe-nitrito-di-pentile","12":"pa_marke-amsterdam-popper","13":"pa_staerke-103","15":"first","16":"instock","17":"taxable","18":"shipping-taxable","19":"purchasable","20":"product-type-simple"},"acf":[],"_links":{"self":[{"href":"https:\/\/poppers-online.ch\/it\/wp-json\/wp\/v2\/product\/80071","targetHints":{"allow":["GET"]}}],"collection":[{"href":"https:\/\/poppers-online.ch\/it\/wp-json\/wp\/v2\/product"}],"about":[{"href":"https:\/\/poppers-online.ch\/it\/wp-json\/wp\/v2\/types\/product"}],"replies":[{"embeddable":true,"href":"https:\/\/poppers-online.ch\/it\/wp-json\/wp\/v2\/comments?post=80071"}],"wp:featuredmedia":[{"embeddable":true,"href":"https:\/\/poppers-online.ch\/it\/wp-json\/wp\/v2\/media\/86231"}],"wp:attachment":[{"href":"https:\/\/poppers-online.ch\/it\/wp-json\/wp\/v2\/media?parent=80071"}],"wp:term":[{"taxonomy":"product_brand","embeddable":true,"href":"https:\/\/poppers-online.ch\/it\/wp-json\/wp\/v2\/product_brand?post=80071"},{"taxonomy":"product_cat","embeddable":true,"href":"https:\/\/poppers-online.ch\/it\/wp-json\/wp\/v2\/product_cat?post=80071"},{"taxonomy":"product_tag","embeddable":true,"href":"https:\/\/poppers-online.ch\/it\/wp-json\/wp\/v2\/product_tag?post=80071"}],"curies":[{"name":"wp","href":"https:\/\/api.w.org\/{rel}","templated":true}]}}