{"id":78213,"date":"2023-11-23T15:03:02","date_gmt":"2023-11-23T14:03:02","guid":{"rendered":"https:\/\/poppers-online.ch\/produkt\/o-boy-massaggiatore-prostatico-a-7-velocita-nero\/"},"modified":"2023-11-23T15:06:39","modified_gmt":"2023-11-23T14:06:39","slug":"o-boy-7-velocita-prostata-masseur-nero","status":"publish","type":"product","link":"https:\/\/poppers-online.ch\/it\/prodotto\/o-boy-7-velocita-prostata-masseur-nero\/","title":{"rendered":"O-Boy Massaggiatore prostatico a 7 velocit\u00e0 nero"},"content":{"rendered":"","protected":false},"excerpt":{"rendered":"<p>Questo morbidissimo massaggiatore a doppia azione per il perineo e la prostata \u00e8 dotato di due protuberanze per una tenuta ottimale e un divertimento ancora maggiore durante l&#8217;inserimento. 10 funzioni di velocit\u00e0 e pulsazione e la ricarica tramite USB assicurano prestazioni senza compromessi con il massimo comfort. Il vibratore bullet rimovibile e ricaricabile a 10 velocit\u00e0 delizia con un intenso massaggio a doppia azione del perineo e della prostata. La sua testa ricurva \u00e8 facile da inserire e stimola in modo preciso il punto P. Ogni rigonfiamento fornisce una stimolazione supplementare sia nel corpo che durante l&#8217;inserimento. Se cercate un massaggiatore prostatico di medie dimensioni, il massaggiatore prostatico Bad-Boy Intense a 10 velocit\u00e0 \u00e8 quello che fa per voi.<\/p>\n<p>&nbsp;<\/p>\n<p>Il suo corpo in silicone ultra morbido, con una superficie incredibilmente liscia, \u00e8 particolarmente facile da inserire. Una volta inserito, il massaggiatore prostatico mantiene la posizione da solo grazie al suo design ergonomico, lasciando le mani libere per altre zone erogene su di s\u00e9 o sul partner. Il massaggiatore prostatico Bad-Boy Intense a 10 velocit\u00e0 \u00e8 impermeabile al 100% e pu\u00f2 essere completamente immerso. Dopo tutto, i massaggi prostatici sono estremamente attraenti anche al di fuori della camera da letto! A volte \u00e8 molto, molto bello essere un ragazzaccio, soprattutto con il massaggiatore prostatico Bad-Boy Intense!<\/p>\n<p>&nbsp;<\/p>\n<p>Proiettile di potenza &#8216;Ignition&#8217; con 10 livelli di vibrazione e pulsazione<br \/>\nPer un massaggio intensivo del perineo e della prostata<br \/>\nRicaricabile via USB<br \/>\n100% impermeabile e completamente sommergibile<br \/>\nRealizzato in silicone premium morbido e flessibile<br \/>\nFino a 60 minuti di autonomia con una singola carica<br \/>\nPremere il pulsante di accensione per 3 secondi per accendere\/spegnere il dispositivo.<\/p>\n<p>Lunghezza totale: circa 14,5 cm<br \/>\nLunghezza inseribile: circa 11,7 cm<br \/>\nDiametro del massaggiatore: circa 2,2 &#8211; 3 cm<br \/>\nAlimentazione: ricaricabile via USB<br \/>\nMateriale: silicone premium, ABS rivestito in metallo<br \/>\nColore: nero onice<\/p>\n","protected":false},"featured_media":78209,"comment_status":"closed","ping_status":"closed","template":"","meta":{"_acf_changed":false,"iawp_total_views":2,"_glsr_average":0,"_glsr_ranking":0,"_glsr_reviews":0},"product_brand":[],"product_cat":[2086,172],"product_tag":[1814],"class_list":{"0":"post-78213","1":"product","2":"type-product","3":"status-publish","4":"has-post-thumbnail","6":"product_cat-anal-play","7":"product_cat-sex-toys","8":"product_tag-o-boy-massaggiatore-prostatico-a-7-velocita-nero","10":"first","11":"outofstock","12":"taxable","13":"shipping-taxable","14":"purchasable","15":"product-type-simple"},"acf":[],"_links":{"self":[{"href":"https:\/\/poppers-online.ch\/it\/wp-json\/wp\/v2\/product\/78213","targetHints":{"allow":["GET"]}}],"collection":[{"href":"https:\/\/poppers-online.ch\/it\/wp-json\/wp\/v2\/product"}],"about":[{"href":"https:\/\/poppers-online.ch\/it\/wp-json\/wp\/v2\/types\/product"}],"replies":[{"embeddable":true,"href":"https:\/\/poppers-online.ch\/it\/wp-json\/wp\/v2\/comments?post=78213"}],"wp:featuredmedia":[{"embeddable":true,"href":"https:\/\/poppers-online.ch\/it\/wp-json\/wp\/v2\/media\/78209"}],"wp:attachment":[{"href":"https:\/\/poppers-online.ch\/it\/wp-json\/wp\/v2\/media?parent=78213"}],"wp:term":[{"taxonomy":"product_brand","embeddable":true,"href":"https:\/\/poppers-online.ch\/it\/wp-json\/wp\/v2\/product_brand?post=78213"},{"taxonomy":"product_cat","embeddable":true,"href":"https:\/\/poppers-online.ch\/it\/wp-json\/wp\/v2\/product_cat?post=78213"},{"taxonomy":"product_tag","embeddable":true,"href":"https:\/\/poppers-online.ch\/it\/wp-json\/wp\/v2\/product_tag?post=78213"}],"curies":[{"name":"wp","href":"https:\/\/api.w.org\/{rel}","templated":true}]}}