{"id":78121,"date":"2023-11-22T22:20:19","date_gmt":"2023-11-22T21:23:19","guid":{"rendered":"https:\/\/poppers-online.ch\/produkt\/tettarella-per-capezzoli-colt-muscle-nips-pump\/"},"modified":"2023-11-22T22:23:19","modified_gmt":"2023-11-22T21:23:19","slug":"colt-muscolo-nips-pompa-nipple-succhiatore","status":"publish","type":"product","link":"https:\/\/poppers-online.ch\/it\/prodotto\/colt-muscolo-nips-pompa-nipple-succhiatore\/","title":{"rendered":"Tettarella per capezzoli COLT Muscle Nips Pump"},"content":{"rendered":"","protected":false},"excerpt":{"rendered":"<p>Questa ventosa per capezzoli ad alte prestazioni offre molte possibilit\u00e0 di stimolazione professionale dei capezzoli. Poich\u00e9 i cilindri sono trasparenti, l&#8217;intensit\u00e0 dell&#8217;effetto di aspirazione pu\u00f2 essere letta all&#8217;interno in qualsiasi momento e dosata facilmente.<\/p>\n<p>Gli ampi cilindri di aspirazione flangiati e trasparenti mantengono un vuoto costante, indipendentemente dal fatto che sia particolarmente basso o particolarmente alto. Grazie a 2 valvole rotanti regolabili separatamente nel tubo flessibile, il vuoto pu\u00f2 essere distribuito in modo uniforme o non uniforme a entrambi i cilindri. Se necessario, \u00e8 possibile utilizzare un cilindro di aspirazione anche da solo.<\/p>\n<p>All&#8217;estremit\u00e0 di ciascun cilindro di aspirazione si trova una valvola di serraggio bianca con un blocco metallico. In questo modo \u00e8 possibile rimuovere il tubo dal cilindro di aspirazione con una sola pressione delle dita, senza perdere il vuoto all&#8217;interno. Collegare il cilindro, impostare l&#8217;intensit\u00e0 di aspirazione, scollegare e il gioco \u00e8 fatto.<\/p>\n<p>La grande pompa di aspirazione a nipplo pu\u00f2 essere azionata in modo intuitivo con una sola mano e consente un dosaggio molto preciso del vuoto. Una valvola a rilascio rapido nella parte superiore della pompa, dotata di un robusto pulsante, garantisce una rapida riduzione dell&#8217;effetto di aspirazione, se necessario. I cilindri di aspirazione sono generosamente dimensionati a 2,5 cm. Ideale per stimolare i capezzoli, ma molto adatto anche ad altre zone sensibili del corpo.<\/p>\n<p>Dettagli del prodotto<\/p>\n<p>\u2713 2 cilindri di aspirazione ad alte prestazioni con effetto di aspirazione regolabile con precisione<br \/>\n\u2713 Effetto di aspirazione regolabile da delicato a estremo<br \/>\n\u2713 Con un diametro di 2,5 cm, ideale per capezzoli e altre parti del corpo<br \/>\n\u2713 2 valvole rotanti stabili per l&#8217;aspirazione sincrona e asincrona<br \/>\n\u2713 I tubi possono essere rimossi con una sola mano con un effetto di aspirazione prolungato<br \/>\n\u2713 Pompa grande e scorrevole, utilizzabile con una sola mano<br \/>\n\u2713 Valvola di scarico fulminea<br \/>\n\u2713 Tubi flessibili realizzati al 100% in silicone<\/p>\n<p>Lunghezza totale: circa 70 cm<br \/>\nDiametro dei cilindri di aspirazione: circa 3 cm<br \/>\nDiametro interno delle aperture di aspirazione: circa 2,5 cm.<br \/>\nMateriale: acrilico (cilindro di aspirazione), silicone (tubi flessibili), ABS (pompa e valvole), POM (connessioni)<br \/>\nColore: nero, rosso, bianco<\/p>\n","protected":false},"featured_media":78108,"comment_status":"closed","ping_status":"closed","template":"","meta":{"_acf_changed":false,"iawp_total_views":2,"_glsr_average":0,"_glsr_ranking":0,"_glsr_reviews":0},"product_brand":[],"product_cat":[2101,172],"product_tag":[1802],"class_list":{"0":"post-78121","1":"product","2":"type-product","3":"status-publish","4":"has-post-thumbnail","6":"product_cat-nipple-play","7":"product_cat-sex-toys","8":"product_tag-tettarella-per-capezzoli-colt-muscle-nips-pump","10":"first","11":"instock","12":"taxable","13":"shipping-taxable","14":"purchasable","15":"product-type-simple"},"acf":[],"_links":{"self":[{"href":"https:\/\/poppers-online.ch\/it\/wp-json\/wp\/v2\/product\/78121","targetHints":{"allow":["GET"]}}],"collection":[{"href":"https:\/\/poppers-online.ch\/it\/wp-json\/wp\/v2\/product"}],"about":[{"href":"https:\/\/poppers-online.ch\/it\/wp-json\/wp\/v2\/types\/product"}],"replies":[{"embeddable":true,"href":"https:\/\/poppers-online.ch\/it\/wp-json\/wp\/v2\/comments?post=78121"}],"wp:featuredmedia":[{"embeddable":true,"href":"https:\/\/poppers-online.ch\/it\/wp-json\/wp\/v2\/media\/78108"}],"wp:attachment":[{"href":"https:\/\/poppers-online.ch\/it\/wp-json\/wp\/v2\/media?parent=78121"}],"wp:term":[{"taxonomy":"product_brand","embeddable":true,"href":"https:\/\/poppers-online.ch\/it\/wp-json\/wp\/v2\/product_brand?post=78121"},{"taxonomy":"product_cat","embeddable":true,"href":"https:\/\/poppers-online.ch\/it\/wp-json\/wp\/v2\/product_cat?post=78121"},{"taxonomy":"product_tag","embeddable":true,"href":"https:\/\/poppers-online.ch\/it\/wp-json\/wp\/v2\/product_tag?post=78121"}],"curies":[{"name":"wp","href":"https:\/\/api.w.org\/{rel}","templated":true}]}}