{"id":78013,"date":"2023-11-22T15:45:44","date_gmt":"2023-11-22T14:47:14","guid":{"rendered":"https:\/\/poppers-online.ch\/produkt\/pompa-worx-mega-vac\/"},"modified":"2023-11-22T15:47:14","modified_gmt":"2023-11-22T14:47:14","slug":"pompa-worx-mega-vac-power-pump","status":"publish","type":"product","link":"https:\/\/poppers-online.ch\/it\/prodotto\/pompa-worx-mega-vac-power-pump\/","title":{"rendered":"Pompa Worx Mega-Vac"},"content":{"rendered":"","protected":false},"excerpt":{"rendered":"<div>Il metodo rilassante per dare al vostro membro pi\u00f9 dimensioni e forza. Pump Worx Mega-Vac Power Pump \u00e8 una pompa automatica per il pene che fa tutto il lavoro al posto vostro. Sperimentate un&#8217;erezione pulsante e un ingrossamento permanente del pene. Premendo la testa, il potente motore crea un vuoto fortissimo che influisce immediatamente sulla lunghezza e sul diametro del pene. L&#8217;apertura in morbido TPR racchiude delicatamente il membro per una tenuta completamente ermetica. Il motore assicura una funzione di aspirazione automatica senza la necessit\u00e0 di pompare. \u00c8 sufficiente appoggiarsi, godersi e sperimentare i cambiamenti attraverso il cilindro trasparente. Il cilindro acrilico \u00e8 dotato di una tabella di misurazione che rende immediatamente misurabile l&#8217;ingrandimento. Una volta raggiunta la dimensione desiderata, la pressione pu\u00f2 essere rilasciata immediatamente tramite un pulsante di rilascio rapido. Dopo l&#8217;uso della pompa, l&#8217;eiaculazione pu\u00f2 essere prolungata con l&#8217;anello per il cazzo in dotazione. Per garantire il funzionamento e la qualit\u00e0 della pompa nel tempo, \u00e8 necessario pulirla con un detergente per giocattoli e acqua calda dopo ogni utilizzo.<\/div>\n<div><\/div>\n<div>Lunghezza totale: circa 27 cm<\/div>\n<div>Diametro: circa 5,6 cm<\/div>\n<div>Batterie: 2 batterie AA (non incluse)<\/div>\n<div>Materiale: plastica ABS, TPR, acrilico<\/div>\n","protected":false},"featured_media":78010,"comment_status":"closed","ping_status":"closed","template":"","meta":{"_acf_changed":false,"iawp_total_views":1,"_glsr_average":0,"_glsr_ranking":0,"_glsr_reviews":0},"product_brand":[],"product_cat":[2098,172],"product_tag":[1773],"class_list":{"0":"post-78013","1":"product","2":"type-product","3":"status-publish","4":"has-post-thumbnail","6":"product_cat-agrandir-penis","7":"product_cat-sex-toys","8":"product_tag-pompa-worx-mega-vac","10":"first","11":"outofstock","12":"taxable","13":"shipping-taxable","14":"purchasable","15":"product-type-simple"},"acf":[],"_links":{"self":[{"href":"https:\/\/poppers-online.ch\/it\/wp-json\/wp\/v2\/product\/78013","targetHints":{"allow":["GET"]}}],"collection":[{"href":"https:\/\/poppers-online.ch\/it\/wp-json\/wp\/v2\/product"}],"about":[{"href":"https:\/\/poppers-online.ch\/it\/wp-json\/wp\/v2\/types\/product"}],"replies":[{"embeddable":true,"href":"https:\/\/poppers-online.ch\/it\/wp-json\/wp\/v2\/comments?post=78013"}],"wp:featuredmedia":[{"embeddable":true,"href":"https:\/\/poppers-online.ch\/it\/wp-json\/wp\/v2\/media\/78010"}],"wp:attachment":[{"href":"https:\/\/poppers-online.ch\/it\/wp-json\/wp\/v2\/media?parent=78013"}],"wp:term":[{"taxonomy":"product_brand","embeddable":true,"href":"https:\/\/poppers-online.ch\/it\/wp-json\/wp\/v2\/product_brand?post=78013"},{"taxonomy":"product_cat","embeddable":true,"href":"https:\/\/poppers-online.ch\/it\/wp-json\/wp\/v2\/product_cat?post=78013"},{"taxonomy":"product_tag","embeddable":true,"href":"https:\/\/poppers-online.ch\/it\/wp-json\/wp\/v2\/product_tag?post=78013"}],"curies":[{"name":"wp","href":"https:\/\/api.w.org\/{rel}","templated":true}]}}