{"id":78005,"date":"2023-11-22T15:33:59","date_gmt":"2023-11-22T14:33:59","guid":{"rendered":"https:\/\/poppers-online.ch\/produkt\/ingranditore-del-pene-pump-worx-max-width\/"},"modified":"2023-11-22T15:38:30","modified_gmt":"2023-11-22T14:38:30","slug":"pompa-worx-larghezza-massima-pene-ingranditore","status":"publish","type":"product","link":"https:\/\/poppers-online.ch\/it\/prodotto\/pompa-worx-larghezza-massima-pene-ingranditore\/","title":{"rendered":"Ingranditore del pene PUMP WORX Max-Width"},"content":{"rendered":"","protected":false},"excerpt":{"rendered":"<div>Se volete rafforzare la vostra virilit\u00e0 senza l&#8217;aiuto di un medico, allora questo ingranditore del pene PUMP WORX Max-Width \u00e8 esattamente ci\u00f2 che vi serve per raggiungere il vostro obiettivo. Ad ogni trazione dell&#8217;impugnatura della pompa, la pressione aumenta e il pene diventa pi\u00f9 grande e pi\u00f9 spesso, mentre l&#8217;apertura in morbido lattice racchiude completamente il pene e fornisce il vuoto necessario. \u00c8 possibile monitorare i progressi attraverso il contenitore trasparente. Per motivi di sicurezza, la pompa \u00e8 dotata di una valvola ad apertura rapida che garantisce una rapida depressurizzazione. Dopo l&#8217;uso, il cilindro deve essere rimosso e pulito con un detergente per giocattoli e acqua calda. Con cockring gratuito.<\/div>\n<div><\/div>\n<div>Lunghezza totale: circa 21 cm<\/div>\n<div>Lunghezza inseribile: circa 20,5 cm<\/div>\n<div>Diametro: circa 7 cm<\/div>\n","protected":false},"featured_media":77999,"comment_status":"closed","ping_status":"closed","template":"","meta":{"_acf_changed":false,"iawp_total_views":1,"_glsr_average":0,"_glsr_ranking":0,"_glsr_reviews":0},"product_brand":[],"product_cat":[2098,172],"product_tag":[],"class_list":{"0":"post-78005","1":"product","2":"type-product","3":"status-publish","4":"has-post-thumbnail","6":"product_cat-agrandir-penis","7":"product_cat-sex-toys","9":"first","10":"outofstock","11":"taxable","12":"shipping-taxable","13":"purchasable","14":"product-type-simple"},"acf":[],"_links":{"self":[{"href":"https:\/\/poppers-online.ch\/it\/wp-json\/wp\/v2\/product\/78005","targetHints":{"allow":["GET"]}}],"collection":[{"href":"https:\/\/poppers-online.ch\/it\/wp-json\/wp\/v2\/product"}],"about":[{"href":"https:\/\/poppers-online.ch\/it\/wp-json\/wp\/v2\/types\/product"}],"replies":[{"embeddable":true,"href":"https:\/\/poppers-online.ch\/it\/wp-json\/wp\/v2\/comments?post=78005"}],"wp:featuredmedia":[{"embeddable":true,"href":"https:\/\/poppers-online.ch\/it\/wp-json\/wp\/v2\/media\/77999"}],"wp:attachment":[{"href":"https:\/\/poppers-online.ch\/it\/wp-json\/wp\/v2\/media?parent=78005"}],"wp:term":[{"taxonomy":"product_brand","embeddable":true,"href":"https:\/\/poppers-online.ch\/it\/wp-json\/wp\/v2\/product_brand?post=78005"},{"taxonomy":"product_cat","embeddable":true,"href":"https:\/\/poppers-online.ch\/it\/wp-json\/wp\/v2\/product_cat?post=78005"},{"taxonomy":"product_tag","embeddable":true,"href":"https:\/\/poppers-online.ch\/it\/wp-json\/wp\/v2\/product_tag?post=78005"}],"curies":[{"name":"wp","href":"https:\/\/api.w.org\/{rel}","templated":true}]}}