{"id":77986,"date":"2023-11-22T15:16:07","date_gmt":"2023-11-22T14:17:54","guid":{"rendered":"https:\/\/poppers-online.ch\/produkt\/pump-worx-pompa-di-potenza-per-principianti-nera\/"},"modified":"2023-11-22T15:17:54","modified_gmt":"2023-11-22T14:17:54","slug":"pompa-worx-principianti-power-pump-nero","status":"publish","type":"product","link":"https:\/\/poppers-online.ch\/it\/prodotto\/pompa-worx-principianti-power-pump-nero\/","title":{"rendered":"Pump Worx &#8211; Pompa di potenza per principianti nera"},"content":{"rendered":"","protected":false},"excerpt":{"rendered":"<div>L&#8217;ultimo Pump Worx &#8211; Beginners Power Pump nero per principianti, che offre la possibilit\u00e0 di osservare ogni cambiamento del pene grazie al suo cilindro trasparente. Il vostro cazzo crescer\u00e0 fino a raggiungere dimensioni incredibili con il Power Pump per principianti! Ogni volta che si preme la pompetta, la barra diventa pi\u00f9 spessa e cresce sempre di pi\u00f9. Per motivi di sicurezza, la pompa \u00e8 dotata di una valvola ad apertura rapida che garantisce una rapida depressurizzazione. Per prolungare l&#8217;erezione, fate scorrere l&#8217;anello per il cazzo incluso sul vostro pezzo migliore. Il manicotto in gomma \u00e8 elastico e adatto a tutte le dimensioni del pene. Facile da pulire con acqua calda o con un detergente per giocattoli.<\/div>\n<div><\/div>\n<div>Lunghezza inseribile: circa 19 cm<\/div>\n<div>Lunghezza totale: circa 20 cm<\/div>\n<div>Diametro: circa 4,6 cm<\/div>\n<div>Materiale: plastica ABS<\/div>\n","protected":false},"featured_media":77983,"comment_status":"closed","ping_status":"closed","template":"","meta":{"_acf_changed":false,"iawp_total_views":0,"_glsr_average":0,"_glsr_ranking":0,"_glsr_reviews":0},"product_brand":[],"product_cat":[2098,172],"product_tag":[1765],"class_list":{"0":"post-77986","1":"product","2":"type-product","3":"status-publish","4":"has-post-thumbnail","6":"product_cat-agrandir-penis","7":"product_cat-sex-toys","8":"product_tag-pump-worx-pompa-di-potenza-per-principianti-nera","10":"first","11":"instock","12":"taxable","13":"shipping-taxable","14":"purchasable","15":"product-type-simple"},"acf":[],"_links":{"self":[{"href":"https:\/\/poppers-online.ch\/it\/wp-json\/wp\/v2\/product\/77986","targetHints":{"allow":["GET"]}}],"collection":[{"href":"https:\/\/poppers-online.ch\/it\/wp-json\/wp\/v2\/product"}],"about":[{"href":"https:\/\/poppers-online.ch\/it\/wp-json\/wp\/v2\/types\/product"}],"replies":[{"embeddable":true,"href":"https:\/\/poppers-online.ch\/it\/wp-json\/wp\/v2\/comments?post=77986"}],"wp:featuredmedia":[{"embeddable":true,"href":"https:\/\/poppers-online.ch\/it\/wp-json\/wp\/v2\/media\/77983"}],"wp:attachment":[{"href":"https:\/\/poppers-online.ch\/it\/wp-json\/wp\/v2\/media?parent=77986"}],"wp:term":[{"taxonomy":"product_brand","embeddable":true,"href":"https:\/\/poppers-online.ch\/it\/wp-json\/wp\/v2\/product_brand?post=77986"},{"taxonomy":"product_cat","embeddable":true,"href":"https:\/\/poppers-online.ch\/it\/wp-json\/wp\/v2\/product_cat?post=77986"},{"taxonomy":"product_tag","embeddable":true,"href":"https:\/\/poppers-online.ch\/it\/wp-json\/wp\/v2\/product_tag?post=77986"}],"curies":[{"name":"wp","href":"https:\/\/api.w.org\/{rel}","templated":true}]}}