{"id":77846,"date":"2023-11-21T19:58:06","date_gmt":"2023-11-21T18:58:06","guid":{"rendered":"https:\/\/poppers-online.ch\/produkt\/king-cock-28-cm-cavo-strap-on\/"},"modified":"2023-11-21T19:59:43","modified_gmt":"2023-11-21T18:59:43","slug":"king-cock-28-cm-cavo-strap-on","status":"publish","type":"product","link":"https:\/\/poppers-online.ch\/it\/prodotto\/king-cock-28-cm-cavo-strap-on\/","title":{"rendered":"King Cock 28 cm Cavo Strap On"},"content":{"rendered":"","protected":false},"excerpt":{"rendered":"<p>Il King Cock 11 inch Hollow Strap-On \u00e8 un sistema di dildo strap-on per tutti coloro che preferiscono la penetrazione con calibri pi\u00f9 grandi.<\/p>\n<p>Un dildo massiccio con una lunghezza totale di circa 28 cm e un diametro di circa 6,4 cm viene tenuto in posizione con questo sistema di imbracatura con tracolla. Il dildo King Cock \u00e8 cavo all&#8217;interno in modo da poter ospitare anche il pene. La Hollow Strap-On pu\u00f2 essere adattata perfettamente al corpo grazie alle cinghie regolabili sulle spalle e sui fianchi.<\/p>\n<p>Il dildo stesso \u00e8 tenuto nello strap-on per mezzo di un O-ring e di una cinghia bloccabile e regolabile in lunghezza intorno all&#8217;asta del dildo. Le quattro cinghie di nylon attaccate all&#8217;O-ring forniscono ulteriore stabilit\u00e0 per un approccio pi\u00f9 intensivo.<\/p>\n<p>Lo strap-on \u00e8 realizzato in robusto vinile ed \u00e8 fissato al corpo con cinghie di nylon regolabili intorno ai fianchi e sulle spalle. L&#8217;O-ring metallico \u00e8 collegato allo strap-on con bottoni a pressione. La cinghia di ritenzione aggiuntiva \u00e8 fissata all&#8217;asta del dildo con il velcro.<\/p>\n<p>Il dildo King Cock da 11 pollici \u00e8 realizzato in PVC privo di ftalati e delicato per il corpo.<\/p>\n<p>Incluso:<br \/>\n&#8211; Imbracatura con cinturino<br \/>\n&#8211; Dildo cavo da 28 cm<br \/>\n&#8211; Gratis 1 oz. Lozione idratante per il corpo<br \/>\n&#8211; Gratis 1 oz. Pulitore per giocattoli Refresh<\/p>\n<p>Dimensioni del dildo:<br \/>\nLunghezza totale: circa 28 cm<br \/>\nLunghezza inseribile: circa 23 cm<br \/>\nDiametro: circa 6,1 cm<br \/>\nDiametro interno: circa 4 cm<\/p>\n<p>L&#8217;imbracatura pu\u00f2 essere adattata a tutte le taglie grazie alle cinghie di nylon regolabili.<\/p>\n<p>Materiale: PVC, plastica ABS, vinile<br \/>\nColore: Natura<\/p>\n","protected":false},"featured_media":77843,"comment_status":"closed","ping_status":"closed","template":"","meta":{"_acf_changed":false,"iawp_total_views":5,"_glsr_average":0,"_glsr_ranking":0,"_glsr_reviews":0},"product_brand":[],"product_cat":[2098,2086,172],"product_tag":[1753],"class_list":{"0":"post-77846","1":"product","2":"type-product","3":"status-publish","4":"has-post-thumbnail","6":"product_cat-agrandir-penis","7":"product_cat-anal-play","8":"product_cat-sex-toys","9":"product_tag-king-cock-28-cm-cavo-strap-on","11":"first","12":"outofstock","13":"taxable","14":"shipping-taxable","15":"purchasable","16":"product-type-simple"},"acf":[],"_links":{"self":[{"href":"https:\/\/poppers-online.ch\/it\/wp-json\/wp\/v2\/product\/77846","targetHints":{"allow":["GET"]}}],"collection":[{"href":"https:\/\/poppers-online.ch\/it\/wp-json\/wp\/v2\/product"}],"about":[{"href":"https:\/\/poppers-online.ch\/it\/wp-json\/wp\/v2\/types\/product"}],"replies":[{"embeddable":true,"href":"https:\/\/poppers-online.ch\/it\/wp-json\/wp\/v2\/comments?post=77846"}],"wp:featuredmedia":[{"embeddable":true,"href":"https:\/\/poppers-online.ch\/it\/wp-json\/wp\/v2\/media\/77843"}],"wp:attachment":[{"href":"https:\/\/poppers-online.ch\/it\/wp-json\/wp\/v2\/media?parent=77846"}],"wp:term":[{"taxonomy":"product_brand","embeddable":true,"href":"https:\/\/poppers-online.ch\/it\/wp-json\/wp\/v2\/product_brand?post=77846"},{"taxonomy":"product_cat","embeddable":true,"href":"https:\/\/poppers-online.ch\/it\/wp-json\/wp\/v2\/product_cat?post=77846"},{"taxonomy":"product_tag","embeddable":true,"href":"https:\/\/poppers-online.ch\/it\/wp-json\/wp\/v2\/product_tag?post=77846"}],"curies":[{"name":"wp","href":"https:\/\/api.w.org\/{rel}","templated":true}]}}