{"id":77177,"date":"2023-11-20T15:24:07","date_gmt":"2023-11-20T14:24:07","guid":{"rendered":"https:\/\/poppers-online.ch\/produkt\/colt-slugger\/"},"modified":"2023-11-20T15:26:56","modified_gmt":"2023-11-20T14:26:56","slug":"colt-slugger","status":"publish","type":"product","link":"https:\/\/poppers-online.ch\/it\/prodotto\/colt-slugger\/","title":{"rendered":"Colt Slugger"},"content":{"rendered":"","protected":false},"excerpt":{"rendered":"<div>Dalle bacchette ai pipistrelli! Nessun problema: Colt Slugger ingrandisce il pene fino a 4 cm di lunghezza con un piccolo sforzo. La guaina per il pene \u00e8 realizzata in materiale PureSkin super morbido, piacevole sulla pelle e altamente flessibile. Si adatta anche all&#8217;uomo pi\u00f9 orgoglioso, perch\u00e9 pi\u00f9 grande \u00e8 sempre meglio!!! La punta \u00e8 ulteriormente rinforzata per un piacere pi\u00f9 passivo. L&#8217;interno \u00e8 chiodato e aumenta la stimolazione del lato attivo. Una cosa: due partner soddisfatti. L&#8217;anello per testicoli integrato viene tirato intorno allo scroto per un piacere spensierato.<\/div>\n<div><\/div>\n<div>Lunghezza (non tesa): circa 16 cm<\/div>\n<div>Materiale: TPE<\/div>\n<div>Colore: nero<\/div>\n","protected":false},"featured_media":77169,"comment_status":"closed","ping_status":"closed","template":"","meta":{"_acf_changed":false,"iawp_total_views":0,"_glsr_average":0,"_glsr_ranking":0,"_glsr_reviews":0},"product_brand":[],"product_cat":[2098,2092,172],"product_tag":[1678],"class_list":{"0":"post-77177","1":"product","2":"type-product","3":"status-publish","4":"has-post-thumbnail","6":"product_cat-agrandir-penis","7":"product_cat-cock-play","8":"product_cat-sex-toys","9":"product_tag-colt-slugger-it","11":"first","12":"outofstock","13":"taxable","14":"shipping-taxable","15":"purchasable","16":"product-type-simple"},"acf":[],"_links":{"self":[{"href":"https:\/\/poppers-online.ch\/it\/wp-json\/wp\/v2\/product\/77177","targetHints":{"allow":["GET"]}}],"collection":[{"href":"https:\/\/poppers-online.ch\/it\/wp-json\/wp\/v2\/product"}],"about":[{"href":"https:\/\/poppers-online.ch\/it\/wp-json\/wp\/v2\/types\/product"}],"replies":[{"embeddable":true,"href":"https:\/\/poppers-online.ch\/it\/wp-json\/wp\/v2\/comments?post=77177"}],"wp:featuredmedia":[{"embeddable":true,"href":"https:\/\/poppers-online.ch\/it\/wp-json\/wp\/v2\/media\/77169"}],"wp:attachment":[{"href":"https:\/\/poppers-online.ch\/it\/wp-json\/wp\/v2\/media?parent=77177"}],"wp:term":[{"taxonomy":"product_brand","embeddable":true,"href":"https:\/\/poppers-online.ch\/it\/wp-json\/wp\/v2\/product_brand?post=77177"},{"taxonomy":"product_cat","embeddable":true,"href":"https:\/\/poppers-online.ch\/it\/wp-json\/wp\/v2\/product_cat?post=77177"},{"taxonomy":"product_tag","embeddable":true,"href":"https:\/\/poppers-online.ch\/it\/wp-json\/wp\/v2\/product_tag?post=77177"}],"curies":[{"name":"wp","href":"https:\/\/api.w.org\/{rel}","templated":true}]}}