{"id":77095,"date":"2023-11-20T14:42:25","date_gmt":"2023-11-20T13:42:25","guid":{"rendered":"https:\/\/poppers-online.ch\/produkt\/colt-expander-plug-medium\/"},"modified":"2023-11-20T14:44:59","modified_gmt":"2023-11-20T13:44:59","slug":"colt-espansore-spina-medio","status":"publish","type":"product","link":"https:\/\/poppers-online.ch\/it\/prodotto\/colt-espansore-spina-medio\/","title":{"rendered":"Colt Expander Plug Medium"},"content":{"rendered":"","protected":false},"excerpt":{"rendered":"<div>COLT Expander Plug Medium \u00e8 il giocattolo giusto per gli avventurieri dell&#8217;arte dello stretching anale. Il plug di apertura porta i temerari in una nuova dimensione di soddisfazione anale. Utilizzando il tappo di espansione, premere i due angoli a forma di becco in modo che il tappo assuma una forma conica. Ora la spina pu\u00f2 essere facilmente inserita. Non appena ha raggiunto la profondit\u00e0 desiderata, si possono lasciare gli angoli. Ora divaricatele e allargate delicatamente l&#8217;ano. L&#8217;aderenza e la pressione costante consentono di trattenere il tappo nell&#8217;ano. Il materiale TPR, non poroso, senza giunture e liscio, garantisce una manipolazione facile e sicura del tappo espansore. Colt Anal Plug Caratteristiche Il plug espansore ha una lunghezza totale di 11,5 cm e un diametro di circa 5,75 cm quando \u00e8 compresso. Il materiale flessibile \u00e8 molto facile da modellare. All&#8217;interno \u00e8 stato incorporato un incastro maschio-femmina per sostenere la forma conica. Quando \u00e8 aperto, il tappo si espande fino a 10,5 cm. La base ovale offre una buona forma nella mano e consente l&#8217;uso senza guida su superfici lisce.<\/div>\n<div>&#8211; Materiale modellabile e resistente<\/div>\n<div>&#8211; Funzione di allargamento per un&#8217;aderenza perfetta<\/div>\n<div>&#8211; Forma conica per facilitare l&#8217;inserimento e la rimozione<\/div>\n<div>&#8211; Superficie morbida e senza cuciture<\/div>\n<p>&nbsp;<\/p>\n<div>Lunghezza inseribile: circa 10 cm<\/div>\n<div>Lunghezza totale: circa 11,5 cm<\/div>\n<div>Diametro: circa 5,75 &#8211; 10,5 cm<\/div>\n<div>Materiale: TPR (gomma termoplastica)<\/div>\n<div>Colore: nero<\/div>\n","protected":false},"featured_media":77082,"comment_status":"closed","ping_status":"closed","template":"","meta":{"_acf_changed":false,"iawp_total_views":2,"_glsr_average":0,"_glsr_ranking":0,"_glsr_reviews":0},"product_brand":[],"product_cat":[2086,172],"product_tag":[1647],"class_list":{"0":"post-77095","1":"product","2":"type-product","3":"status-publish","4":"has-post-thumbnail","6":"product_cat-anal-play","7":"product_cat-sex-toys","8":"product_tag-colt-expander-plug-medium-it","10":"first","11":"instock","12":"taxable","13":"shipping-taxable","14":"purchasable","15":"product-type-simple"},"acf":[],"_links":{"self":[{"href":"https:\/\/poppers-online.ch\/it\/wp-json\/wp\/v2\/product\/77095","targetHints":{"allow":["GET"]}}],"collection":[{"href":"https:\/\/poppers-online.ch\/it\/wp-json\/wp\/v2\/product"}],"about":[{"href":"https:\/\/poppers-online.ch\/it\/wp-json\/wp\/v2\/types\/product"}],"replies":[{"embeddable":true,"href":"https:\/\/poppers-online.ch\/it\/wp-json\/wp\/v2\/comments?post=77095"}],"wp:featuredmedia":[{"embeddable":true,"href":"https:\/\/poppers-online.ch\/it\/wp-json\/wp\/v2\/media\/77082"}],"wp:attachment":[{"href":"https:\/\/poppers-online.ch\/it\/wp-json\/wp\/v2\/media?parent=77095"}],"wp:term":[{"taxonomy":"product_brand","embeddable":true,"href":"https:\/\/poppers-online.ch\/it\/wp-json\/wp\/v2\/product_brand?post=77095"},{"taxonomy":"product_cat","embeddable":true,"href":"https:\/\/poppers-online.ch\/it\/wp-json\/wp\/v2\/product_cat?post=77095"},{"taxonomy":"product_tag","embeddable":true,"href":"https:\/\/poppers-online.ch\/it\/wp-json\/wp\/v2\/product_tag?post=77095"}],"curies":[{"name":"wp","href":"https:\/\/api.w.org\/{rel}","templated":true}]}}