{"id":76955,"date":"2023-11-20T13:12:38","date_gmt":"2023-11-20T12:12:38","guid":{"rendered":"https:\/\/poppers-online.ch\/produkt\/lubrificante-al-frutto-della-passione-swiss-navy-118-ml\/"},"modified":"2023-11-20T13:15:52","modified_gmt":"2023-11-20T12:15:52","slug":"swiss-navy-passion-fruit-lube-118-ml","status":"publish","type":"product","link":"https:\/\/poppers-online.ch\/it\/prodotto\/swiss-navy-passion-fruit-lube-118-ml\/","title":{"rendered":"Lubrificante al frutto della passione Swiss Navy &#8211; 118 ml"},"content":{"rendered":"","protected":false},"excerpt":{"rendered":"<div>Swiss Navy Passion Fruit Lube &#8211; 118 ml &#8211; Lo standard con cui si misurano tutti gli altri &#8211; ora con un delizioso <strong>sapore di frutto della passione<\/strong>! Il nuovo lubrificante aromatizzato di Swiss Navy \u00e8 disponibile in un flacone da 118 ml e d\u00e0 al sesso da soli o con il partner una marcia in pi\u00f9. &#8211; Flacone ergonomico e antigoccia con pompa bloccabile &#8211; Pratico sistema a pompa che ne facilita l&#8217;uso con una sola mano &#8211; Lubrificazione di lunghissima durata, non appiccica mai e lascia una sensazione setosa sulla pelle &#8211; Il lubrificante a base d&#8217;acqua \u00e8 stato testato in modo ipoallergenico, pu\u00f2 essere rimosso con acqua pulita senza lasciare residui ed \u00e8 adatto a tutti i giocattoli.<\/div>\n<div><\/div>\n<div>\n<div><strong>Produttore<\/strong>: Swiss Navy<\/div>\n<div><strong>Contenuto<\/strong>: 118 ml<\/div>\n<\/div>\n","protected":false},"featured_media":76952,"comment_status":"closed","ping_status":"closed","template":"","meta":{"_acf_changed":false,"iawp_total_views":0,"_glsr_average":0,"_glsr_ranking":0,"_glsr_reviews":0},"product_brand":[],"product_cat":[2068,168],"product_tag":[1612],"class_list":{"0":"post-76955","1":"product","2":"type-product","3":"status-publish","4":"has-post-thumbnail","6":"product_cat-lubrificanti","7":"product_cat-farmacia","8":"product_tag-lubrificante-al-frutto-della-passione-swiss-navy-118-ml","10":"first","11":"outofstock","12":"taxable","13":"shipping-taxable","14":"purchasable","15":"product-type-simple"},"acf":[],"_links":{"self":[{"href":"https:\/\/poppers-online.ch\/it\/wp-json\/wp\/v2\/product\/76955","targetHints":{"allow":["GET"]}}],"collection":[{"href":"https:\/\/poppers-online.ch\/it\/wp-json\/wp\/v2\/product"}],"about":[{"href":"https:\/\/poppers-online.ch\/it\/wp-json\/wp\/v2\/types\/product"}],"replies":[{"embeddable":true,"href":"https:\/\/poppers-online.ch\/it\/wp-json\/wp\/v2\/comments?post=76955"}],"wp:featuredmedia":[{"embeddable":true,"href":"https:\/\/poppers-online.ch\/it\/wp-json\/wp\/v2\/media\/76952"}],"wp:attachment":[{"href":"https:\/\/poppers-online.ch\/it\/wp-json\/wp\/v2\/media?parent=76955"}],"wp:term":[{"taxonomy":"product_brand","embeddable":true,"href":"https:\/\/poppers-online.ch\/it\/wp-json\/wp\/v2\/product_brand?post=76955"},{"taxonomy":"product_cat","embeddable":true,"href":"https:\/\/poppers-online.ch\/it\/wp-json\/wp\/v2\/product_cat?post=76955"},{"taxonomy":"product_tag","embeddable":true,"href":"https:\/\/poppers-online.ch\/it\/wp-json\/wp\/v2\/product_tag?post=76955"}],"curies":[{"name":"wp","href":"https:\/\/api.w.org\/{rel}","templated":true}]}}