{"id":76822,"date":"2023-11-19T19:44:25","date_gmt":"2023-11-19T18:44:25","guid":{"rendered":"https:\/\/poppers-online.ch\/produkt\/swiss-navy-naked-all-natural-4-fl-oz-118-ml\/"},"modified":"2023-11-19T19:47:47","modified_gmt":"2023-11-19T18:47:47","slug":"swiss-navy-naked-all-natural-4-fl-oz-118-ml","status":"publish","type":"product","link":"https:\/\/poppers-online.ch\/it\/prodotto\/swiss-navy-naked-all-natural-4-fl-oz-118-ml\/","title":{"rendered":"Swiss Navy Naked All Natural &#8211; 4 fl oz \/ 118 ml"},"content":{"rendered":"","protected":false},"excerpt":{"rendered":"<p>Il nostro lubrificante personale Swiss Navy Naked All Natural &#8211; 4 fl oz \/ 118 ml 100% naturale \u00e8 stato progettato per tutti i tipi di pelle in modo che tutti possano godere di un piacere morbido durante qualsiasi attivit\u00e0 sessuale. NAKED \u00e8 realizzato con i migliori ingredienti, \u00e8 a base d&#8217;acqua e privo di parabeni e glicerina. \u00c8 una formula avanzata, ipoallergenica, dermatologicamente testata e raccomandata dai medici per l&#8217;uso come lubrificante. Arricchito con una rinfrescante fragranza di aloe, NAKED \u00e8 stato sviluppato per i tipi di pelle pi\u00f9 sensibili, per offrire ogni volta un&#8217;esperienza intima indimenticabile.<\/p>\n<p>Contenuto: 118 ml<\/p>\n","protected":false},"featured_media":76819,"comment_status":"closed","ping_status":"closed","template":"","meta":{"_acf_changed":false,"iawp_total_views":2,"_glsr_average":0,"_glsr_ranking":0,"_glsr_reviews":0},"product_brand":[],"product_cat":[2068,168],"product_tag":[1570],"class_list":{"0":"post-76822","1":"product","2":"type-product","3":"status-publish","4":"has-post-thumbnail","6":"product_cat-lubrificanti","7":"product_cat-farmacia","8":"product_tag-swiss-navy-naked-all-natural-4-fl-oz-118-ml-it","10":"first","11":"outofstock","12":"taxable","13":"shipping-taxable","14":"purchasable","15":"product-type-simple"},"acf":[],"_links":{"self":[{"href":"https:\/\/poppers-online.ch\/it\/wp-json\/wp\/v2\/product\/76822","targetHints":{"allow":["GET"]}}],"collection":[{"href":"https:\/\/poppers-online.ch\/it\/wp-json\/wp\/v2\/product"}],"about":[{"href":"https:\/\/poppers-online.ch\/it\/wp-json\/wp\/v2\/types\/product"}],"replies":[{"embeddable":true,"href":"https:\/\/poppers-online.ch\/it\/wp-json\/wp\/v2\/comments?post=76822"}],"wp:featuredmedia":[{"embeddable":true,"href":"https:\/\/poppers-online.ch\/it\/wp-json\/wp\/v2\/media\/76819"}],"wp:attachment":[{"href":"https:\/\/poppers-online.ch\/it\/wp-json\/wp\/v2\/media?parent=76822"}],"wp:term":[{"taxonomy":"product_brand","embeddable":true,"href":"https:\/\/poppers-online.ch\/it\/wp-json\/wp\/v2\/product_brand?post=76822"},{"taxonomy":"product_cat","embeddable":true,"href":"https:\/\/poppers-online.ch\/it\/wp-json\/wp\/v2\/product_cat?post=76822"},{"taxonomy":"product_tag","embeddable":true,"href":"https:\/\/poppers-online.ch\/it\/wp-json\/wp\/v2\/product_tag?post=76822"}],"curies":[{"name":"wp","href":"https:\/\/api.w.org\/{rel}","templated":true}]}}