{"id":76576,"date":"2023-11-16T18:20:30","date_gmt":"2023-11-16T17:22:43","guid":{"rendered":"https:\/\/poppers-online.ch\/produkt\/guanto-per-pugni-pleasure-fister-textures\/"},"modified":"2023-11-16T18:22:43","modified_gmt":"2023-11-16T17:22:43","slug":"piacere-fister-textures-pugno-guanto","status":"publish","type":"product","link":"https:\/\/poppers-online.ch\/it\/prodotto\/piacere-fister-textures-pugno-guanto\/","title":{"rendered":"Guanto per pugni Pleasure Fister Textures"},"content":{"rendered":"","protected":false},"excerpt":{"rendered":"<p>Date una consistenza alla vostra mano durante il fisting!<\/p>\n<p>Questo guanto lungo \u00e8 cos\u00ec versatile che pu\u00f2 diventare parte integrante di tutte le vostre esperienze sessuali! Tante possibilit\u00e0, a parte la penetrazione completa del pugno&#8230; Dito, mano, massaggio o sculacciata. Ciascuna delle cinque dita ha una forma unica per offrire una gamma di sensazioni durante l&#8217;inserimento anale: liscia e affusolata, con creste decise, a forma di pene, con nodi in rilievo o curva con creste sottili. Il palmo ha un profilo a zig-zag che rende ancora pi\u00f9 eccitante una sega o una masturbazione, mentre l&#8217;intero avambraccio \u00e8 dotato di nervature lisce per una maggiore stimolazione quando ci si muove in profondit\u00e0! Questo guanto \u00e8 adatto ai lubrificanti a base di silicone e acqua. Pulire con acqua e sapone neutro.<\/p>\n<p>Dimensioni: 393 mm di lunghezza, 25 mm di diametro massimo, non teso<\/p>\n<p>Materiale: TPR<\/p>\n<p>Colore nero<\/p>\n<p>Nota: prima dell&#8217;uso, applicare farina di mais su mani e avambracci.<\/p>\n","protected":false},"featured_media":76573,"comment_status":"closed","ping_status":"closed","template":"","meta":{"_acf_changed":false,"iawp_total_views":11,"_glsr_average":0,"_glsr_ranking":0,"_glsr_reviews":0},"product_brand":[],"product_cat":[2071,2095,172],"product_tag":[1551],"class_list":{"0":"post-76576","1":"product","2":"type-product","3":"status-publish","4":"has-post-thumbnail","6":"product_cat-helpers","7":"product_cat-masturbatore","8":"product_cat-sex-toys","9":"product_tag-guanto-per-pugni-pleasure-fister-textures","11":"first","12":"instock","13":"taxable","14":"shipping-taxable","15":"purchasable","16":"product-type-simple"},"acf":[],"_links":{"self":[{"href":"https:\/\/poppers-online.ch\/it\/wp-json\/wp\/v2\/product\/76576","targetHints":{"allow":["GET"]}}],"collection":[{"href":"https:\/\/poppers-online.ch\/it\/wp-json\/wp\/v2\/product"}],"about":[{"href":"https:\/\/poppers-online.ch\/it\/wp-json\/wp\/v2\/types\/product"}],"replies":[{"embeddable":true,"href":"https:\/\/poppers-online.ch\/it\/wp-json\/wp\/v2\/comments?post=76576"}],"wp:featuredmedia":[{"embeddable":true,"href":"https:\/\/poppers-online.ch\/it\/wp-json\/wp\/v2\/media\/76573"}],"wp:attachment":[{"href":"https:\/\/poppers-online.ch\/it\/wp-json\/wp\/v2\/media?parent=76576"}],"wp:term":[{"taxonomy":"product_brand","embeddable":true,"href":"https:\/\/poppers-online.ch\/it\/wp-json\/wp\/v2\/product_brand?post=76576"},{"taxonomy":"product_cat","embeddable":true,"href":"https:\/\/poppers-online.ch\/it\/wp-json\/wp\/v2\/product_cat?post=76576"},{"taxonomy":"product_tag","embeddable":true,"href":"https:\/\/poppers-online.ch\/it\/wp-json\/wp\/v2\/product_tag?post=76576"}],"curies":[{"name":"wp","href":"https:\/\/api.w.org\/{rel}","templated":true}]}}