{"id":75708,"date":"2023-11-10T13:46:54","date_gmt":"2023-11-10T12:46:55","guid":{"rendered":"https:\/\/poppers-online.ch\/?post_type=product&#038;p=75708"},"modified":"2024-10-15T23:36:00","modified_gmt":"2024-10-15T21:36:00","slug":"kinky-monster-donut-cockring-acciaio-inossidabile-150g","status":"publish","type":"product","link":"https:\/\/poppers-online.ch\/it\/prodotto\/kinky-monster-donut-cockring-acciaio-inossidabile-150g\/","title":{"rendered":"Kinky Monster Donut Cockring in acciaio inossidabile 150g"},"content":{"rendered":"","protected":false},"excerpt":{"rendered":"<p><span style=\"font-weight: 400;\">Il cockring Kinky Monster in acciaio inossidabile a forma di ciambella \u00e8 il cockring in metallo pi\u00f9 popolare. La forma a ciambella significa che l&#8217;anello \u00e8 pi\u00f9 largo che spesso. Questo cock ring ha una larghezza di circa 20 mm e uno spessore di circa 10 mm. Questo gioiello erotico per uomini assicura un sesso pi\u00f9 lungo e intenso, ma gli anelli per il cazzo in metallo non sono adatti ai principianti. Non indossare mai il cock ring quando il pene \u00e8 in erezione. Inserire un testicolo alla volta e infine il pene. Non indossare il cockring per pi\u00f9 di 30 minuti e rimuoverlo semplicemente con un lubrificante. Come trovare la taglia giusta per voi? Misurare la circonferenza intorno ai testicoli e alla coda con un nastro elastico e dividere la lunghezza in mm per Pi greco (3,14) per determinare il diametro richiesto. \u00c8 meglio effettuare diverse misurazioni in momenti diversi della giornata. In caso di dubbio, scegliere il diametro maggiore. Il peso di questo cockring \u00e8 di ben 150 g, il che significa che lo sentirete sicuramente quando lo indosserete. Il Cockring Kinky Monster \u00e8 disponibile in 4 diversi diametri interni: <strong>S=35mm, M=40mm, L=45mm, XL-50mm<\/strong>.<\/span><\/p>\n","protected":false},"featured_media":75712,"comment_status":"open","ping_status":"closed","template":"","meta":{"_acf_changed":false,"iawp_total_views":4,"_glsr_average":0,"_glsr_ranking":0,"_glsr_reviews":0},"product_brand":[],"product_cat":[2092,172],"product_tag":[1455],"class_list":{"0":"post-75708","1":"product","2":"type-product","3":"status-publish","4":"has-post-thumbnail","6":"product_cat-cock-play","7":"product_cat-sex-toys","8":"product_tag-kinky-monster-donut-cockring-in-acciaio-inossidabile-150g","10":"first","11":"instock","12":"taxable","13":"shipping-taxable","14":"purchasable","15":"product-type-variable","16":"has-default-attributes"},"acf":[],"_links":{"self":[{"href":"https:\/\/poppers-online.ch\/it\/wp-json\/wp\/v2\/product\/75708","targetHints":{"allow":["GET"]}}],"collection":[{"href":"https:\/\/poppers-online.ch\/it\/wp-json\/wp\/v2\/product"}],"about":[{"href":"https:\/\/poppers-online.ch\/it\/wp-json\/wp\/v2\/types\/product"}],"replies":[{"embeddable":true,"href":"https:\/\/poppers-online.ch\/it\/wp-json\/wp\/v2\/comments?post=75708"}],"wp:featuredmedia":[{"embeddable":true,"href":"https:\/\/poppers-online.ch\/it\/wp-json\/wp\/v2\/media\/75712"}],"wp:attachment":[{"href":"https:\/\/poppers-online.ch\/it\/wp-json\/wp\/v2\/media?parent=75708"}],"wp:term":[{"taxonomy":"product_brand","embeddable":true,"href":"https:\/\/poppers-online.ch\/it\/wp-json\/wp\/v2\/product_brand?post=75708"},{"taxonomy":"product_cat","embeddable":true,"href":"https:\/\/poppers-online.ch\/it\/wp-json\/wp\/v2\/product_cat?post=75708"},{"taxonomy":"product_tag","embeddable":true,"href":"https:\/\/poppers-online.ch\/it\/wp-json\/wp\/v2\/product_tag?post=75708"}],"curies":[{"name":"wp","href":"https:\/\/api.w.org\/{rel}","templated":true}]}}