{"id":75152,"date":"2023-11-06T17:35:51","date_gmt":"2023-11-06T16:35:52","guid":{"rendered":"https:\/\/poppers-online.ch\/?post_type=product&#038;p=75152"},"modified":"2024-10-15T23:36:05","modified_gmt":"2024-10-15T21:36:05","slug":"kinky-monster-cockring-stainless-steel-rainbow-edition-larghezza-10mm","status":"publish","type":"product","link":"https:\/\/poppers-online.ch\/it\/prodotto\/kinky-monster-cockring-stainless-steel-rainbow-edition-larghezza-10mm\/","title":{"rendered":"Kinky Monster cockring in acciaio inossidabile Rainbow Edition larghezza 10 mm"},"content":{"rendered":"","protected":false},"excerpt":{"rendered":"<p><span style=\"font-weight: 400\">Il cockring Kinky Monster in acciaio inossidabile nella Rainbow Edition brilla in tutti i colori dell&#8217;arcobaleno. Il cockring piatto \u00e8 realizzato con il migliore acciaio inossidabile e ha una larghezza di circa 10 mm. Lo spessore del profilo \u00e8 di 5 mm. Questo gioiello erotico per uomini assicura un sesso pi\u00f9 lungo e intenso, ma gli anelli per il cazzo in metallo non sono adatti ai principianti. Non indossare mai il cock ring quando il pene \u00e8 in erezione. Inserire un testicolo alla volta e infine il pene. Non indossare il cockring per pi\u00f9 di 30 minuti e rimuoverlo semplicemente con un lubrificante. Come trovare la taglia giusta per voi? Misurare la circonferenza intorno ai testicoli e alla coda con un nastro elastico e dividere la lunghezza in mm per Pi greco (3,14) per determinare il diametro richiesto. \u00c8 meglio effettuare diverse misurazioni in momenti diversi della giornata. In caso di dubbio, scegliere il diametro maggiore. Il peso di questo cockring \u00e8 di 53 g. Il Cockring Kinky Monster \u00e8 disponibile in 4 diversi diametri interni: <strong>S=35mm, M=40mm, L=45mm, XL-50mm<\/strong>.<\/span><\/p>\n","protected":false},"featured_media":80089,"comment_status":"open","ping_status":"closed","template":"","meta":{"_acf_changed":false,"iawp_total_views":2,"_glsr_average":0,"_glsr_ranking":0,"_glsr_reviews":0},"product_brand":[],"product_cat":[2092,172],"product_tag":[1429,1428],"class_list":{"0":"post-75152","1":"product","2":"type-product","3":"status-publish","4":"has-post-thumbnail","6":"product_cat-cock-play","7":"product_cat-sex-toys","8":"product_tag-edizione-arcobaleno-larghezza-10-mm","9":"product_tag-kinky-monster-cockring-in-acciaio-inossidabile","11":"first","12":"instock","13":"taxable","14":"shipping-taxable","15":"purchasable","16":"product-type-variable","17":"has-default-attributes"},"acf":[],"_links":{"self":[{"href":"https:\/\/poppers-online.ch\/it\/wp-json\/wp\/v2\/product\/75152","targetHints":{"allow":["GET"]}}],"collection":[{"href":"https:\/\/poppers-online.ch\/it\/wp-json\/wp\/v2\/product"}],"about":[{"href":"https:\/\/poppers-online.ch\/it\/wp-json\/wp\/v2\/types\/product"}],"replies":[{"embeddable":true,"href":"https:\/\/poppers-online.ch\/it\/wp-json\/wp\/v2\/comments?post=75152"}],"wp:featuredmedia":[{"embeddable":true,"href":"https:\/\/poppers-online.ch\/it\/wp-json\/wp\/v2\/media\/80089"}],"wp:attachment":[{"href":"https:\/\/poppers-online.ch\/it\/wp-json\/wp\/v2\/media?parent=75152"}],"wp:term":[{"taxonomy":"product_brand","embeddable":true,"href":"https:\/\/poppers-online.ch\/it\/wp-json\/wp\/v2\/product_brand?post=75152"},{"taxonomy":"product_cat","embeddable":true,"href":"https:\/\/poppers-online.ch\/it\/wp-json\/wp\/v2\/product_cat?post=75152"},{"taxonomy":"product_tag","embeddable":true,"href":"https:\/\/poppers-online.ch\/it\/wp-json\/wp\/v2\/product_tag?post=75152"}],"curies":[{"name":"wp","href":"https:\/\/api.w.org\/{rel}","templated":true}]}}