{"id":75125,"date":"2023-11-06T16:51:39","date_gmt":"2023-11-06T15:51:42","guid":{"rendered":"https:\/\/poppers-online.ch\/?post_type=product&#038;p=75125"},"modified":"2024-10-15T23:40:29","modified_gmt":"2024-10-15T21:40:29","slug":"kinky-monster-ball-stretcher-stainless-teel-flat-height-14mm","status":"publish","type":"product","link":"https:\/\/poppers-online.ch\/it\/prodotto\/kinky-monster-ball-stretcher-stainless-teel-flat-height-14mm\/","title":{"rendered":"Kinky Monster Ball Stretcher in acciaio inox piatto &#8211; altezza 14 mm"},"content":{"rendered":"","protected":false},"excerpt":{"rendered":"<p><span style=\"font-weight: 400;\">Il Kinky Monster Ball Strecher in acciaio inossidabile lucidato \u00e8 adatto per l&#8217;attacco individuale grazie alla sua forma piatta. Tuttavia, il vantaggio particolare di questa barella a sfere \u00e8 che pu\u00f2 essere facilmente combinata con altri moduli di barella a sfere piatte. Il peso di 260 g non \u00e8 sufficiente per tutti, quindi si pu\u00f2 facilmente combinare e montare un secondo rompipalle piatto Kinky Monster. Conosciamo degli amici che lo apprezzano particolarmente con tre dosi da 260g. Il tendipallone \u00e8 composto da due parti ed \u00e8 fissato con una vite a brugola. Forniamo anche la chiave a brugola corrispondente. Se si avverte dolore, \u00e8 necessario rimuovere immediatamente la barella per palloni. A questo scopo \u00e8 opportuno tenere a portata di mano la chiave a brugola. L&#8217;acciaio inossidabile garantisce una lunga durata e una pulizia molto semplice e igienica. Il Kinky Monster Ball Strecher piatto in acciaio inossidabile \u00e8 disponibile in due diversi diametri interni<strong>(35 mm = M, 40 mm = L<\/strong>). Il peso \u00e8 di 260 g e l&#8217;altezza del tendipallone \u00e8 di 14 mm.<\/span><\/p>\n","protected":false},"featured_media":75137,"comment_status":"open","ping_status":"closed","template":"","meta":{"_acf_changed":false,"iawp_total_views":5,"_glsr_average":0,"_glsr_ranking":0,"_glsr_reviews":0},"product_brand":[],"product_cat":[2089,172],"product_tag":[1421],"class_list":{"0":"post-75125","1":"product","2":"type-product","3":"status-publish","4":"has-post-thumbnail","6":"product_cat-ball-play","7":"product_cat-sex-toys","8":"product_tag-kinky-monster-ball-strecher-in-acciaio-inossidabile-rotondo-diametro-18-mm","10":"first","11":"instock","12":"taxable","13":"shipping-taxable","14":"purchasable","15":"product-type-variable","16":"has-default-attributes"},"acf":[],"_links":{"self":[{"href":"https:\/\/poppers-online.ch\/it\/wp-json\/wp\/v2\/product\/75125","targetHints":{"allow":["GET"]}}],"collection":[{"href":"https:\/\/poppers-online.ch\/it\/wp-json\/wp\/v2\/product"}],"about":[{"href":"https:\/\/poppers-online.ch\/it\/wp-json\/wp\/v2\/types\/product"}],"replies":[{"embeddable":true,"href":"https:\/\/poppers-online.ch\/it\/wp-json\/wp\/v2\/comments?post=75125"}],"wp:featuredmedia":[{"embeddable":true,"href":"https:\/\/poppers-online.ch\/it\/wp-json\/wp\/v2\/media\/75137"}],"wp:attachment":[{"href":"https:\/\/poppers-online.ch\/it\/wp-json\/wp\/v2\/media?parent=75125"}],"wp:term":[{"taxonomy":"product_brand","embeddable":true,"href":"https:\/\/poppers-online.ch\/it\/wp-json\/wp\/v2\/product_brand?post=75125"},{"taxonomy":"product_cat","embeddable":true,"href":"https:\/\/poppers-online.ch\/it\/wp-json\/wp\/v2\/product_cat?post=75125"},{"taxonomy":"product_tag","embeddable":true,"href":"https:\/\/poppers-online.ch\/it\/wp-json\/wp\/v2\/product_tag?post=75125"}],"curies":[{"name":"wp","href":"https:\/\/api.w.org\/{rel}","templated":true}]}}