{"id":75087,"date":"2023-11-06T16:20:46","date_gmt":"2023-11-06T15:20:46","guid":{"rendered":"https:\/\/poppers-online.ch\/?post_type=product&#038;p=75087"},"modified":"2024-10-15T23:40:31","modified_gmt":"2024-10-15T21:40:31","slug":"kinky-monster-ball-breaker-insensibile-acciaio-tondo-diametro-18mm","status":"publish","type":"product","link":"https:\/\/poppers-online.ch\/it\/prodotto\/kinky-monster-ball-breaker-insensibile-acciaio-tondo-diametro-18mm\/","title":{"rendered":"Kinky Monster Ball Strecher in acciaio inossidabile rotondo &#8211; diametro 18 mm"},"content":{"rendered":"","protected":false},"excerpt":{"rendered":"<p><span style=\"font-weight: 400;\">L&#8217;allungatore di testicoli Kinky Monster in acciaio inossidabile lucidato \u00e8 particolarmente comodo da indossare grazie alla sua forma rotonda. La superficie liscia e rotonda li rende particolarmente comodi da indossare a lungo. Il tendipallone \u00e8 composto da due parti ed \u00e8 fissato con una vite a brugola. Forniamo anche la chiave a brugola corrispondente. Con un peso di 290 g, l&#8217;anello \u00e8 piuttosto pesante ed \u00e8 adatto all&#8217;allenamento con i pesi. Naturalmente, \u00e8 possibile anche fissare due anelli tendi-testicoli al proprio scroto o a quello del partner. Se si avverte dolore, \u00e8 necessario rimuovere immediatamente la barella per palloni. A questo scopo \u00e8 opportuno tenere a portata di mano la chiave a brugola. L&#8217;acciaio inossidabile garantisce una lunga durata e una pulizia molto semplice e igienica. Il Kinky Monster Ball Strecher rotondo in acciaio inossidabile \u00e8 disponibile in quattro diversi diametri interni<strong>(35 mm = S, 40 mm = M, 45 mm = L, 50 mm = XL<\/strong>). Il peso \u00e8 di 290 g e il diametro dell&#8217;anello \u00e8 di 18 mm.<\/span><\/p>\n","protected":false},"featured_media":75091,"comment_status":"open","ping_status":"closed","template":"","meta":{"_acf_changed":false,"iawp_total_views":1,"_glsr_average":0,"_glsr_ranking":0,"_glsr_reviews":0},"product_brand":[],"product_cat":[2089,172],"product_tag":[1421],"class_list":{"0":"post-75087","1":"product","2":"type-product","3":"status-publish","4":"has-post-thumbnail","6":"product_cat-ball-play","7":"product_cat-sex-toys","8":"product_tag-kinky-monster-ball-strecher-in-acciaio-inossidabile-rotondo-diametro-18-mm","10":"first","11":"instock","12":"taxable","13":"shipping-taxable","14":"purchasable","15":"product-type-variable","16":"has-default-attributes"},"acf":[],"_links":{"self":[{"href":"https:\/\/poppers-online.ch\/it\/wp-json\/wp\/v2\/product\/75087","targetHints":{"allow":["GET"]}}],"collection":[{"href":"https:\/\/poppers-online.ch\/it\/wp-json\/wp\/v2\/product"}],"about":[{"href":"https:\/\/poppers-online.ch\/it\/wp-json\/wp\/v2\/types\/product"}],"replies":[{"embeddable":true,"href":"https:\/\/poppers-online.ch\/it\/wp-json\/wp\/v2\/comments?post=75087"}],"wp:featuredmedia":[{"embeddable":true,"href":"https:\/\/poppers-online.ch\/it\/wp-json\/wp\/v2\/media\/75091"}],"wp:attachment":[{"href":"https:\/\/poppers-online.ch\/it\/wp-json\/wp\/v2\/media?parent=75087"}],"wp:term":[{"taxonomy":"product_brand","embeddable":true,"href":"https:\/\/poppers-online.ch\/it\/wp-json\/wp\/v2\/product_brand?post=75087"},{"taxonomy":"product_cat","embeddable":true,"href":"https:\/\/poppers-online.ch\/it\/wp-json\/wp\/v2\/product_cat?post=75087"},{"taxonomy":"product_tag","embeddable":true,"href":"https:\/\/poppers-online.ch\/it\/wp-json\/wp\/v2\/product_tag?post=75087"}],"curies":[{"name":"wp","href":"https:\/\/api.w.org\/{rel}","templated":true}]}}