{"id":75049,"date":"2023-11-06T14:24:11","date_gmt":"2023-11-06T13:24:11","guid":{"rendered":"https:\/\/poppers-online.ch\/?post_type=product&#038;p=75049"},"modified":"2025-02-06T10:35:07","modified_gmt":"2025-02-06T09:35:07","slug":"kinky-monster-ball-breaker-acciaio-inossidabile-con-blocco-magnetico-altezza-30mm","status":"publish","type":"product","link":"https:\/\/poppers-online.ch\/it\/prodotto\/kinky-monster-ball-breaker-acciaio-inossidabile-con-blocco-magnetico-altezza-30mm\/","title":{"rendered":"Kinky Monster Ball Strecher in acciaio inossidabile con chiusura magnetica Altezza 30 mm"},"content":{"rendered":"","protected":false},"excerpt":{"rendered":"<p><span style=\"font-weight: 400;\">Questo <strong>ball strecher di Kinky Monster in acciaio inossidabile con chiusura magnetica da 30 mm<\/strong> non \u00e8 solo bello da indossare, ma \u00e8 anche un&#8217;attrazione per gli occhi. Grazie alla chiusura magnetica, il ball strecher \u00e8 particolarmente facile da applicare e rimuovere.  La superficie \u00e8 altamente levigata e i bordi sono spezzati, il che garantisce un elevato comfort di utilizzo. Il Kinky Monster Ball Strecher \u00e8 inizialmente fresco, ma si adatta rapidamente alla temperatura corporea. Per sessioni particolarmente agili, \u00e8 possibile ottenere una stabilizzazione aggiuntiva con un anello chiuso sotto il ball stretcher. Se senti dolore, devi rimuovere immediatamente il ball stretcher. L&#8217;acciaio inossidabile garantisce una lunga durata e una pulizia molto semplice e igienica.  <\/span><\/p>\n<p>&nbsp;<\/p>\n<p><span style=\"font-weight: 400;\">Il Kinky Monster Ball Strecher in acciaio inossidabile con chiusura magnetica \u00e8 disponibile in due diversi diametri interni<strong>(35 mm = M, 40 mm = L<\/strong>). Il peso \u00e8 di 590 g e l&#8217;altezza di 30 mm.<\/span><\/p>\n","protected":false},"featured_media":75063,"comment_status":"open","ping_status":"closed","template":"","meta":{"_acf_changed":false,"iawp_total_views":1,"_glsr_average":0,"_glsr_ranking":0,"_glsr_reviews":0},"product_brand":[],"product_cat":[2089,172],"product_tag":[1417],"class_list":{"0":"post-75049","1":"product","2":"type-product","3":"status-publish","4":"has-post-thumbnail","6":"product_cat-ball-play","7":"product_cat-sex-toys","8":"product_tag-kinky-monster-ball-strecher-in-acciaio-inossidabile-con-chiusura-magnetica","10":"first","11":"instock","12":"taxable","13":"shipping-taxable","14":"purchasable","15":"product-type-variable","16":"has-default-attributes"},"acf":[],"_links":{"self":[{"href":"https:\/\/poppers-online.ch\/it\/wp-json\/wp\/v2\/product\/75049","targetHints":{"allow":["GET"]}}],"collection":[{"href":"https:\/\/poppers-online.ch\/it\/wp-json\/wp\/v2\/product"}],"about":[{"href":"https:\/\/poppers-online.ch\/it\/wp-json\/wp\/v2\/types\/product"}],"replies":[{"embeddable":true,"href":"https:\/\/poppers-online.ch\/it\/wp-json\/wp\/v2\/comments?post=75049"}],"wp:featuredmedia":[{"embeddable":true,"href":"https:\/\/poppers-online.ch\/it\/wp-json\/wp\/v2\/media\/75063"}],"wp:attachment":[{"href":"https:\/\/poppers-online.ch\/it\/wp-json\/wp\/v2\/media?parent=75049"}],"wp:term":[{"taxonomy":"product_brand","embeddable":true,"href":"https:\/\/poppers-online.ch\/it\/wp-json\/wp\/v2\/product_brand?post=75049"},{"taxonomy":"product_cat","embeddable":true,"href":"https:\/\/poppers-online.ch\/it\/wp-json\/wp\/v2\/product_cat?post=75049"},{"taxonomy":"product_tag","embeddable":true,"href":"https:\/\/poppers-online.ch\/it\/wp-json\/wp\/v2\/product_tag?post=75049"}],"curies":[{"name":"wp","href":"https:\/\/api.w.org\/{rel}","templated":true}]}}