{"id":73809,"date":"2023-10-25T16:05:19","date_gmt":"2023-10-25T14:05:20","guid":{"rendered":"https:\/\/poppers-online.ch\/?post_type=product&#038;p=73809"},"modified":"2024-10-15T23:40:39","modified_gmt":"2024-10-15T21:40:39","slug":"solo-sex-popper-combo-tenga-premium-masturbator-vacuum-cup-strong-kinky-monster-popper-10ml-ultra-strong","status":"publish","type":"product","link":"https:\/\/poppers-online.ch\/it\/prodotto\/solo-sex-popper-combo-tenga-premium-masturbator-vacuum-cup-strong-kinky-monster-popper-10ml-ultra-strong\/","title":{"rendered":"Solo Sex Popper Combo Tenga Premium Masturbator Vacuum Cup Strong Kinky Monster Popper 10ml Ultra Strong"},"content":{"rendered":"","protected":false},"excerpt":{"rendered":"<p>Il <strong>Combo Solo Sex Popper <\/strong>\u00e8 composto da due prodotti: <strong>1x Tenga Premium Original Vacuum Cup Strong<\/strong> e <strong>1x Kinky Monster Ultra Strong 10ml Popper<\/strong>. La combinazione perfetta di due prodotti di alta qualit\u00e0 per coloro che desiderano prendersi del tempo per s\u00e9 stessi e godere.<\/p>\n<p><strong>Kinky Monster Black Popper 10 ml<\/strong> \u00e8 rivolto a tutti i praticanti del feticismo e rappresenta popper ancora pi\u00f9 forti e duraturi. Queste bottiglie di Kinky Monster <span style=\"font-weight: 400;\">Popper<\/span> contengono nitrito di pentile eccezionalmente puro e ad alta percentuale. I Kinky Monster <span style=\"font-weight: 400;\">Popper<\/span> sono disponibili in 8 diverse varianti. I Kinky Monster Black <span style=\"font-weight: 400;\">Popper<\/span> sono tra i popper pi\u00f9 potenti. Abbiamo sviluppato questo popper appositamente per tutti gli amanti del lattice e i ragazzi feticisti del lattice. Ti piace essere vestito dalla testa ai piedi in lattice o addirittura essere alla merc\u00e9 del tuo padrone come un gimp in lattice? Allora i Kinky Monster Black <span style=\"font-weight: 400;\">Popper<\/span> dovrebbero sicuramente far parte della tua prossima sessione di lattice.<\/p>\n<p>Il <strong>Tenga Premium Original Vacuum Cup Strong<\/strong> offre esclusive migliorie allo standard d&#8217;oro del piacere, supportato da 15 anni di esperienza e tecnologia accumulata. Questa versione premium del famoso Original Vacuum CUP di TENGA \u00e8 dotata di un manicotto in elastomero 1,5 volte pi\u00f9 spesso, offrendo una sensazione ancora pi\u00f9 intensa dall&#8217;inserimento alla conclusione.<\/p>\n<p>Il manicotto in elastomero \u00e8 1,5 volte pi\u00f9 spesso rispetto a quello della serie CUP standard, con dettagli complessi all&#8217;interno, pre-lubrificato con la nostra lozione interna premium per l&#8217;esperienza definitiva del TENGA CUP.<\/p>\n<p><strong>Acquista ora il Combo Solo Sex Popper Tenga Premium Masturbator Vacuum Cup Strong insieme ai Kinky Monster Popper 10ml Ultra Strong e goditi il tuo tempo da solo!<\/strong><\/p>\n<p>&nbsp;<\/p>\n<p>Colore: rosso<\/p>\n","protected":false},"featured_media":89592,"comment_status":"open","ping_status":"closed","template":"","meta":{"_acf_changed":false,"iawp_total_views":6,"_glsr_average":0,"_glsr_ranking":0,"_glsr_reviews":0},"product_brand":[],"product_cat":[1047,104,112],"product_tag":[1517,1397,1559,1254],"class_list":{"0":"post-73809","1":"product","2":"type-product","3":"status-publish","4":"has-post-thumbnail","6":"product_cat-popper","7":"product_cat-confezioni-value","8":"product_cat-boccette-piccole","9":"product_tag-masturbatore","10":"product_tag-solo-sex-poppers-combo-tenga-premium-masturbator-vacuum-cup-strong-kinky-monster-poppers-10ml-ultra-strong-it","11":"product_tag-tenga-it","12":"product_tag-tenga-premium-original-vacuum-cup-strong-it","13":"pa_inhalt-combo","14":"pa_staerke-105","16":"first","17":"instock","18":"taxable","19":"shipping-taxable","20":"purchasable","21":"product-type-simple"},"acf":[],"_links":{"self":[{"href":"https:\/\/poppers-online.ch\/it\/wp-json\/wp\/v2\/product\/73809","targetHints":{"allow":["GET"]}}],"collection":[{"href":"https:\/\/poppers-online.ch\/it\/wp-json\/wp\/v2\/product"}],"about":[{"href":"https:\/\/poppers-online.ch\/it\/wp-json\/wp\/v2\/types\/product"}],"replies":[{"embeddable":true,"href":"https:\/\/poppers-online.ch\/it\/wp-json\/wp\/v2\/comments?post=73809"}],"wp:featuredmedia":[{"embeddable":true,"href":"https:\/\/poppers-online.ch\/it\/wp-json\/wp\/v2\/media\/89592"}],"wp:attachment":[{"href":"https:\/\/poppers-online.ch\/it\/wp-json\/wp\/v2\/media?parent=73809"}],"wp:term":[{"taxonomy":"product_brand","embeddable":true,"href":"https:\/\/poppers-online.ch\/it\/wp-json\/wp\/v2\/product_brand?post=73809"},{"taxonomy":"product_cat","embeddable":true,"href":"https:\/\/poppers-online.ch\/it\/wp-json\/wp\/v2\/product_cat?post=73809"},{"taxonomy":"product_tag","embeddable":true,"href":"https:\/\/poppers-online.ch\/it\/wp-json\/wp\/v2\/product_tag?post=73809"}],"curies":[{"name":"wp","href":"https:\/\/api.w.org\/{rel}","templated":true}]}}