{"id":73801,"date":"2023-10-25T15:36:32","date_gmt":"2023-10-25T13:36:33","guid":{"rendered":"https:\/\/poppers-online.ch\/?post_type=product&#038;p=73801"},"modified":"2024-10-15T23:40:40","modified_gmt":"2024-10-15T21:40:40","slug":"hit-hold-release-paperback-una-fantasia-gay-per-adulti-di-popper-edizione-tedesca-vol-1","status":"publish","type":"product","link":"https:\/\/poppers-online.ch\/it\/prodotto\/hit-hold-release-paperback-una-fantasia-gay-per-adulti-di-popper-edizione-tedesca-vol-1\/","title":{"rendered":"Hit Hold Release &#8211; Paperback &#8211; Una fantasia gay per adulti di Popper &#8211; Edizione tedesca Vol.1"},"content":{"rendered":"","protected":false},"excerpt":{"rendered":"<p>\u00c8 finalmente arrivato il primo libro porno di storie di sesso per tutti coloro che amano il popper e il sesso tra uomini! Tim Willems ha scritto in dettaglio le sue esperienze sessuali estremamente arrapanti per la prima parte, che vi far\u00e0 diventare il cazzo duro e vi stimoler\u00e0 a tirare popper. Per la seconda parte del libro erotico gay, i popper bators di tutto il mondo hanno potuto inviare le loro storie, che serviranno anche a voi come modello di masturbazione! Il punto forte \u00e8 l&#8217;addestramento dei popper, che forse conoscete gi\u00e0 da diversi video. Anche qui seguite le istruzioni HIT &#8211; HOLD &#8211; RELEASE e avrete il porno pi\u00f9 piccante davanti ai vostri occhi.<br \/>\nporno davanti ai vostri occhi: quello che la vostra immaginazione e le immagini che Tim vi mette in testa creano insieme. E non preoccupatevi, pi\u00f9 popper tirerete durante l&#8217;allenamento, pi\u00f9 grandi saranno i caratteri, Tim ha pensato a tutto! Questo vi garantisce ore di arrapamento indipendentemente da internet! Ora prendete i vostri popper e partite!<br \/>\nHIT!<br \/>\nHOLD!<br \/>\nRELEASE!<\/p>\n","protected":false},"featured_media":73824,"comment_status":"open","ping_status":"closed","template":"","meta":{"_acf_changed":false,"iawp_total_views":1,"_glsr_average":0,"_glsr_ranking":0,"_glsr_reviews":0},"product_brand":[],"product_cat":[151],"product_tag":[],"class_list":{"0":"post-73801","1":"product","2":"type-product","3":"status-publish","4":"has-post-thumbnail","6":"product_cat-accessori-popper","8":"first","9":"instock","10":"taxable","11":"shipping-taxable","12":"purchasable","13":"product-type-simple"},"acf":[],"_links":{"self":[{"href":"https:\/\/poppers-online.ch\/it\/wp-json\/wp\/v2\/product\/73801","targetHints":{"allow":["GET"]}}],"collection":[{"href":"https:\/\/poppers-online.ch\/it\/wp-json\/wp\/v2\/product"}],"about":[{"href":"https:\/\/poppers-online.ch\/it\/wp-json\/wp\/v2\/types\/product"}],"replies":[{"embeddable":true,"href":"https:\/\/poppers-online.ch\/it\/wp-json\/wp\/v2\/comments?post=73801"}],"wp:featuredmedia":[{"embeddable":true,"href":"https:\/\/poppers-online.ch\/it\/wp-json\/wp\/v2\/media\/73824"}],"wp:attachment":[{"href":"https:\/\/poppers-online.ch\/it\/wp-json\/wp\/v2\/media?parent=73801"}],"wp:term":[{"taxonomy":"product_brand","embeddable":true,"href":"https:\/\/poppers-online.ch\/it\/wp-json\/wp\/v2\/product_brand?post=73801"},{"taxonomy":"product_cat","embeddable":true,"href":"https:\/\/poppers-online.ch\/it\/wp-json\/wp\/v2\/product_cat?post=73801"},{"taxonomy":"product_tag","embeddable":true,"href":"https:\/\/poppers-online.ch\/it\/wp-json\/wp\/v2\/product_tag?post=73801"}],"curies":[{"name":"wp","href":"https:\/\/api.w.org\/{rel}","templated":true}]}}