{"id":73712,"date":"2023-10-24T20:47:21","date_gmt":"2023-10-24T18:47:21","guid":{"rendered":"https:\/\/poppers-online.ch\/?post_type=product&#038;p=73712"},"modified":"2025-11-23T06:30:18","modified_gmt":"2025-11-23T05:30:18","slug":"sniff-it-zuerich-combo-zuerich-popper-24ml-mit-popper-booster-cap-xtrm-double-small-blue-leak-proof","status":"publish","type":"product","link":"https:\/\/poppers-online.ch\/it\/prodotto\/sniff-it-zuerich-combo-zuerich-popper-24ml-mit-popper-booster-cap-xtrm-double-small-blue-leak-proof\/","title":{"rendered":"Sniff it Zurich-Combo! Zurich Popper 24ml con tappo Popper Booster XTRM doppio piccolo nero LEAK PROOF"},"content":{"rendered":"","protected":false},"excerpt":{"rendered":"<p><strong>Sniff it<\/strong> Zurich combo ad un prezzo da pacchetto HAMMER! Zurich Popper 24ml e Popper Booster Cap XTRM Double Small Black LEAK PROOF per un effetto popper ancora pi\u00f9 intenso. Effetto potenziato garantito. Mega <strong>Sniff it <\/strong>Swiss-Combo a un prezzo interessante \u00e8 l&#8217;offerta definitiva per il tuo popper extra! <a href=\"https:\/\/poppers-online.ch\/it\/prodotto\/zuerich-popper-24ml\/\"><strong>Il Popper Zurich 24ml<\/strong><\/a> \u00e8 realizzato a base di nitrito di pentile.<\/p>\n<p>Se ti scateni subito dopo aver sniffato il popper, potresti trovare il flacone di popper Zurich da 24 ml ribaltato e con perdite. Il team XTRM ha sviluppato un ingegnoso tappo a prova di perdite e facile da usare con un pulsante. Si avvita lo sniffer a prova di perdite sul flacone da 24 ml di Zurich Popper come di consueto.<\/p>\n<p>Solo quando si preme il pulsante sul lato del tappo, il popper fuoriesce dalla boccetta attraverso il canale del calcio. Quando si rilascia il pulsante, lo sniffer \u00e8 di nuovo <strong>sigillato al 100%<\/strong> e i popper rimangono nella boccetta, anche se la boccetta si rovescia perch\u00e9 \u00e8 caldo. Questo nuovo sistema di chiusura a pulsante \u00e8 di alta qualit\u00e0, non \u00e8 prodotto in serie e viene realizzato in Austria con grande impegno.<\/p>\n<p>Il tappo <strong>Booster Double Small Black LEAK PROOF<\/strong> si adatta a tutte le boccette <strong>da 10 e 30 ml <\/strong>di Lockerroom e a <strong>tutte le boccette di Shelbora e Oxymoron<\/strong>. Prova il calcio e il comfort extra quando tiri i popper. Niente pi\u00f9 boccette di popper rovesciate grazie al tappo a prova di perdite LEAK PROOF.<\/p>\n","protected":false},"featured_media":86017,"comment_status":"open","ping_status":"closed","template":"","meta":{"_acf_changed":false,"iawp_total_views":3,"_glsr_average":0,"_glsr_ranking":0,"_glsr_reviews":0},"product_brand":[],"product_cat":[1047,104,109,151,1304],"product_tag":[1391],"class_list":{"0":"post-73712","1":"product","2":"type-product","3":"status-publish","4":"has-post-thumbnail","6":"product_cat-popper","7":"product_cat-confezioni-value","8":"product_cat-boccette-grandi","9":"product_cat-accessori-popper","10":"product_cat-booster-caps-it","11":"product_tag-sniff-it-zuerich-combo-zuerich-poppers-24ml-mit-poppers-booster-cap-xtrm-double-small-blue-leak-proof-it","12":"pa_flaschenform-ovale-it","13":"pa_gewindegroesse-piccola","14":"pa_inhalt-combo","15":"pa_inhalt-24ml","16":"pa_inhaltsstoffe-nitrito-di-pentile","17":"pa_marke-oxy-edition-it","18":"pa_staerke-105","20":"first","21":"instock","22":"sale","23":"taxable","24":"shipping-taxable","25":"purchasable","26":"product-type-simple"},"acf":[],"_links":{"self":[{"href":"https:\/\/poppers-online.ch\/it\/wp-json\/wp\/v2\/product\/73712","targetHints":{"allow":["GET"]}}],"collection":[{"href":"https:\/\/poppers-online.ch\/it\/wp-json\/wp\/v2\/product"}],"about":[{"href":"https:\/\/poppers-online.ch\/it\/wp-json\/wp\/v2\/types\/product"}],"replies":[{"embeddable":true,"href":"https:\/\/poppers-online.ch\/it\/wp-json\/wp\/v2\/comments?post=73712"}],"wp:featuredmedia":[{"embeddable":true,"href":"https:\/\/poppers-online.ch\/it\/wp-json\/wp\/v2\/media\/86017"}],"wp:attachment":[{"href":"https:\/\/poppers-online.ch\/it\/wp-json\/wp\/v2\/media?parent=73712"}],"wp:term":[{"taxonomy":"product_brand","embeddable":true,"href":"https:\/\/poppers-online.ch\/it\/wp-json\/wp\/v2\/product_brand?post=73712"},{"taxonomy":"product_cat","embeddable":true,"href":"https:\/\/poppers-online.ch\/it\/wp-json\/wp\/v2\/product_cat?post=73712"},{"taxonomy":"product_tag","embeddable":true,"href":"https:\/\/poppers-online.ch\/it\/wp-json\/wp\/v2\/product_tag?post=73712"}],"curies":[{"name":"wp","href":"https:\/\/api.w.org\/{rel}","templated":true}]}}