{"id":71548,"date":"2023-10-03T16:32:19","date_gmt":"2023-10-03T14:32:19","guid":{"rendered":"https:\/\/poppers-online.ch\/?post_type=product&#038;p=71548"},"modified":"2025-10-27T15:27:37","modified_gmt":"2025-10-27T14:27:37","slug":"extreme-play-hard-popper-combo-3-x-24ml-popper","status":"publish","type":"product","link":"https:\/\/poppers-online.ch\/it\/prodotto\/extreme-play-hard-popper-combo-3-x-24ml-popper\/","title":{"rendered":"Popper Extreme Play Hard Combo 3 popper da 24 ml"},"content":{"rendered":"","protected":false},"excerpt":{"rendered":"<p><span style=\"font-weight: 400;\"><strong>Extreme Play Hard Popper Combo 3 x 24ml<\/strong> contiene: 1x BDSM ULTRA Popper 24ml, GLORY HOLE Popper 24ml e Booster Popper 24ml. <\/span><\/p>\n<p><a href=\"https:\/\/poppers-online.ch\/it\/prodotto\/bdsm-ultra-poppers-24ml\/\"><strong>BDSM ULTRA Popper 24ml <\/strong><\/a>\u00e8 sul mercato dal 2023 e contiene l&#8217;ex nitrito di pentile. Questo popper per utenti esperti \u00e8 un must per la tua prossima sessione BDSM. Grazie all&#8217;<strong>intensit\u00e0 6<\/strong> di questo flacone, tu e ogni schiavo sottomesso avrete il massimo. I Popper BDSM ULTRA sono ultra duri, ultra intensi e ultra duraturi e sono disponibili anche in un flacone da 10 ml.<\/p>\n<p><a href=\"https:\/\/poppers-online.ch\/it\/prodotto\/glory-hole-poppers-24ml\/\"><strong>GLORY HOLE Popper 24ml <\/strong><\/a>\u00e8 in commercio dal 2023 e contiene l&#8217;ex nitrito di pentile. Questo popper \u00e8 per tutti i fan del sesso orale la cui bocca non ne ha mai abbastanza. Grazie all&#8217;<strong>intensit\u00e0 6<\/strong> di questo flacone, i fan di Gloryhole e gli esperti del sesso orale ne vorranno sempre di pi\u00f9. GLORY HOLE Popper \u00e8 disponibile anche in un flacone da 10 ml.<\/p>\n<p><a href=\"https:\/\/poppers-online.ch\/it\/prodotto\/booster-poppers-24ml\/\"><strong>BOOSTER Popper 24ml\u00e8<\/strong><\/a> sul mercato dal 2023 e contiene l&#8217;ex nitrito di pentile genuino. L&#8217;<strong>intensit\u00e0 5<\/strong> di questo flacone ti permette di dimenticare tutto ci\u00f2 che ti circonda per abbandonarti completamente alle tue sensazioni lussuriose. Booster ti rende pronto per giochi prolungati e grossi calibri di qualsiasi tipo. BOOSTER Popper \u00e8 disponibile anche in un flacone da 10 ml.  <\/p>\n","protected":false},"featured_media":71552,"comment_status":"open","ping_status":"closed","template":"","meta":{"_acf_changed":false,"iawp_total_views":5,"_glsr_average":0,"_glsr_ranking":0,"_glsr_reviews":0},"product_brand":[],"product_cat":[1047,104,109],"product_tag":[1271],"class_list":{"0":"post-71548","1":"product","2":"type-product","3":"status-publish","4":"has-post-thumbnail","6":"product_cat-popper","7":"product_cat-confezioni-value","8":"product_cat-boccette-grandi","9":"product_tag-extreme-play-hard-poppers-combo-3-x-24ml-poppers-it","10":"pa_flaschenform-ovale-it","11":"pa_gewindegroesse-piccola","12":"pa_inhalt-combo","13":"pa_inhalt-24ml","14":"pa_inhaltsstoffe-nitrito-di-pentile","15":"pa_marke-oxy-edition-it","16":"pa_staerke-105","18":"first","19":"instock","20":"sale","21":"taxable","22":"shipping-taxable","23":"purchasable","24":"product-type-simple"},"acf":[],"_links":{"self":[{"href":"https:\/\/poppers-online.ch\/it\/wp-json\/wp\/v2\/product\/71548","targetHints":{"allow":["GET"]}}],"collection":[{"href":"https:\/\/poppers-online.ch\/it\/wp-json\/wp\/v2\/product"}],"about":[{"href":"https:\/\/poppers-online.ch\/it\/wp-json\/wp\/v2\/types\/product"}],"replies":[{"embeddable":true,"href":"https:\/\/poppers-online.ch\/it\/wp-json\/wp\/v2\/comments?post=71548"}],"wp:featuredmedia":[{"embeddable":true,"href":"https:\/\/poppers-online.ch\/it\/wp-json\/wp\/v2\/media\/71552"}],"wp:attachment":[{"href":"https:\/\/poppers-online.ch\/it\/wp-json\/wp\/v2\/media?parent=71548"}],"wp:term":[{"taxonomy":"product_brand","embeddable":true,"href":"https:\/\/poppers-online.ch\/it\/wp-json\/wp\/v2\/product_brand?post=71548"},{"taxonomy":"product_cat","embeddable":true,"href":"https:\/\/poppers-online.ch\/it\/wp-json\/wp\/v2\/product_cat?post=71548"},{"taxonomy":"product_tag","embeddable":true,"href":"https:\/\/poppers-online.ch\/it\/wp-json\/wp\/v2\/product_tag?post=71548"}],"curies":[{"name":"wp","href":"https:\/\/api.w.org\/{rel}","templated":true}]}}