{"id":71537,"date":"2023-10-03T16:10:34","date_gmt":"2023-10-03T14:10:34","guid":{"rendered":"https:\/\/poppers-online.ch\/?post_type=product&#038;p=71537"},"modified":"2025-10-23T12:41:17","modified_gmt":"2025-10-23T10:41:17","slug":"power-female-popper-pack-3-x-10ml-popper","status":"publish","type":"product","link":"https:\/\/poppers-online.ch\/it\/prodotto\/power-female-popper-pack-3-x-10ml-popper\/","title":{"rendered":"Power Female Popper Confezione da 3 Popper da 10 ml"},"content":{"rendered":"","protected":false},"excerpt":{"rendered":"<p><span style=\"font-weight: 400\"><strong>Power Female Popper Pack 3 x 10ml Popper<\/strong> contiene: 1x Lady 10ml Popper, 1x AMNESIA Popper 10ml, 1x POP ME UP Popper 10ml.  <\/span><\/p>\n<p><a href=\"https:\/\/poppers-online.ch\/it\/prodotto\/lady-poppers-10ml\/\"><strong>LADY Popper 10ml <\/strong><\/a>\u00e8 sul mercato dal 2023 e contiene l&#8217;ex nitrito di pentile genuino. Come suggerisce il nome, LADY Popper \u00e8 rivolto a tutte le donne che vogliono rilassarsi durante il sesso vaginale o anale. Con un&#8217;<strong>intensit\u00e0 di 4<\/strong>, i Popper sono di media intensit\u00e0 e si diffondono senza problemi in tutto il corpo. LADY Popper \u00e8 disponibile anche in una boccetta da 24 ml.   <\/p>\n<p><a href=\"https:\/\/poppers-online.ch\/it\/prodotto\/amnesia-420-poppers-10ml\/\"><strong>AMNESIA 420 Popper 10ml <\/strong><\/a>\u00e8 in commercio dal 2023 e contiene l&#8217;ex nitrito di pentile genuino. Sebbene questo Popper riporti il simbolo di una foglia di canapa sull&#8217;etichetta, nella boccetta non \u00e8 presente alcun prodotto a base di canapa. Il Popper non \u00e8 una droga o un narcotico. Ma questo Popper ti fa anche dimenticare tutto ci\u00f2 che ti circonda e ti permette di scoppare come se non ci fosse un domani. AMNESIA 420 Popper \u00e8 disponibile anche in una boccetta da 24 ml.    <\/p>\n<p><a href=\"https:\/\/poppers-online.ch\/it\/prodotto\/pop-me-up-poppers-10ml\/\"><strong>POP ME UP Popper 10ml <\/strong><\/a>\u00e8 sul mercato dal 2023 e contiene l&#8217;ex nitrito di pentile genuino. Questo Popper ha origine in Francia e non dovrebbe assolutamente mancare alla tua prossima sessione di hot pop.  A proposito, il termine &#8220;pop me up&#8221; significa &#8220;chiamami&#8221;. Ma &#8220;pop me up&#8221; pu\u00f2 anche essere inteso come &#8220;scopami, sono disponibile e pronta per te&#8221;. POP ME UP Popper \u00e8 disponibile anche in una boccetta da 24 ml.<\/p>\n","protected":false},"featured_media":105020,"comment_status":"open","ping_status":"closed","template":"","meta":{"_acf_changed":false,"iawp_total_views":5,"_glsr_average":0,"_glsr_ranking":0,"_glsr_reviews":0},"product_brand":[],"product_cat":[1047,104,112],"product_tag":[1267],"class_list":{"0":"post-71537","1":"product","2":"type-product","3":"status-publish","4":"has-post-thumbnail","6":"product_cat-popper","7":"product_cat-confezioni-value","8":"product_cat-boccette-piccole","9":"product_tag-power-female-poppers-pack-3-x-10ml-poppers-it","10":"pa_flaschenform-rotonda-piccola","11":"pa_gewindegroesse-piccola","12":"pa_inhalt-combo","13":"pa_inhalt-10ml","14":"pa_inhaltsstoffe-nitrito-di-pentile","15":"pa_marke-oxy-edition-it","16":"pa_staerke-111","18":"first","19":"instock","20":"sale","21":"taxable","22":"shipping-taxable","23":"purchasable","24":"product-type-simple"},"acf":[],"_links":{"self":[{"href":"https:\/\/poppers-online.ch\/it\/wp-json\/wp\/v2\/product\/71537","targetHints":{"allow":["GET"]}}],"collection":[{"href":"https:\/\/poppers-online.ch\/it\/wp-json\/wp\/v2\/product"}],"about":[{"href":"https:\/\/poppers-online.ch\/it\/wp-json\/wp\/v2\/types\/product"}],"replies":[{"embeddable":true,"href":"https:\/\/poppers-online.ch\/it\/wp-json\/wp\/v2\/comments?post=71537"}],"wp:featuredmedia":[{"embeddable":true,"href":"https:\/\/poppers-online.ch\/it\/wp-json\/wp\/v2\/media\/105020"}],"wp:attachment":[{"href":"https:\/\/poppers-online.ch\/it\/wp-json\/wp\/v2\/media?parent=71537"}],"wp:term":[{"taxonomy":"product_brand","embeddable":true,"href":"https:\/\/poppers-online.ch\/it\/wp-json\/wp\/v2\/product_brand?post=71537"},{"taxonomy":"product_cat","embeddable":true,"href":"https:\/\/poppers-online.ch\/it\/wp-json\/wp\/v2\/product_cat?post=71537"},{"taxonomy":"product_tag","embeddable":true,"href":"https:\/\/poppers-online.ch\/it\/wp-json\/wp\/v2\/product_tag?post=71537"}],"curies":[{"name":"wp","href":"https:\/\/api.w.org\/{rel}","templated":true}]}}