{"id":71527,"date":"2023-10-03T15:43:07","date_gmt":"2023-10-03T13:43:07","guid":{"rendered":"https:\/\/poppers-online.ch\/?post_type=product&#038;p=71527"},"modified":"2025-08-18T16:14:26","modified_gmt":"2025-08-18T14:14:26","slug":"beginner-combo-pack-3-x-10ml-popper","status":"publish","type":"product","link":"https:\/\/poppers-online.ch\/it\/prodotto\/beginner-combo-pack-3-x-10ml-popper\/","title":{"rendered":"Confezione combinata per principianti 3 Popper da 10 ml"},"content":{"rendered":"","protected":false},"excerpt":{"rendered":"<p><span style=\"font-weight: 400\">Il <strong>pacchetto Combo Principianti 3 x 10ml <\/strong>contiene: 1x Basic Bitch for Beginners Popper 10ml, 1x Kinky Monster Popper Original 10ml e Dirty PIG 10ml Popper.  <\/span><\/p>\n<p><a href=\"https:\/\/poppers-online.ch\/it\/prodotto\/basic-bitch-for-beginners-poppers-10ml\/\"><strong>BASIC BITCH FOR BEGINNERS Popper 10ml <\/strong><\/a>\u00e8 sul mercato dal 2023 e contiene l&#8217;ex nitrito di pentile. Questo popper \u00e8 destinato a uomini e donne che vogliono familiarizzare con il mondo del popper. Questo Popper ti toglie le inibizioni e ti rende una facile sgualdrina a letto o alla festa. Se non hai mai usato il Popper, leggi le nostre istruzioni nella sezione FAQ di questo sito. BASIC BITCH FOR BEGINNERS Popper \u00e8 disponibile anche in una boccetta da 24 ml.    <\/p>\n<p><a href=\"https:\/\/poppers-online.ch\/it\/prodotto\/kinky-monster-original-poppers-10ml\/\"><strong>Kinky Monster Original Popper 10ml <\/strong><\/a>\u00e8 rivolto a tutti i kinkster e rappresenta un Popper ancora pi\u00f9 intenso e duraturo. Le boccette di Kinky Monster Popper contengono anche nitrito di pentile particolarmente puro ad alta percentuale. I Kinky Monster Popper sono disponibili in 8 gusti diversi. Kinky Monster Original \u00e8 la formulazione base di tutti i prodotti Kinky Monster Popper.   <\/p>\n<p><a href=\"https:\/\/poppers-online.ch\/it\/prodotto\/dirty-pig-poppers-10ml\/\"><strong>Dirty PIG Popper 10ml <\/strong><\/a>\u00e8 sul mercato dal 2023 e contiene l&#8217;ex nitrito di pentile. Questo Popper \u00e8 un must per la tua prossima sessione di sesso perverso. L&#8217;<strong>intensit\u00e0 5<\/strong> di questa boccetta ti permette di godere appieno delle tue avventure di sesso sporco. Dirty PIG Popper ti trasformer\u00e0 in un vero maiale a letto. Dirty PIG Popper \u00e8 disponibile anche in una boccetta da 24 ml.    <\/p>\n<p>&nbsp;<\/p>\n","protected":false},"featured_media":71531,"comment_status":"open","ping_status":"closed","template":"","meta":{"_acf_changed":false,"iawp_total_views":1,"_glsr_average":0,"_glsr_ranking":0,"_glsr_reviews":0},"product_brand":[],"product_cat":[1047,104,112],"product_tag":[1260],"class_list":{"0":"post-71527","1":"product","2":"type-product","3":"status-publish","4":"has-post-thumbnail","6":"product_cat-popper","7":"product_cat-confezioni-value","8":"product_cat-boccette-piccole","9":"product_tag-swiss-edition-poppers-combo-3-x-10ml-poppers-it","10":"pa_flaschenform-rotonda-piccola","11":"pa_gewindegroesse-piccola","12":"pa_inhalt-combo","13":"pa_inhalt-10ml","14":"pa_inhaltsstoffe-nitrito-di-pentile","15":"pa_marke-kinky-monster-popper","16":"pa_marke-oxy-edition-it","17":"pa_staerke-103","19":"first","20":"instock","21":"sale","22":"taxable","23":"shipping-taxable","24":"purchasable","25":"product-type-simple"},"acf":[],"_links":{"self":[{"href":"https:\/\/poppers-online.ch\/it\/wp-json\/wp\/v2\/product\/71527","targetHints":{"allow":["GET"]}}],"collection":[{"href":"https:\/\/poppers-online.ch\/it\/wp-json\/wp\/v2\/product"}],"about":[{"href":"https:\/\/poppers-online.ch\/it\/wp-json\/wp\/v2\/types\/product"}],"replies":[{"embeddable":true,"href":"https:\/\/poppers-online.ch\/it\/wp-json\/wp\/v2\/comments?post=71527"}],"wp:featuredmedia":[{"embeddable":true,"href":"https:\/\/poppers-online.ch\/it\/wp-json\/wp\/v2\/media\/71531"}],"wp:attachment":[{"href":"https:\/\/poppers-online.ch\/it\/wp-json\/wp\/v2\/media?parent=71527"}],"wp:term":[{"taxonomy":"product_brand","embeddable":true,"href":"https:\/\/poppers-online.ch\/it\/wp-json\/wp\/v2\/product_brand?post=71527"},{"taxonomy":"product_cat","embeddable":true,"href":"https:\/\/poppers-online.ch\/it\/wp-json\/wp\/v2\/product_cat?post=71527"},{"taxonomy":"product_tag","embeddable":true,"href":"https:\/\/poppers-online.ch\/it\/wp-json\/wp\/v2\/product_tag?post=71527"}],"curies":[{"name":"wp","href":"https:\/\/api.w.org\/{rel}","templated":true}]}}