{"id":71514,"date":"2023-10-03T14:58:13","date_gmt":"2023-10-03T12:58:13","guid":{"rendered":"https:\/\/poppers-online.ch\/?post_type=product&#038;p=71514"},"modified":"2025-11-02T01:42:45","modified_gmt":"2025-11-02T00:42:45","slug":"swiss-edition-popper-combo-3-x-10ml-popper","status":"publish","type":"product","link":"https:\/\/poppers-online.ch\/it\/prodotto\/swiss-edition-popper-combo-3-x-10ml-popper\/","title":{"rendered":"Combo di Popper in edizione svizzera 3 Popper da 10 ml"},"content":{"rendered":"","protected":false},"excerpt":{"rendered":"<p><strong>Combo di Popper Edizione Svizzera 3 Popper da 10ml<\/strong><span style=\"font-weight: 400\"><strong> <\/strong>contiene: 1x Succo Premium Svizzero 10ml, 1x Popper Zurigo 10ml e 1x Popper POP ME UP 10ml.<\/span><\/p>\n<p><a href=\"https:\/\/poppers-online.ch\/it\/prodotto\/swiss-premium-juice-popper-10ml\/\"><strong>Lo Swiss Premium Juice Popper 10ml <\/strong><\/a>\u00e8 una novit\u00e0 sul mercato svizzero dal 2022. Si basa sul nitrito di pentile originale. Questo Popper Swiss Premium Juice intenso, di altissima qualit\u00e0, ti dar\u00e0 il massimo per la tua prossima sessione di sesso in Svizzera.<\/p>\n<p><a href=\"https:\/\/poppers-online.ch\/it\/prodotto\/zuerich-popper-10ml\/\"><strong>Zurich Popper 10ml<\/strong> <\/a>\u00e8 sul mercato dal 2023 e contiene il vecchio nitrito di pentile genuino. Dopo Amsterdam Popper e Berlino Popper, anche Zurigo Popper sta finalmente seguendo il suo esempio.  Zurigo non \u00e8 solo sinonimo di Zwingli, Pestalozzi, Sechsel\u00e4uten e Knabenschiessen. Zurigo \u00e8 la metropoli gay della Svizzera ed \u00e8 considerata la citt\u00e0 pi\u00f9 gay-friendly della Svizzera. Ecco perch\u00e9 abbiamo dedicato i Popper di Zurigo con <strong>intensit\u00e0 6<\/strong> a questa citt\u00e0 che amiamo cos\u00ec tanto. Zurigo, continua ad essere cos\u00ec aperta a tutti noi.<\/p>\n<p><a href=\"https:\/\/poppers-online.ch\/it\/prodotto\/pop-me-up-poppers-10ml\/\"><strong>POP ME UP Popper 10ml <\/strong><\/a>\u00e8 sul mercato dal 2023 e contiene l&#8217;ex nitrito di pentile. Questo popper ha origine in Francia e non dovrebbe mancare alla tua prossima sessione hot pop.  A proposito, il termine &#8220;pop me up&#8221; significa &#8220;chiamami&#8221;. Ma &#8220;pop me up&#8221; pu\u00f2 anche essere inteso come &#8220;scopami, sono disponibile e pronta per te&#8221;. POP ME UP Popper \u00e8 disponibile anche in una boccetta da 24 ml.<\/p>\n","protected":false},"featured_media":71518,"comment_status":"open","ping_status":"closed","template":"","meta":{"_acf_changed":false,"iawp_total_views":7,"_glsr_average":0,"_glsr_ranking":0,"_glsr_reviews":0},"product_brand":[],"product_cat":[1047,104,112],"product_tag":[1260],"class_list":{"0":"post-71514","1":"product","2":"type-product","3":"status-publish","4":"has-post-thumbnail","6":"product_cat-popper","7":"product_cat-confezioni-value","8":"product_cat-boccette-piccole","9":"product_tag-swiss-edition-poppers-combo-3-x-10ml-poppers-it","10":"pa_flaschenform-rotonda-piccola","11":"pa_gewindegroesse-piccola","12":"pa_inhalt-combo","13":"pa_inhalt-10ml","14":"pa_inhaltsstoffe-nitrito-di-pentile","15":"pa_marke-oxy-edition-it","16":"pa_staerke-103","18":"first","19":"instock","20":"sale","21":"taxable","22":"shipping-taxable","23":"purchasable","24":"product-type-simple"},"acf":[],"_links":{"self":[{"href":"https:\/\/poppers-online.ch\/it\/wp-json\/wp\/v2\/product\/71514","targetHints":{"allow":["GET"]}}],"collection":[{"href":"https:\/\/poppers-online.ch\/it\/wp-json\/wp\/v2\/product"}],"about":[{"href":"https:\/\/poppers-online.ch\/it\/wp-json\/wp\/v2\/types\/product"}],"replies":[{"embeddable":true,"href":"https:\/\/poppers-online.ch\/it\/wp-json\/wp\/v2\/comments?post=71514"}],"wp:featuredmedia":[{"embeddable":true,"href":"https:\/\/poppers-online.ch\/it\/wp-json\/wp\/v2\/media\/71518"}],"wp:attachment":[{"href":"https:\/\/poppers-online.ch\/it\/wp-json\/wp\/v2\/media?parent=71514"}],"wp:term":[{"taxonomy":"product_brand","embeddable":true,"href":"https:\/\/poppers-online.ch\/it\/wp-json\/wp\/v2\/product_brand?post=71514"},{"taxonomy":"product_cat","embeddable":true,"href":"https:\/\/poppers-online.ch\/it\/wp-json\/wp\/v2\/product_cat?post=71514"},{"taxonomy":"product_tag","embeddable":true,"href":"https:\/\/poppers-online.ch\/it\/wp-json\/wp\/v2\/product_tag?post=71514"}],"curies":[{"name":"wp","href":"https:\/\/api.w.org\/{rel}","templated":true}]}}