{"id":71498,"date":"2023-10-03T14:12:20","date_gmt":"2023-10-03T12:12:20","guid":{"rendered":"https:\/\/poppers-online.ch\/?post_type=product&#038;p=71498"},"modified":"2025-08-18T16:14:23","modified_gmt":"2025-08-18T14:14:23","slug":"pervert-pig-popper-combo-2-x-10ml-popper","status":"publish","type":"product","link":"https:\/\/poppers-online.ch\/it\/prodotto\/pervert-pig-popper-combo-2-x-10ml-popper\/","title":{"rendered":"Combo di Popper Pervertiti 2 boccette da 10ml"},"content":{"rendered":"","protected":false},"excerpt":{"rendered":"<p><span style=\"font-weight: 400\"><strong>Pervert Pig Popper Combo 2 boccette da 10ml<\/strong> contiene: 1x Dirty PIG Popper 10ml e 1x PERVERT SUBBOY Popper 10ml.  <\/span><\/p>\n<p><a href=\"https:\/\/poppers-online.ch\/it\/prodotto\/dirty-pig-poppers-10ml\/\"><strong>Dirty PIG Popper 10ml<\/strong><\/a> \u00e8 sul mercato dal 2023 e contiene l&#8217;ex nitrito di pentile. Questo Popper \u00e8 un must per la tua prossima sessione di sesso perverso. L&#8217;<strong>intensit\u00e0 5<\/strong> di questa boccetta ti permette di godere appieno delle tue avventure di sesso sporco. Dirty PIG Popper ti trasformer\u00e0 in un vero maiale a letto. Dirty PIG Popper \u00e8 disponibile anche in una boccetta da 24 ml.    <\/p>\n<p><a href=\"https:\/\/poppers-online.ch\/it\/prodotto\/pervert-subboy-poppers-10ml\/\"><strong>PERVERT SUBBOY Popper 10ml <\/strong><\/a>\u00e8 sul mercato dal 2023 e contiene l&#8217;ex nitrito di pentile. Questo Popper \u00e8 un must per la tua prossima sessione di DOM e SUB. Grazie all&#8217;<strong>intensit\u00e0 6<\/strong> contenuta in questa boccetta, ogni ragazzo normale diventa un SUBBOY sottomesso e remissivo. PERVERT SUBBOY Popper \u00e8 disponibile anche in una boccetta da 24 ml.   <\/p>\n","protected":false},"featured_media":71502,"comment_status":"open","ping_status":"closed","template":"","meta":{"_acf_changed":false,"iawp_total_views":15,"_glsr_average":0,"_glsr_ranking":0,"_glsr_reviews":0},"product_brand":[],"product_cat":[1047,104,112],"product_tag":[2146],"class_list":{"0":"post-71498","1":"product","2":"type-product","3":"status-publish","4":"has-post-thumbnail","6":"product_cat-popper","7":"product_cat-confezioni-value","8":"product_cat-boccette-piccole","9":"product_tag-combo-di-popper-pervertiti-2-boccette-da-10ml","10":"pa_flaschenform-rotonda-piccola","11":"pa_gewindegroesse-piccola","12":"pa_inhalt-combo","13":"pa_inhalt-10ml","14":"pa_inhaltsstoffe-nitrito-di-pentile","15":"pa_marke-oxy-edition-it","16":"pa_staerke-105","18":"first","19":"instock","20":"sale","21":"taxable","22":"shipping-taxable","23":"purchasable","24":"product-type-simple"},"acf":[],"_links":{"self":[{"href":"https:\/\/poppers-online.ch\/it\/wp-json\/wp\/v2\/product\/71498","targetHints":{"allow":["GET"]}}],"collection":[{"href":"https:\/\/poppers-online.ch\/it\/wp-json\/wp\/v2\/product"}],"about":[{"href":"https:\/\/poppers-online.ch\/it\/wp-json\/wp\/v2\/types\/product"}],"replies":[{"embeddable":true,"href":"https:\/\/poppers-online.ch\/it\/wp-json\/wp\/v2\/comments?post=71498"}],"wp:featuredmedia":[{"embeddable":true,"href":"https:\/\/poppers-online.ch\/it\/wp-json\/wp\/v2\/media\/71502"}],"wp:attachment":[{"href":"https:\/\/poppers-online.ch\/it\/wp-json\/wp\/v2\/media?parent=71498"}],"wp:term":[{"taxonomy":"product_brand","embeddable":true,"href":"https:\/\/poppers-online.ch\/it\/wp-json\/wp\/v2\/product_brand?post=71498"},{"taxonomy":"product_cat","embeddable":true,"href":"https:\/\/poppers-online.ch\/it\/wp-json\/wp\/v2\/product_cat?post=71498"},{"taxonomy":"product_tag","embeddable":true,"href":"https:\/\/poppers-online.ch\/it\/wp-json\/wp\/v2\/product_tag?post=71498"}],"curies":[{"name":"wp","href":"https:\/\/api.w.org\/{rel}","templated":true}]}}