{"id":70408,"date":"2023-09-23T23:25:54","date_gmt":"2023-09-23T21:25:54","guid":{"rendered":"https:\/\/poppers-online.ch\/?post_type=product&#038;p=70408"},"modified":"2024-10-15T23:45:23","modified_gmt":"2024-10-15T21:45:23","slug":"sport-fucker-tpe-baller-ring-rosso","status":"publish","type":"product","link":"https:\/\/poppers-online.ch\/it\/prodotto\/sport-fucker-tpe-baller-ring-rosso\/","title":{"rendered":"Sport Fucker TPE Baller Ring \u2013 rosso"},"content":{"rendered":"","protected":false},"excerpt":{"rendered":"<p>Il <strong>Sport Fucker TPE Baller Ring \u2013 rosso<\/strong> con combo Cockring e Ball Stretcher in TPE \u00e8 tanto comodo quanto invitante. Lubrificato, scorre sulla pelle garantendo una vestibilit\u00e0 aderente senza causare disagio. Il suo design ergonomico consente una facile indossabilit\u00e0 durante il gioco da soli o nei momenti condivisi, aumentando il piacere per tutti i partecipanti.<\/p>\n<p>Che tu sia un principiante che si avventura in nuove sensazioni o un giocatore esperto che cerca di superare i limiti, il Baller Ring sapr\u00e0 soddisfare.<\/p>\n<p>La porzione del Ball Stretcher misura un diametro interno di 35 mm.<\/p>\n<p>La porzione del Cock Ring misura un diametro interno di 25 mm.<\/p>\n","protected":false},"featured_media":70412,"comment_status":"open","ping_status":"closed","template":"","meta":{"_acf_changed":false,"iawp_total_views":4,"_glsr_average":0,"_glsr_ranking":0,"_glsr_reviews":0},"product_brand":[],"product_cat":[2089,2092,172],"product_tag":[],"class_list":{"0":"post-70408","1":"product","2":"type-product","3":"status-publish","4":"has-post-thumbnail","6":"product_cat-ball-play","7":"product_cat-cock-play","8":"product_cat-sex-toys","10":"first","11":"instock","12":"taxable","13":"shipping-taxable","14":"purchasable","15":"product-type-simple"},"acf":[],"_links":{"self":[{"href":"https:\/\/poppers-online.ch\/it\/wp-json\/wp\/v2\/product\/70408","targetHints":{"allow":["GET"]}}],"collection":[{"href":"https:\/\/poppers-online.ch\/it\/wp-json\/wp\/v2\/product"}],"about":[{"href":"https:\/\/poppers-online.ch\/it\/wp-json\/wp\/v2\/types\/product"}],"replies":[{"embeddable":true,"href":"https:\/\/poppers-online.ch\/it\/wp-json\/wp\/v2\/comments?post=70408"}],"wp:featuredmedia":[{"embeddable":true,"href":"https:\/\/poppers-online.ch\/it\/wp-json\/wp\/v2\/media\/70412"}],"wp:attachment":[{"href":"https:\/\/poppers-online.ch\/it\/wp-json\/wp\/v2\/media?parent=70408"}],"wp:term":[{"taxonomy":"product_brand","embeddable":true,"href":"https:\/\/poppers-online.ch\/it\/wp-json\/wp\/v2\/product_brand?post=70408"},{"taxonomy":"product_cat","embeddable":true,"href":"https:\/\/poppers-online.ch\/it\/wp-json\/wp\/v2\/product_cat?post=70408"},{"taxonomy":"product_tag","embeddable":true,"href":"https:\/\/poppers-online.ch\/it\/wp-json\/wp\/v2\/product_tag?post=70408"}],"curies":[{"name":"wp","href":"https:\/\/api.w.org\/{rel}","templated":true}]}}