{"id":69410,"date":"2023-09-17T20:37:25","date_gmt":"2023-09-17T18:37:25","guid":{"rendered":"https:\/\/poppers-online.ch\/?post_type=product&#038;p=69410"},"modified":"2026-04-12T05:44:39","modified_gmt":"2026-04-12T03:44:39","slug":"confezione-regalo-popper-nero-rosso-con-3-bottiglie-e-sniffer-a-prova-di-fuoriuscita","status":"publish","type":"product","link":"https:\/\/poppers-online.ch\/it\/prodotto\/confezione-regalo-popper-nero-rosso-con-3-bottiglie-e-sniffer-a-prova-di-fuoriuscita\/","title":{"rendered":"Confezione regalo Popper nero\/rosso con 3 bottiglie e sniffer a prova di fuoriuscita"},"content":{"rendered":"<p>&nbsp;<\/p>\n<div id=\"a36bb854c610d44-autofill-overlay-host\" class=\"a36bb854c610d44-autofill-overlay-host\" style=\"position: absolute; z-index: 10; top: 0px; left: 0px; width: 0;\">\n<div><\/div>\n<\/div>\n<div id=\"a36bb854c610d44-autofill-overlay-host\" class=\"a36bb854c610d44-autofill-overlay-host\" style=\"position: absolute; z-index: 10; top: 0px; left: 0px; width: 0;\">\n<div><\/div>\n<\/div>\n","protected":false},"excerpt":{"rendered":"<p><strong>Cercate un regalo per un fan dei popper o per voi stessi?<\/strong> La nostra confezione regalo Popper nero\/rosso con <strong>3 bottiglie e sniffer<\/strong> a prova di perdite attirer\u00e0 l&#8217;attenzione del destinatario. Questa confezione regalo contiene i seguenti <strong>5 prodotti:<\/strong><\/p>\n<ul>\n<li><strong>Kinky Monster Black Popper 10ml:<\/strong> Kinky Monster Black Popper 10ml \u00e8 rivolto a tutti i kinksters ed \u00e8 sinonimo di popper ancora pi\u00f9 forti e duraturi. I flaconi di Kinky Monster Popper contengono nitrito di pentile particolarmente puro e ad alta percentuale. I Kinky Monster Popper sono disponibili in 8 gusti diversi. Kinky Monster Black Popper \u00e8 uno dei popper pi\u00f9 forti. Abbiamo sviluppato questo popper appositamente per tutti gli appassionati di gomma e per i ragazzi perversi della gomma. Anche a voi piace essere ricoperti di lattice da cima a fondo o essere alla merc\u00e9 del vostro padrone come un gimp di gomma? Allora i Popper neri Kinky Monster devono assolutamente far parte della vostra prossima sessione di gomma.<\/li>\n<li><strong>BDSM ULTRA Popper 24ml:<\/strong> BDSM ULTRA Popper 24ml \u00e8 sul mercato dal 2023 e contiene l&#8217;ex nitrito di pentile. Questo popper avanzato \u00e8 un must per la vostra prossima sessione BDSM arrapante. Grazie alla forza di 6 sostanze contenute in questo flacone, voi e ogni schiavo sottomesso avrete il massimo. BDSM ULTRA Popper \u00e8 ultra duro, ultra forte e ultra duraturo ed \u00e8 disponibile anche in un flacone da 10ml.<\/li>\n<li><strong>BOOSTER Popper 10ml:<\/strong> BOOSTER Popper 10ml \u00e8 sul mercato dal 2023 e contiene l&#8217;ex nitrito di pentile. La potenza 5 di questo flacone vi fa dimenticare tutto ci\u00f2 che vi circonda per abbandonarvi completamente alle vostre sensazioni di arrapamento e lussuria. Booster vi rende pronti per giochi prolungati e grossi calibri di qualsiasi tipo. BOOSTER Popper \u00e8 disponibile anche in un flacone da 24 ml.<\/li>\n<li><strong>Popper Booster Cap XTRM LEAK PROOF Black<\/strong>: Quando le cose si scatenano subito dopo aver sniffato il popper, capita di trovare la bottiglia di popper ribaltata e che perde. Il team XTRM ha sviluppato un ingegnoso tappo a prova di perdite e facile da usare XTRM Double Small Black LEAK PROOF con pulsante. L&#8217;annusatore a prova di perdite viene avvitato sulla bottiglia come di consueto. Solo quando si preme il pulsante sul lato del tappo, i popper fuoriescono dalla bottiglia attraverso il canale del calcio. Quando si rilascia il pulsante, lo sniffer \u00e8 di nuovo al 100% a prova di perdite e i popper rimangono nella bottiglia, anche se la bottiglia si rovescia perch\u00e9 si scalda.<\/li>\n<li><strong>Deposito di popper per 4 bottiglie nero-rosso:<\/strong> il rivoluzionario deposito di popper risolve un problema ben noto: le bottiglie rimangono in giro fino al prossimo utilizzo, nel cassetto o nell&#8217;armadio fetish. Con il popper storage depot, le bottiglie sono garantite per rimanere in piedi durante lo stoccaggio e non cadere. Inoltre, con questo pratico prodotto di stoccaggio, i popper trovano un posto fisso e sicuro nel cassetto, sulla scrivania, nell&#8217;armadio fetish o sul comodino. Create ordine e date alle vostre bottiglie un posto sicuro e protetto. Questa versione offre spazio per 3 piccole bottiglie rotonde o XTRM Booster Cap e una bottiglia ovale di Shelbora o Oxymoron.<\/li>\n<\/ul>\n<div id=\"a36bb854c610d44-autofill-overlay-host\" class=\"a36bb854c610d44-autofill-overlay-host\" style=\"position: absolute; z-index: 10; top: 0px; left: 0px; width: 0;\">\n<div><\/div>\n<\/div>\n<div id=\"a36bb854c610d44-autofill-overlay-host\" class=\"a36bb854c610d44-autofill-overlay-host\" style=\"position: absolute; z-index: 10; top: 0px; left: 0px; width: 0;\">\n<div><\/div>\n<\/div>\n","protected":false},"featured_media":67007,"comment_status":"open","ping_status":"closed","template":"","meta":{"_acf_changed":false,"iawp_total_views":1,"_glsr_average":0,"_glsr_ranking":0,"_glsr_reviews":0},"product_brand":[],"product_cat":[1047,104,109,112,151,1298,1304],"product_tag":[],"class_list":{"0":"post-69410","1":"product","2":"type-product","3":"status-publish","4":"has-post-thumbnail","6":"product_cat-popper","7":"product_cat-confezioni-value","8":"product_cat-boccette-grandi","9":"product_cat-boccette-piccole","10":"product_cat-accessori-popper","11":"product_cat-depositi-di-stoccaggio","12":"product_cat-booster-caps-it","13":"pa_flaschenform-ovale-it","14":"pa_flaschenform-rotonda-piccola","15":"pa_gewindegroesse-piccola","16":"pa_inhalt-combo","17":"pa_inhalt-24ml","18":"pa_inhalt-10ml","19":"pa_inhaltsstoffe-nitrito-di-pentile","20":"pa_staerke-105","22":"first","23":"instock","24":"sale","25":"taxable","26":"shipping-taxable","27":"purchasable","28":"product-type-simple"},"acf":[],"_links":{"self":[{"href":"https:\/\/poppers-online.ch\/it\/wp-json\/wp\/v2\/product\/69410","targetHints":{"allow":["GET"]}}],"collection":[{"href":"https:\/\/poppers-online.ch\/it\/wp-json\/wp\/v2\/product"}],"about":[{"href":"https:\/\/poppers-online.ch\/it\/wp-json\/wp\/v2\/types\/product"}],"replies":[{"embeddable":true,"href":"https:\/\/poppers-online.ch\/it\/wp-json\/wp\/v2\/comments?post=69410"}],"wp:featuredmedia":[{"embeddable":true,"href":"https:\/\/poppers-online.ch\/it\/wp-json\/wp\/v2\/media\/67007"}],"wp:attachment":[{"href":"https:\/\/poppers-online.ch\/it\/wp-json\/wp\/v2\/media?parent=69410"}],"wp:term":[{"taxonomy":"product_brand","embeddable":true,"href":"https:\/\/poppers-online.ch\/it\/wp-json\/wp\/v2\/product_brand?post=69410"},{"taxonomy":"product_cat","embeddable":true,"href":"https:\/\/poppers-online.ch\/it\/wp-json\/wp\/v2\/product_cat?post=69410"},{"taxonomy":"product_tag","embeddable":true,"href":"https:\/\/poppers-online.ch\/it\/wp-json\/wp\/v2\/product_tag?post=69410"}],"curies":[{"name":"wp","href":"https:\/\/api.w.org\/{rel}","templated":true}]}}