{"id":69352,"date":"2023-09-17T15:21:40","date_gmt":"2023-09-17T13:21:40","guid":{"rendered":"https:\/\/poppers-online.ch\/?post_type=product&#038;p=69352"},"modified":"2024-10-15T23:45:39","modified_gmt":"2024-10-15T21:45:39","slug":"boy-19-teen-twink-masturbator-cyrus-stark","status":"publish","type":"product","link":"https:\/\/poppers-online.ch\/it\/prodotto\/boy-19-teen-twink-masturbator-cyrus-stark\/","title":{"rendered":"Boy 19! Teen Twink Masturbator &#8211; Cyrus Stark"},"content":{"rendered":"","protected":false},"excerpt":{"rendered":"<p>Non lasciatevi ingannare dal suo viso carino e dagli occhi azzurri. A Cyrus Stark piace essere selvaggio. In basso o in alto, per lui va bene tutto! Grazie a Boy 19! Ora potete avere la sua bocca affamata ogni volta che volete. Questo masturbatore \u00e8 stato scolpito nei minimi dettagli dalla pornostar in persona, riconoscerete le sue labbra sexy non appena le vedrete!<\/p>\n<p>Lo Stroker di Cyrus Stark \u00e8 realizzato in materiale TPR privo di ftalati ed \u00e8 dotato di un tunnel testurizzato per sensazioni di pompino reali. Il masturbatore \u00e8 liscio ed elegante, in modo da poterlo stringere con la mano durante l&#8217;azione per una stimolazione pi\u00f9 forte.<\/p>\n<p>Il collo stretto \u00e8 delizioso quanto basta. Si consiglia di utilizzare un lubrificante a base d&#8217;acqua per godere appieno dell&#8217;esperienza. Dopo l&#8217;uso, pulire accuratamente il masturbatore con acqua tiepida e sapone neutro. Lasciare asciugare all&#8217;aria e applicare il Toy Cleaner.<\/p>\n<p>Dettagli del prodotto:<br \/>\n&#8211; modellato da Cyrus Stark in persona<br \/>\n&#8211; tunnel interno strutturato per sensazioni simili a quelle di un pompino<br \/>\n&#8211; compatibile con lubrificanti ad acqua<br \/>\n&#8211; TPR senza ftalati<\/p>\n<p>lunghezza totale: circa 15 cm<br \/>\ndiametro: circa 5 &#8211; 6 cm<br \/>\nmateriale: TPR<br \/>\ncolore: pelle chiara<\/p>\n","protected":false},"featured_media":69366,"comment_status":"open","ping_status":"closed","template":"","meta":{"_acf_changed":false,"iawp_total_views":2,"_glsr_average":0,"_glsr_ranking":0,"_glsr_reviews":0},"product_brand":[],"product_cat":[2095,172],"product_tag":[1218],"class_list":{"0":"post-69352","1":"product","2":"type-product","3":"status-publish","4":"has-post-thumbnail","6":"product_cat-masturbatore","7":"product_cat-sex-toys","8":"product_tag-boy-19-teen-twink-masturbator-cyrus-stark-it","10":"first","11":"instock","12":"sale","13":"taxable","14":"shipping-taxable","15":"purchasable","16":"product-type-simple"},"acf":[],"_links":{"self":[{"href":"https:\/\/poppers-online.ch\/it\/wp-json\/wp\/v2\/product\/69352","targetHints":{"allow":["GET"]}}],"collection":[{"href":"https:\/\/poppers-online.ch\/it\/wp-json\/wp\/v2\/product"}],"about":[{"href":"https:\/\/poppers-online.ch\/it\/wp-json\/wp\/v2\/types\/product"}],"replies":[{"embeddable":true,"href":"https:\/\/poppers-online.ch\/it\/wp-json\/wp\/v2\/comments?post=69352"}],"wp:featuredmedia":[{"embeddable":true,"href":"https:\/\/poppers-online.ch\/it\/wp-json\/wp\/v2\/media\/69366"}],"wp:attachment":[{"href":"https:\/\/poppers-online.ch\/it\/wp-json\/wp\/v2\/media?parent=69352"}],"wp:term":[{"taxonomy":"product_brand","embeddable":true,"href":"https:\/\/poppers-online.ch\/it\/wp-json\/wp\/v2\/product_brand?post=69352"},{"taxonomy":"product_cat","embeddable":true,"href":"https:\/\/poppers-online.ch\/it\/wp-json\/wp\/v2\/product_cat?post=69352"},{"taxonomy":"product_tag","embeddable":true,"href":"https:\/\/poppers-online.ch\/it\/wp-json\/wp\/v2\/product_tag?post=69352"}],"curies":[{"name":"wp","href":"https:\/\/api.w.org\/{rel}","templated":true}]}}