{"id":68106,"date":"2023-09-03T20:01:22","date_gmt":"2023-09-03T18:01:22","guid":{"rendered":"https:\/\/poppers-online.ch\/?post_type=product&#038;p=68106"},"modified":"2026-03-02T13:15:23","modified_gmt":"2026-03-02T12:15:23","slug":"zuerich-popper-24ml","status":"publish","type":"product","link":"https:\/\/poppers-online.ch\/it\/prodotto\/zuerich-popper-24ml\/","title":{"rendered":"Zurich Popper 24ml"},"content":{"rendered":"","protected":false},"excerpt":{"rendered":"<p><span style=\"font-weight: 400\"><strong>Zurich Popper 24ml <\/strong>\u00e8 sul mercato dal 2023 e contiene l&#8217;ex nitrito di pentile originale. Dopo Amsterdam Popper e Berlin Popper anche Zurigo Popper sta finalmente seguendo il suo esempio.  Zurigo non \u00e8 solo sinonimo di <\/span><span style=\"font-weight: 400\">Zwingli, Pestalozzi, i Sechsel\u00e4uten e i Knabenschiessen. <\/span><span style=\"font-weight: 400\">Zurigo \u00e8 la metropoli gay della Svizzera ed \u00e8 considerata la citt\u00e0 pi\u00f9 gay-friendly della Svizzera. Ecco perch\u00e9 abbiamo dedicato i Popper di Zurigo con <strong>intensit\u00e0 6<\/strong> a questa citt\u00e0 che amiamo cos\u00ec tanto. Zurigo, continua ad essere cos\u00ec aperta a tutti noi.<\/span><\/p>\n","protected":false},"featured_media":68097,"comment_status":"open","ping_status":"closed","template":"","meta":{"_acf_changed":false,"iawp_total_views":24,"_glsr_average":0,"_glsr_ranking":0,"_glsr_reviews":0},"product_brand":[],"product_cat":[109],"product_tag":[1198],"class_list":{"0":"post-68106","1":"product","2":"type-product","3":"status-publish","4":"has-post-thumbnail","6":"product_cat-boccette-grandi","7":"product_tag-zuerich-poppers-24ml-it","8":"pa_flaschenform-ovale-it","9":"pa_gewindegroesse-piccola","10":"pa_inhalt-24ml","11":"pa_inhaltsstoffe-nitrito-di-pentile","12":"pa_marke-oxy-edition-it","13":"pa_staerke-105","15":"first","16":"instock","17":"taxable","18":"shipping-taxable","19":"purchasable","20":"product-type-simple"},"acf":[],"_links":{"self":[{"href":"https:\/\/poppers-online.ch\/it\/wp-json\/wp\/v2\/product\/68106","targetHints":{"allow":["GET"]}}],"collection":[{"href":"https:\/\/poppers-online.ch\/it\/wp-json\/wp\/v2\/product"}],"about":[{"href":"https:\/\/poppers-online.ch\/it\/wp-json\/wp\/v2\/types\/product"}],"replies":[{"embeddable":true,"href":"https:\/\/poppers-online.ch\/it\/wp-json\/wp\/v2\/comments?post=68106"}],"wp:featuredmedia":[{"embeddable":true,"href":"https:\/\/poppers-online.ch\/it\/wp-json\/wp\/v2\/media\/68097"}],"wp:attachment":[{"href":"https:\/\/poppers-online.ch\/it\/wp-json\/wp\/v2\/media?parent=68106"}],"wp:term":[{"taxonomy":"product_brand","embeddable":true,"href":"https:\/\/poppers-online.ch\/it\/wp-json\/wp\/v2\/product_brand?post=68106"},{"taxonomy":"product_cat","embeddable":true,"href":"https:\/\/poppers-online.ch\/it\/wp-json\/wp\/v2\/product_cat?post=68106"},{"taxonomy":"product_tag","embeddable":true,"href":"https:\/\/poppers-online.ch\/it\/wp-json\/wp\/v2\/product_tag?post=68106"}],"curies":[{"name":"wp","href":"https:\/\/api.w.org\/{rel}","templated":true}]}}