{"id":68085,"date":"2023-09-03T19:46:21","date_gmt":"2023-09-03T17:46:21","guid":{"rendered":"https:\/\/poppers-online.ch\/?post_type=product&#038;p=68085"},"modified":"2025-08-18T17:07:20","modified_gmt":"2025-08-18T15:07:20","slug":"zuerich-popper-10ml","status":"publish","type":"product","link":"https:\/\/poppers-online.ch\/it\/prodotto\/zuerich-popper-10ml\/","title":{"rendered":"Zurich Popper 10ml"},"content":{"rendered":"","protected":false},"excerpt":{"rendered":"<p><span style=\"font-weight: 400\"><strong>Zurich Popper 10ml<\/strong> \u00e8 sul mercato dal 2023 e contiene l&#8217;ex nitrito di pentile genuino. Dopo Amsterdam Popper e Berlin Popper, finalmente arriva Zurich Popper.  Zurigo non \u00e8 solo sinonimo di <\/span><span style=\"font-weight: 400\">Zwingli, Pestalozzi, i Sechsel\u00e4uten e i Knabenschiessen. <\/span><span style=\"font-weight: 400\">Zurigo \u00e8 la metropoli gay della Svizzera ed \u00e8 considerata la citt\u00e0 pi\u00f9 gay-friendly della Svizzera. Ecco perch\u00e9 abbiamo dedicato i Popper di Zurigo con <strong>intensit\u00e0 6<\/strong> a questa citt\u00e0 che amiamo cos\u00ec tanto. Zurigo, continua ad essere cos\u00ec aperta a tutti noi.<\/span><\/p>\n","protected":false},"featured_media":68089,"comment_status":"open","ping_status":"closed","template":"","meta":{"_acf_changed":false,"iawp_total_views":6,"_glsr_average":0,"_glsr_ranking":0,"_glsr_reviews":0},"product_brand":[],"product_cat":[112],"product_tag":[1194],"class_list":{"0":"post-68085","1":"product","2":"type-product","3":"status-publish","4":"has-post-thumbnail","6":"product_cat-boccette-piccole","7":"product_tag-zuerich-poppers-10ml-it","8":"pa_flaschenform-rotonda-piccola","9":"pa_gewindegroesse-piccola","10":"pa_inhalt-10ml","11":"pa_inhaltsstoffe-nitrito-di-pentile","12":"pa_marke-oxy-edition-it","13":"pa_staerke-105","15":"first","16":"instock","17":"taxable","18":"shipping-taxable","19":"purchasable","20":"product-type-simple"},"acf":[],"_links":{"self":[{"href":"https:\/\/poppers-online.ch\/it\/wp-json\/wp\/v2\/product\/68085","targetHints":{"allow":["GET"]}}],"collection":[{"href":"https:\/\/poppers-online.ch\/it\/wp-json\/wp\/v2\/product"}],"about":[{"href":"https:\/\/poppers-online.ch\/it\/wp-json\/wp\/v2\/types\/product"}],"replies":[{"embeddable":true,"href":"https:\/\/poppers-online.ch\/it\/wp-json\/wp\/v2\/comments?post=68085"}],"wp:featuredmedia":[{"embeddable":true,"href":"https:\/\/poppers-online.ch\/it\/wp-json\/wp\/v2\/media\/68089"}],"wp:attachment":[{"href":"https:\/\/poppers-online.ch\/it\/wp-json\/wp\/v2\/media?parent=68085"}],"wp:term":[{"taxonomy":"product_brand","embeddable":true,"href":"https:\/\/poppers-online.ch\/it\/wp-json\/wp\/v2\/product_brand?post=68085"},{"taxonomy":"product_cat","embeddable":true,"href":"https:\/\/poppers-online.ch\/it\/wp-json\/wp\/v2\/product_cat?post=68085"},{"taxonomy":"product_tag","embeddable":true,"href":"https:\/\/poppers-online.ch\/it\/wp-json\/wp\/v2\/product_tag?post=68085"}],"curies":[{"name":"wp","href":"https:\/\/api.w.org\/{rel}","templated":true}]}}