{"id":68012,"date":"2023-09-03T16:21:13","date_gmt":"2023-09-03T14:21:13","guid":{"rendered":"https:\/\/poppers-online.ch\/?post_type=product&#038;p=68012"},"modified":"2025-08-18T16:39:20","modified_gmt":"2025-08-18T14:39:20","slug":"dirty-pig-poppers-10ml","status":"publish","type":"product","link":"https:\/\/poppers-online.ch\/it\/prodotto\/dirty-pig-poppers-10ml\/","title":{"rendered":"Dirty PIG Popper 10ml"},"content":{"rendered":"","protected":false},"excerpt":{"rendered":"<p><span style=\"font-weight: 400\"><strong>Dirty PIG Popper 10ml <\/strong>\u00e8 sul mercato dal 2023 e contiene l&#8217;ex nitrito di pentile genuino. Questo Popper \u00e8 un must per la tua prossima sessione di sesso perverso. L&#8217;<strong>intensit\u00e0 5<\/strong> di questa boccetta ti permette di godere appieno delle tue avventure di sesso sporco. Dirty PIG Popper ti trasformer\u00e0 in un vero maiale a letto.    <\/span><span style=\"font-weight: 400\">Dirty PIG Popper \u00e8 disponibile anche in una boccetta da 24 ml.<\/span><\/p>\n","protected":false},"featured_media":68016,"comment_status":"open","ping_status":"closed","template":"","meta":{"_acf_changed":false,"iawp_total_views":1,"_glsr_average":0,"_glsr_ranking":0,"_glsr_reviews":0},"product_brand":[],"product_cat":[112],"product_tag":[1178],"class_list":{"0":"post-68012","1":"product","2":"type-product","3":"status-publish","4":"has-post-thumbnail","6":"product_cat-boccette-piccole","7":"product_tag-dirty-pig-poppers-10ml-it","8":"pa_flaschenform-rotonda-piccola","9":"pa_gewindegroesse-piccola","10":"pa_inhalt-10ml","11":"pa_inhaltsstoffe-nitrito-di-pentile","12":"pa_marke-oxy-edition-it","13":"pa_staerke-103","15":"first","16":"instock","17":"taxable","18":"shipping-taxable","19":"purchasable","20":"product-type-simple"},"acf":[],"_links":{"self":[{"href":"https:\/\/poppers-online.ch\/it\/wp-json\/wp\/v2\/product\/68012","targetHints":{"allow":["GET"]}}],"collection":[{"href":"https:\/\/poppers-online.ch\/it\/wp-json\/wp\/v2\/product"}],"about":[{"href":"https:\/\/poppers-online.ch\/it\/wp-json\/wp\/v2\/types\/product"}],"replies":[{"embeddable":true,"href":"https:\/\/poppers-online.ch\/it\/wp-json\/wp\/v2\/comments?post=68012"}],"wp:featuredmedia":[{"embeddable":true,"href":"https:\/\/poppers-online.ch\/it\/wp-json\/wp\/v2\/media\/68016"}],"wp:attachment":[{"href":"https:\/\/poppers-online.ch\/it\/wp-json\/wp\/v2\/media?parent=68012"}],"wp:term":[{"taxonomy":"product_brand","embeddable":true,"href":"https:\/\/poppers-online.ch\/it\/wp-json\/wp\/v2\/product_brand?post=68012"},{"taxonomy":"product_cat","embeddable":true,"href":"https:\/\/poppers-online.ch\/it\/wp-json\/wp\/v2\/product_cat?post=68012"},{"taxonomy":"product_tag","embeddable":true,"href":"https:\/\/poppers-online.ch\/it\/wp-json\/wp\/v2\/product_tag?post=68012"}],"curies":[{"name":"wp","href":"https:\/\/api.w.org\/{rel}","templated":true}]}}