{"id":68000,"date":"2023-09-03T16:09:19","date_gmt":"2023-09-03T14:09:19","guid":{"rendered":"https:\/\/poppers-online.ch\/?post_type=product&#038;p=68000"},"modified":"2025-10-23T12:44:59","modified_gmt":"2025-10-23T10:44:59","slug":"pervert-subboy-poppers-24ml","status":"publish","type":"product","link":"https:\/\/poppers-online.ch\/it\/prodotto\/pervert-subboy-poppers-24ml\/","title":{"rendered":"PERVERT SUBBOY Popper 24ml"},"content":{"rendered":"","protected":false},"excerpt":{"rendered":"<p><span style=\"font-weight: 400\"><strong>PERVERT SUBBOY Popper 24ml<\/strong> \u00e8 sul mercato dal 2023 e contiene il vero nitrito di pentile. Questo Popper \u00e8 un must per la tua prossima sessione di DOM e SUB. Grazie all&#8217;<strong>intensit\u00e0 6<\/strong> contenuta in questa boccetta, ogni ragazzo normale diventa un SUBBOY sottomesso e remissivo. PERVERT SUBBOY Popper \u00e8 disponibile anche in una boccetta da 10 ml.    <\/span><\/p>\n","protected":false},"featured_media":68004,"comment_status":"open","ping_status":"closed","template":"","meta":{"_acf_changed":false,"iawp_total_views":3,"_glsr_average":0,"_glsr_ranking":0,"_glsr_reviews":0},"product_brand":[],"product_cat":[109],"product_tag":[1174],"class_list":{"0":"post-68000","1":"product","2":"type-product","3":"status-publish","4":"has-post-thumbnail","6":"product_cat-boccette-grandi","7":"product_tag-pervert-subboy-poppers-24ml-it","8":"pa_flaschenform-ovale-it","9":"pa_gewindegroesse-piccola","10":"pa_inhalt-24ml","11":"pa_inhaltsstoffe-nitrito-di-pentile","12":"pa_marke-oxy-edition-it","13":"pa_staerke-105","15":"first","16":"instock","17":"taxable","18":"shipping-taxable","19":"purchasable","20":"product-type-simple"},"acf":[],"_links":{"self":[{"href":"https:\/\/poppers-online.ch\/it\/wp-json\/wp\/v2\/product\/68000","targetHints":{"allow":["GET"]}}],"collection":[{"href":"https:\/\/poppers-online.ch\/it\/wp-json\/wp\/v2\/product"}],"about":[{"href":"https:\/\/poppers-online.ch\/it\/wp-json\/wp\/v2\/types\/product"}],"replies":[{"embeddable":true,"href":"https:\/\/poppers-online.ch\/it\/wp-json\/wp\/v2\/comments?post=68000"}],"wp:featuredmedia":[{"embeddable":true,"href":"https:\/\/poppers-online.ch\/it\/wp-json\/wp\/v2\/media\/68004"}],"wp:attachment":[{"href":"https:\/\/poppers-online.ch\/it\/wp-json\/wp\/v2\/media?parent=68000"}],"wp:term":[{"taxonomy":"product_brand","embeddable":true,"href":"https:\/\/poppers-online.ch\/it\/wp-json\/wp\/v2\/product_brand?post=68000"},{"taxonomy":"product_cat","embeddable":true,"href":"https:\/\/poppers-online.ch\/it\/wp-json\/wp\/v2\/product_cat?post=68000"},{"taxonomy":"product_tag","embeddable":true,"href":"https:\/\/poppers-online.ch\/it\/wp-json\/wp\/v2\/product_tag?post=68000"}],"curies":[{"name":"wp","href":"https:\/\/api.w.org\/{rel}","templated":true}]}}