{"id":67766,"date":"2023-09-02T19:31:32","date_gmt":"2023-09-02T17:31:32","guid":{"rendered":"https:\/\/poppers-online.ch\/?post_type=product&#038;p=67766"},"modified":"2026-01-17T09:13:15","modified_gmt":"2026-01-17T08:13:15","slug":"bdsm-ultra-poppers-24ml","status":"publish","type":"product","link":"https:\/\/poppers-online.ch\/it\/prodotto\/bdsm-ultra-poppers-24ml\/","title":{"rendered":"Popper BDSM ULTRA 24ml"},"content":{"rendered":"","protected":false},"excerpt":{"rendered":"<p><span style=\"font-weight: 400;\"><strong>BDSM ULTRA Popper 24ml <\/strong>\u00e8 sul mercato dal 2023 e contiene l&#8217;ex nitrito di pentile genuino. Questo Popper per utenti esperti \u00e8 un must per la tua prossima sessione BDSM. Grazie all&#8217;<strong>intensit\u00e0 6<\/strong> di questa boccetta, tu e ogni schiavo sottomesso avrete il massimo. BDSM ULTRA Popper \u00e8 ultra duro, intenso e duraturo ed \u00e8 disponibile anche in una boccetta da 10 ml.    <\/span><\/p>\n","protected":false},"featured_media":67778,"comment_status":"open","ping_status":"closed","template":"","meta":{"_acf_changed":false,"iawp_total_views":22,"_glsr_average":0,"_glsr_ranking":0,"_glsr_reviews":0},"product_brand":[],"product_cat":[109],"product_tag":[1119],"class_list":{"0":"post-67766","1":"product","2":"type-product","3":"status-publish","4":"has-post-thumbnail","6":"product_cat-boccette-grandi","7":"product_tag-bdsm-ultra-poppers-24ml-it","8":"pa_flaschenform-ovale-it","9":"pa_gewindegroesse-piccola","10":"pa_inhalt-24ml","11":"pa_inhaltsstoffe-nitrito-di-pentile","12":"pa_marke-oxy-edition-it","13":"pa_staerke-105","15":"first","16":"instock","17":"taxable","18":"shipping-taxable","19":"purchasable","20":"product-type-simple"},"acf":[],"_links":{"self":[{"href":"https:\/\/poppers-online.ch\/it\/wp-json\/wp\/v2\/product\/67766","targetHints":{"allow":["GET"]}}],"collection":[{"href":"https:\/\/poppers-online.ch\/it\/wp-json\/wp\/v2\/product"}],"about":[{"href":"https:\/\/poppers-online.ch\/it\/wp-json\/wp\/v2\/types\/product"}],"replies":[{"embeddable":true,"href":"https:\/\/poppers-online.ch\/it\/wp-json\/wp\/v2\/comments?post=67766"}],"wp:featuredmedia":[{"embeddable":true,"href":"https:\/\/poppers-online.ch\/it\/wp-json\/wp\/v2\/media\/67778"}],"wp:attachment":[{"href":"https:\/\/poppers-online.ch\/it\/wp-json\/wp\/v2\/media?parent=67766"}],"wp:term":[{"taxonomy":"product_brand","embeddable":true,"href":"https:\/\/poppers-online.ch\/it\/wp-json\/wp\/v2\/product_brand?post=67766"},{"taxonomy":"product_cat","embeddable":true,"href":"https:\/\/poppers-online.ch\/it\/wp-json\/wp\/v2\/product_cat?post=67766"},{"taxonomy":"product_tag","embeddable":true,"href":"https:\/\/poppers-online.ch\/it\/wp-json\/wp\/v2\/product_tag?post=67766"}],"curies":[{"name":"wp","href":"https:\/\/api.w.org\/{rel}","templated":true}]}}