{"id":65638,"date":"2023-08-15T20:27:39","date_gmt":"2023-08-15T18:27:39","guid":{"rendered":"https:\/\/poppers-online.ch\/?post_type=product&#038;p=65638"},"modified":"2024-10-15T23:55:34","modified_gmt":"2024-10-15T21:55:34","slug":"poppers-flip-top-cap-wyffr-ultimate-red-small","status":"publish","type":"product","link":"https:\/\/poppers-online.ch\/it\/prodotto\/poppers-flip-top-cap-wyffr-ultimate-red-small\/","title":{"rendered":"Poppers Flip Top Cap WYFFR Ultimate &#8211; RED Small"},"content":{"rendered":"","protected":false},"excerpt":{"rendered":"<p>Il <strong>Flip Top Cap<\/strong> statunitense \u00e8 stato ulteriormente sviluppato con grande passione e finalmente, come uno dei pochi negozi online di Poppers in Europa, possiamo inserire questa innovazione nella nostra gamma. Il Flip Top Cap presenta due grandi vantaggi. Con questo tappo \u00e8 possibile aprire facilmente la bottiglia di Poppers con una sola mano e chiuderla con una sola mano. Questo \u00e8 particolarmente utile quando l&#8217;altra mano \u00e8 impegnata. Perch\u00e9 avere due mani per aprire una bottiglia quando \u00e8 possibile farlo con una sola mano?<\/p>\n<p>&nbsp;<\/p>\n<p>Il secondo vantaggio di questo tappo a flip top \u00e8 che si pu\u00f2 lasciare il tappo in modo permanente fino a quando la bottiglia non \u00e8 vuota, indipendentemente dalla posizione in cui la si ripone. Il tappo in gomma rimovibile assicura il tappo durante la conservazione. Poich\u00e9 da qualche tempo alcune bottiglie di popper devono essere fornite con un tappo a prova di bambino, questo tappo Flip Top rende molto comoda l&#8217;apertura delle bottiglie.<\/p>\n<p>&nbsp;<\/p>\n<p>Il tappo <strong>Flip Top RED Small<\/strong> si adatta a tutti i flaconi con filettatura Small, ovvero a tutti i flaconi dei produttori <strong>Oxymoron, Shelbora e Lockerroom da 10ml, 15ml e 30ml<\/strong>. Troverete la dimensione della filettatura Small o Large nel nostro negozio con le informazioni per ogni bottiglia popper.<\/p>\n","protected":false},"featured_media":65642,"comment_status":"open","ping_status":"closed","template":"","meta":{"_acf_changed":false,"iawp_total_views":5,"_glsr_average":0,"_glsr_ranking":0,"_glsr_reviews":0},"product_brand":[],"product_cat":[151,1295],"product_tag":[],"class_list":{"0":"post-65638","1":"product","2":"type-product","3":"status-publish","4":"has-post-thumbnail","6":"product_cat-accessori-popper","7":"product_cat-aroma-topper-it","8":"pa_aroma-topper-gewindegroesse-per-filettatura-piccola","10":"first","11":"instock","12":"taxable","13":"shipping-taxable","14":"purchasable","15":"product-type-simple"},"acf":[],"_links":{"self":[{"href":"https:\/\/poppers-online.ch\/it\/wp-json\/wp\/v2\/product\/65638","targetHints":{"allow":["GET"]}}],"collection":[{"href":"https:\/\/poppers-online.ch\/it\/wp-json\/wp\/v2\/product"}],"about":[{"href":"https:\/\/poppers-online.ch\/it\/wp-json\/wp\/v2\/types\/product"}],"replies":[{"embeddable":true,"href":"https:\/\/poppers-online.ch\/it\/wp-json\/wp\/v2\/comments?post=65638"}],"wp:featuredmedia":[{"embeddable":true,"href":"https:\/\/poppers-online.ch\/it\/wp-json\/wp\/v2\/media\/65642"}],"wp:attachment":[{"href":"https:\/\/poppers-online.ch\/it\/wp-json\/wp\/v2\/media?parent=65638"}],"wp:term":[{"taxonomy":"product_brand","embeddable":true,"href":"https:\/\/poppers-online.ch\/it\/wp-json\/wp\/v2\/product_brand?post=65638"},{"taxonomy":"product_cat","embeddable":true,"href":"https:\/\/poppers-online.ch\/it\/wp-json\/wp\/v2\/product_cat?post=65638"},{"taxonomy":"product_tag","embeddable":true,"href":"https:\/\/poppers-online.ch\/it\/wp-json\/wp\/v2\/product_tag?post=65638"}],"curies":[{"name":"wp","href":"https:\/\/api.w.org\/{rel}","templated":true}]}}