{"id":65153,"date":"2023-08-12T10:38:58","date_gmt":"2023-08-12T08:38:58","guid":{"rendered":"https:\/\/poppers-online.ch\/?post_type=product&#038;p=65153"},"modified":"2026-01-20T02:05:31","modified_gmt":"2026-01-20T01:05:31","slug":"man-of-steel-popper-25ml","status":"publish","type":"product","link":"https:\/\/poppers-online.ch\/it\/prodotto\/man-of-steel-popper-25ml\/","title":{"rendered":"Man of Steel Popper 25ml"},"content":{"rendered":"","protected":false},"excerpt":{"rendered":"<p><strong>Man of Steel Extremely Hards Popper 25ml<\/strong> \u00e8 sul mercato dal 2023 e contiene pentil nitrito di forza 6. Man of Steel Popper \u00e8 uno dei popper pi\u00f9 forti ed \u00e8 adatto a sessioni particolarmente perverse, ad esempio per l&#8217;uso di dildo mostruosi o sessioni di pugno malvagio. Man of Steel Popper \u00e8 forte e particolarmente duraturo. Provate Man of Steel Popper e aggiungete questo flacone al vostro carrello oggi stesso.<\/p>\n","protected":false},"featured_media":65157,"comment_status":"open","ping_status":"closed","template":"","meta":{"_acf_changed":false,"iawp_total_views":21,"_glsr_average":0,"_glsr_ranking":0,"_glsr_reviews":0},"product_brand":[],"product_cat":[109],"product_tag":[993],"class_list":{"0":"post-65153","1":"product","2":"type-product","3":"status-publish","4":"has-post-thumbnail","6":"product_cat-boccette-grandi","7":"product_tag-man-of-steel-poppers-25ml-it","8":"pa_flaschenform-ovale-it","9":"pa_gewindegroesse-piccola","10":"pa_inhalt-25ml","11":"pa_inhaltsstoffe-nitrito-di-pentile","12":"pa_staerke-105","14":"first","15":"instock","16":"taxable","17":"shipping-taxable","18":"purchasable","19":"product-type-simple"},"acf":[],"_links":{"self":[{"href":"https:\/\/poppers-online.ch\/it\/wp-json\/wp\/v2\/product\/65153","targetHints":{"allow":["GET"]}}],"collection":[{"href":"https:\/\/poppers-online.ch\/it\/wp-json\/wp\/v2\/product"}],"about":[{"href":"https:\/\/poppers-online.ch\/it\/wp-json\/wp\/v2\/types\/product"}],"replies":[{"embeddable":true,"href":"https:\/\/poppers-online.ch\/it\/wp-json\/wp\/v2\/comments?post=65153"}],"wp:featuredmedia":[{"embeddable":true,"href":"https:\/\/poppers-online.ch\/it\/wp-json\/wp\/v2\/media\/65157"}],"wp:attachment":[{"href":"https:\/\/poppers-online.ch\/it\/wp-json\/wp\/v2\/media?parent=65153"}],"wp:term":[{"taxonomy":"product_brand","embeddable":true,"href":"https:\/\/poppers-online.ch\/it\/wp-json\/wp\/v2\/product_brand?post=65153"},{"taxonomy":"product_cat","embeddable":true,"href":"https:\/\/poppers-online.ch\/it\/wp-json\/wp\/v2\/product_cat?post=65153"},{"taxonomy":"product_tag","embeddable":true,"href":"https:\/\/poppers-online.ch\/it\/wp-json\/wp\/v2\/product_tag?post=65153"}],"curies":[{"name":"wp","href":"https:\/\/api.w.org\/{rel}","templated":true}]}}