{"id":64347,"date":"2023-08-04T20:00:58","date_gmt":"2023-08-04T18:00:58","guid":{"rendered":"https:\/\/poppers-online.ch\/?post_type=product&#038;p=64347"},"modified":"2024-10-16T00:00:30","modified_gmt":"2024-10-15T22:00:30","slug":"tenga-premium-soft-case-cup-masturbator","status":"publish","type":"product","link":"https:\/\/poppers-online.ch\/it\/prodotto\/tenga-premium-soft-case-cup-masturbator\/","title":{"rendered":"Tenga Premium Soft Case Cup Masturbator"},"content":{"rendered":"","protected":false},"excerpt":{"rendered":"<p>TENGA ha aggiornato i suoi prodotti gi\u00e0 straordinari con le coppe Premium, che presentano un guscio interno 1,5 volte pi\u00f9 spesso rispetto alla selezione standard. Questa coppa Premium Soft Case \u00e8 stata realizzata con l&#8217;obiettivo di garantire una compressione pi\u00f9 soddisfacente.<\/p>\n<p>Il materiale flessibile consente di regolare la pressione di spremitura a proprio piacimento. In sinergia con la funzione di aspirazione, sarete immersi nel puro piacere. La coppa per masturbazione premium \u00e8 pre-lubrificata ed \u00e8 dotata del classico meccanismo di inserimento Smooth Pad che garantisce una tenuta ermetica. Inoltre, applica il lubrificante durante il processo per una magica esperienza di bagnatura.<\/p>\n<p>Questa coppa premium \u00e8 progettata per un solo utilizzo, ma se si utilizza un preservativo, \u00e8 possibile ottenere pi\u00f9 di una sessione calda da questo masturbatore premium.<\/p>\n<p>Colore: rosso<\/p>\n","protected":false},"featured_media":64352,"comment_status":"open","ping_status":"closed","template":"","meta":{"_acf_changed":false,"iawp_total_views":0,"_glsr_average":0,"_glsr_ranking":0,"_glsr_reviews":0},"product_brand":[],"product_cat":[2095,172],"product_tag":[1517,1559,955],"class_list":{"0":"post-64347","1":"product","2":"type-product","3":"status-publish","4":"has-post-thumbnail","6":"product_cat-masturbatore","7":"product_cat-sex-toys","8":"product_tag-masturbatore","9":"product_tag-tenga-it","10":"product_tag-tenga-premium-soft-case-cup-masturbator-it","12":"first","13":"instock","14":"taxable","15":"shipping-taxable","16":"purchasable","17":"product-type-simple"},"acf":[],"_links":{"self":[{"href":"https:\/\/poppers-online.ch\/it\/wp-json\/wp\/v2\/product\/64347","targetHints":{"allow":["GET"]}}],"collection":[{"href":"https:\/\/poppers-online.ch\/it\/wp-json\/wp\/v2\/product"}],"about":[{"href":"https:\/\/poppers-online.ch\/it\/wp-json\/wp\/v2\/types\/product"}],"replies":[{"embeddable":true,"href":"https:\/\/poppers-online.ch\/it\/wp-json\/wp\/v2\/comments?post=64347"}],"wp:featuredmedia":[{"embeddable":true,"href":"https:\/\/poppers-online.ch\/it\/wp-json\/wp\/v2\/media\/64352"}],"wp:attachment":[{"href":"https:\/\/poppers-online.ch\/it\/wp-json\/wp\/v2\/media?parent=64347"}],"wp:term":[{"taxonomy":"product_brand","embeddable":true,"href":"https:\/\/poppers-online.ch\/it\/wp-json\/wp\/v2\/product_brand?post=64347"},{"taxonomy":"product_cat","embeddable":true,"href":"https:\/\/poppers-online.ch\/it\/wp-json\/wp\/v2\/product_cat?post=64347"},{"taxonomy":"product_tag","embeddable":true,"href":"https:\/\/poppers-online.ch\/it\/wp-json\/wp\/v2\/product_tag?post=64347"}],"curies":[{"name":"wp","href":"https:\/\/api.w.org\/{rel}","templated":true}]}}