{"id":64321,"date":"2023-08-04T19:32:58","date_gmt":"2023-08-04T17:32:58","guid":{"rendered":"https:\/\/poppers-online.ch\/?post_type=product&#038;p=64321"},"modified":"2024-10-16T00:00:33","modified_gmt":"2024-10-15T22:00:33","slug":"colt-slammer-penis-sleeve","status":"publish","type":"product","link":"https:\/\/poppers-online.ch\/it\/prodotto\/colt-slammer-penis-sleeve\/","title":{"rendered":"COLT Slammer Penis Sleeve"},"content":{"rendered":"","protected":false},"excerpt":{"rendered":"<p>Volete stabilizzare l&#8217;asta del pene? O una maggiore <strong>circonferenza del pene<\/strong>? <strong>Volete stimolare il vostro partner sessuale in modo ancora pi\u00f9 intenso<\/strong>? Ma volete ancora una sensazione completa? Allora il COLT Slammer fa al caso vostro.<\/p>\n<p>La guaina per pene altamente flessibile offre maggiore stabilit\u00e0 e diametro dalla base del pene al glande, senza limitare di molto le sensazioni. Sia per il gioco in solitaria che per il gioco sessuale con il vostro partner, offre una grande intensificazione della stimolazione per tutti i partecipanti. Tutto sembra pi\u00f9 stretto, pi\u00f9 turgido e pi\u00f9 pieno. La guaina offre anche una buona stabilizzazione dell&#8217;intera asta del pene, dalla base del pene al glande. \u00c8 aperta nella parte anteriore e il glande rimane completamente ricettivo a qualsiasi stimolazione. Ideale per lo slamming e soprattutto per il sesso sfrenato. Il sensual enhancer misura circa 10,75 x 5 cm quando non \u00e8 teso, ma pu\u00f2 essere facilmente allungato pi\u00f9 volte. \u00c8 realizzato in TPE liscio e super elastico, quindi \u00e8 adatto a tutte le lunghezze del pene, da 8 cm a oltre 30 cm in erezione.<\/p>\n<p>\u00c8 facile da usare: applicare un po&#8217; di lubrificante sul pene eretto, indossare la guaina e fissarla con l&#8217;anello per testicoli. L&#8217;azione di sbattimento pu\u00f2 iniziare subito.<\/p>\n<p><strong>Dettagli del prodotto:<\/strong><\/p>\n<p>\u2713 Manicotto per pene aperto<\/p>\n<p>\u2713 Estremamente elastica<\/p>\n<p>\u2713 Adatto a peni di lunghezza compresa tra 8 e &gt;30 cm<\/p>\n<p>\u2713 Aumenta il diametro di circa 2,5 cm<\/p>\n<p>\u2713 D\u00e0 stabilit\u00e0 all&#8217;asta in tutte le direzioni<\/p>\n<p>\u2713 Impermeabile<\/p>\n<p>\u2713 Facile da pulire<\/p>\n<p>Lunghezza: circa 10 cm<br \/>\nDiametro: circa 5 cm<br \/>\nDiametro interno: da 2,5 cm<br \/>\nMateriale: TPE (senza ftalati)<br \/>\nColore: nero<\/p>\n","protected":false},"featured_media":64325,"comment_status":"open","ping_status":"closed","template":"","meta":{"_acf_changed":false,"iawp_total_views":3,"_glsr_average":0,"_glsr_ranking":0,"_glsr_reviews":0},"product_brand":[],"product_cat":[2098,2092,172],"product_tag":[945],"class_list":{"0":"post-64321","1":"product","2":"type-product","3":"status-publish","4":"has-post-thumbnail","6":"product_cat-agrandir-penis","7":"product_cat-cock-play","8":"product_cat-sex-toys","9":"product_tag-colt-slammer-penis-sleeve-it","11":"first","12":"outofstock","13":"taxable","14":"shipping-taxable","15":"purchasable","16":"product-type-simple"},"acf":[],"_links":{"self":[{"href":"https:\/\/poppers-online.ch\/it\/wp-json\/wp\/v2\/product\/64321","targetHints":{"allow":["GET"]}}],"collection":[{"href":"https:\/\/poppers-online.ch\/it\/wp-json\/wp\/v2\/product"}],"about":[{"href":"https:\/\/poppers-online.ch\/it\/wp-json\/wp\/v2\/types\/product"}],"replies":[{"embeddable":true,"href":"https:\/\/poppers-online.ch\/it\/wp-json\/wp\/v2\/comments?post=64321"}],"wp:featuredmedia":[{"embeddable":true,"href":"https:\/\/poppers-online.ch\/it\/wp-json\/wp\/v2\/media\/64325"}],"wp:attachment":[{"href":"https:\/\/poppers-online.ch\/it\/wp-json\/wp\/v2\/media?parent=64321"}],"wp:term":[{"taxonomy":"product_brand","embeddable":true,"href":"https:\/\/poppers-online.ch\/it\/wp-json\/wp\/v2\/product_brand?post=64321"},{"taxonomy":"product_cat","embeddable":true,"href":"https:\/\/poppers-online.ch\/it\/wp-json\/wp\/v2\/product_cat?post=64321"},{"taxonomy":"product_tag","embeddable":true,"href":"https:\/\/poppers-online.ch\/it\/wp-json\/wp\/v2\/product_tag?post=64321"}],"curies":[{"name":"wp","href":"https:\/\/api.w.org\/{rel}","templated":true}]}}