{"id":64204,"date":"2023-08-03T22:04:32","date_gmt":"2023-08-03T20:04:32","guid":{"rendered":"https:\/\/poppers-online.ch\/?post_type=product&#038;p=64204"},"modified":"2026-03-13T02:06:08","modified_gmt":"2026-03-13T01:06:08","slug":"colt-hefty-probe-inflatable-butt-plug","status":"publish","type":"product","link":"https:\/\/poppers-online.ch\/it\/prodotto\/colt-hefty-probe-inflatable-butt-plug\/","title":{"rendered":"COLT Hefty Probe Inflatable Butt Plug"},"content":{"rendered":"","protected":false},"excerpt":{"rendered":"<p>Pi\u00f9 grande \u00e8, meglio \u00e8. Con Hefty Probe \u00e8 possibile determinare facilmente la propria dimensione speciale. Il morbido dildo gonfiabile pu\u00f2 essere regolato rapidamente alla dimensione desiderata con la pompa a sfera ed \u00e8 dotato di una valvola a sgancio rapido per la sicurezza.<\/p>\n<p>Lunghezza: circa 16,5 cm<br \/>\nDiametro: circa 5 cm<br \/>\nMateriale: PVC\/ABS<br \/>\nColore: nero<\/p>\n","protected":false},"featured_media":64208,"comment_status":"open","ping_status":"closed","template":"","meta":{"_acf_changed":false,"iawp_total_views":0,"_glsr_average":0,"_glsr_ranking":0,"_glsr_reviews":0},"product_brand":[],"product_cat":[2086,172],"product_tag":[935],"class_list":{"0":"post-64204","1":"product","2":"type-product","3":"status-publish","4":"has-post-thumbnail","6":"product_cat-anal-play","7":"product_cat-sex-toys","8":"product_tag-colt-hefty-probe-inflatable-butt-plug-it","10":"first","11":"outofstock","12":"taxable","13":"shipping-taxable","14":"purchasable","15":"product-type-simple"},"acf":[],"_links":{"self":[{"href":"https:\/\/poppers-online.ch\/it\/wp-json\/wp\/v2\/product\/64204","targetHints":{"allow":["GET"]}}],"collection":[{"href":"https:\/\/poppers-online.ch\/it\/wp-json\/wp\/v2\/product"}],"about":[{"href":"https:\/\/poppers-online.ch\/it\/wp-json\/wp\/v2\/types\/product"}],"replies":[{"embeddable":true,"href":"https:\/\/poppers-online.ch\/it\/wp-json\/wp\/v2\/comments?post=64204"}],"wp:featuredmedia":[{"embeddable":true,"href":"https:\/\/poppers-online.ch\/it\/wp-json\/wp\/v2\/media\/64208"}],"wp:attachment":[{"href":"https:\/\/poppers-online.ch\/it\/wp-json\/wp\/v2\/media?parent=64204"}],"wp:term":[{"taxonomy":"product_brand","embeddable":true,"href":"https:\/\/poppers-online.ch\/it\/wp-json\/wp\/v2\/product_brand?post=64204"},{"taxonomy":"product_cat","embeddable":true,"href":"https:\/\/poppers-online.ch\/it\/wp-json\/wp\/v2\/product_cat?post=64204"},{"taxonomy":"product_tag","embeddable":true,"href":"https:\/\/poppers-online.ch\/it\/wp-json\/wp\/v2\/product_tag?post=64204"}],"curies":[{"name":"wp","href":"https:\/\/api.w.org\/{rel}","templated":true}]}}