{"id":64173,"date":"2023-08-03T20:30:25","date_gmt":"2023-08-03T18:30:25","guid":{"rendered":"https:\/\/poppers-online.ch\/?post_type=product&#038;p=64173"},"modified":"2026-02-09T02:05:28","modified_gmt":"2026-02-09T01:05:28","slug":"pump-worx-beginners-power-pump-blue","status":"publish","type":"product","link":"https:\/\/poppers-online.ch\/it\/prodotto\/pump-worx-beginners-power-pump-blue\/","title":{"rendered":"Pump Worx &#8211; Beginners Power Pump blue"},"content":{"rendered":"","protected":false},"excerpt":{"rendered":"<p>La pompa definitiva per i principianti, che offre la possibilit\u00e0 di osservare ogni cambiamento del pene attraverso il suo cilindro trasparente. Il pene crescer\u00e0 fino a raggiungere dimensioni incredibili con la Power Pump per principianti! Ad ogni spremitura della sfera della pompa, il vostro pene diventer\u00e0 sempre pi\u00f9 grosso. Per sicurezza, la pompa \u00e8 dotata di una valvola di rilascio rapido per una rapida riduzione della pressione. Per prolungare l&#8217;erezione, fate scorrere l&#8217;anello per il pene incluso sul vostro pezzo migliore. La guaina in gomma \u00e8 elastica e adatta a tutte le dimensioni del pene. Facile da pulire con acqua calda o con un toy cleaner.<\/p>\n<p>Lunghezza inseribile: circa 19 cm<br \/>\nLunghezza totale: circa 20 cm<br \/>\nDiametro: circa 4,6 cm<br \/>\nMateriale: plastica ABS<\/p>\n","protected":false},"featured_media":64177,"comment_status":"open","ping_status":"closed","template":"","meta":{"_acf_changed":false,"iawp_total_views":0,"_glsr_average":0,"_glsr_ranking":0,"_glsr_reviews":0},"product_brand":[],"product_cat":[2098,172],"product_tag":[],"class_list":{"0":"post-64173","1":"product","2":"type-product","3":"status-publish","4":"has-post-thumbnail","6":"product_cat-agrandir-penis","7":"product_cat-sex-toys","9":"first","10":"outofstock","11":"taxable","12":"shipping-taxable","13":"purchasable","14":"product-type-simple"},"acf":[],"_links":{"self":[{"href":"https:\/\/poppers-online.ch\/it\/wp-json\/wp\/v2\/product\/64173","targetHints":{"allow":["GET"]}}],"collection":[{"href":"https:\/\/poppers-online.ch\/it\/wp-json\/wp\/v2\/product"}],"about":[{"href":"https:\/\/poppers-online.ch\/it\/wp-json\/wp\/v2\/types\/product"}],"replies":[{"embeddable":true,"href":"https:\/\/poppers-online.ch\/it\/wp-json\/wp\/v2\/comments?post=64173"}],"wp:featuredmedia":[{"embeddable":true,"href":"https:\/\/poppers-online.ch\/it\/wp-json\/wp\/v2\/media\/64177"}],"wp:attachment":[{"href":"https:\/\/poppers-online.ch\/it\/wp-json\/wp\/v2\/media?parent=64173"}],"wp:term":[{"taxonomy":"product_brand","embeddable":true,"href":"https:\/\/poppers-online.ch\/it\/wp-json\/wp\/v2\/product_brand?post=64173"},{"taxonomy":"product_cat","embeddable":true,"href":"https:\/\/poppers-online.ch\/it\/wp-json\/wp\/v2\/product_cat?post=64173"},{"taxonomy":"product_tag","embeddable":true,"href":"https:\/\/poppers-online.ch\/it\/wp-json\/wp\/v2\/product_tag?post=64173"}],"curies":[{"name":"wp","href":"https:\/\/api.w.org\/{rel}","templated":true}]}}