{"id":62750,"date":"2023-07-21T17:38:39","date_gmt":"2023-07-21T15:38:39","guid":{"rendered":"https:\/\/poppers-online.ch\/?post_type=product&#038;p=62750"},"modified":"2024-10-16T00:00:44","modified_gmt":"2024-10-15T22:00:44","slug":"locker-room-universal-bulb-travel-douche-kit-anal-shower","status":"publish","type":"product","link":"https:\/\/poppers-online.ch\/it\/prodotto\/locker-room-universal-bulb-travel-douche-kit-anal-shower\/","title":{"rendered":"Locker Room Universal Bulb Travel Douche Kit Anal Shower"},"content":{"rendered":"","protected":false},"excerpt":{"rendered":"<p>Un <strong>kit da viaggio di alta qualit\u00e0 per il divertimento anale,<\/strong> perfetto per i principianti.<\/p>\n<ul>\n<li>Perfetta doccia detergente con grande capacit\u00e0 d&#8217;acqua.<\/li>\n<li>Il tappo da viaggio impermeabile consente di trasportare fino a 16 oz di acqua o lubrificante.<\/li>\n<li>Compatibile con tutti i getti dello spogliatoio.<\/li>\n<\/ul>\n<p>Abbiamo ridisegnato il classico &#8220;bulbo della doccia&#8221; per aumentarne la capacit\u00e0 (16 oz) e adattarlo a tutti i nostri getti portatili. \u00c8 incluso il nostro famoso beccuccio da strada per poterlo utilizzare subito dopo l&#8217;acquisto. \u00c8 incluso anche un tappo che consente di riempire la torcia con un liquido a scelta (ad esempio un lubrificante) e di riporla nello zaino per utilizzarla rapidamente in viaggio.<\/p>\n","protected":false},"featured_media":62756,"comment_status":"open","ping_status":"closed","template":"","meta":{"_acf_changed":false,"iawp_total_views":2,"_glsr_average":0,"_glsr_ranking":0,"_glsr_reviews":0},"product_brand":[],"product_cat":[2065,168],"product_tag":[],"class_list":{"0":"post-62750","1":"product","2":"type-product","3":"status-publish","4":"has-post-thumbnail","6":"product_cat-docce-anali","7":"product_cat-farmacia","9":"first","10":"outofstock","11":"taxable","12":"shipping-taxable","13":"purchasable","14":"product-type-simple"},"acf":[],"_links":{"self":[{"href":"https:\/\/poppers-online.ch\/it\/wp-json\/wp\/v2\/product\/62750","targetHints":{"allow":["GET"]}}],"collection":[{"href":"https:\/\/poppers-online.ch\/it\/wp-json\/wp\/v2\/product"}],"about":[{"href":"https:\/\/poppers-online.ch\/it\/wp-json\/wp\/v2\/types\/product"}],"replies":[{"embeddable":true,"href":"https:\/\/poppers-online.ch\/it\/wp-json\/wp\/v2\/comments?post=62750"}],"wp:featuredmedia":[{"embeddable":true,"href":"https:\/\/poppers-online.ch\/it\/wp-json\/wp\/v2\/media\/62756"}],"wp:attachment":[{"href":"https:\/\/poppers-online.ch\/it\/wp-json\/wp\/v2\/media?parent=62750"}],"wp:term":[{"taxonomy":"product_brand","embeddable":true,"href":"https:\/\/poppers-online.ch\/it\/wp-json\/wp\/v2\/product_brand?post=62750"},{"taxonomy":"product_cat","embeddable":true,"href":"https:\/\/poppers-online.ch\/it\/wp-json\/wp\/v2\/product_cat?post=62750"},{"taxonomy":"product_tag","embeddable":true,"href":"https:\/\/poppers-online.ch\/it\/wp-json\/wp\/v2\/product_tag?post=62750"}],"curies":[{"name":"wp","href":"https:\/\/api.w.org\/{rel}","templated":true}]}}