{"id":62309,"date":"2023-07-18T13:54:23","date_gmt":"2023-07-18T11:54:23","guid":{"rendered":"https:\/\/poppers-online.ch\/?post_type=product&#038;p=62309"},"modified":"2024-10-16T00:05:38","modified_gmt":"2024-10-15T22:05:38","slug":"eros-aqua-pride-fun-water-based-lubricant-300-ml","status":"publish","type":"product","link":"https:\/\/poppers-online.ch\/it\/prodotto\/eros-aqua-pride-fun-water-based-lubricant-300-ml\/","title":{"rendered":"Eros Aqua &#8211; Pride Fun Water Based Lubricant 300 ml"},"content":{"rendered":"","protected":false},"excerpt":{"rendered":"<p>Produttore: Eros<br \/>\nContenuto: 300 ml<\/p>\n<p>Procuratevi il nuovo flacone a forma di dildo Eros Pride Fun con 300 ml di lubrificante a base d&#8217;acqua, per ottenere pi\u00f9 piacere dalla vostra azione!<\/p>\n<p>La speciale formula \u00e8 stata sviluppata per mantenere il gel scivoloso ancora pi\u00f9 a lungo. \u00c8 incolore e insapore, pu\u00f2 essere usato con parsimonia per un maggiore piacere durante il sesso ed \u00e8 facile da sciacquare con acqua calda.<\/p>\n<p>Il flacone a forma di pene pu\u00f2 essere inserito ed \u00e8 compatibile con tutti i preservativi in lattice.<\/p>\n<p>Dettagli del prodotto:<br \/>\n\u2713 Massima qualit\u00e0 made in Germany<br \/>\n\u2713 Il flacone pu\u00f2 essere utilizzato come dildo<br \/>\n\u2713 Incredibili propriet\u00e0 di scorrimento<br \/>\n\u2713 Incolore e insapore<br \/>\n\u2713 Facilmente lavabile<\/p>\n<p>Lunghezza totale: circa 23,5 cm<br \/>\nLunghezza inseribile: circa 20 cm<br \/>\nDiametro inseribile: circa 5 cm<br \/>\nMateriale: PVC<br \/>\ncolore: color carne chiaro<\/p>\n","protected":false},"featured_media":62315,"comment_status":"open","ping_status":"closed","template":"","meta":{"_acf_changed":false,"iawp_total_views":1,"_glsr_average":0,"_glsr_ranking":0,"_glsr_reviews":0},"product_brand":[],"product_cat":[2068,168],"product_tag":[],"class_list":{"0":"post-62309","1":"product","2":"type-product","3":"status-publish","4":"has-post-thumbnail","6":"product_cat-lubrificanti","7":"product_cat-farmacia","9":"first","10":"instock","11":"taxable","12":"shipping-taxable","13":"purchasable","14":"product-type-simple"},"acf":[],"_links":{"self":[{"href":"https:\/\/poppers-online.ch\/it\/wp-json\/wp\/v2\/product\/62309","targetHints":{"allow":["GET"]}}],"collection":[{"href":"https:\/\/poppers-online.ch\/it\/wp-json\/wp\/v2\/product"}],"about":[{"href":"https:\/\/poppers-online.ch\/it\/wp-json\/wp\/v2\/types\/product"}],"replies":[{"embeddable":true,"href":"https:\/\/poppers-online.ch\/it\/wp-json\/wp\/v2\/comments?post=62309"}],"wp:featuredmedia":[{"embeddable":true,"href":"https:\/\/poppers-online.ch\/it\/wp-json\/wp\/v2\/media\/62315"}],"wp:attachment":[{"href":"https:\/\/poppers-online.ch\/it\/wp-json\/wp\/v2\/media?parent=62309"}],"wp:term":[{"taxonomy":"product_brand","embeddable":true,"href":"https:\/\/poppers-online.ch\/it\/wp-json\/wp\/v2\/product_brand?post=62309"},{"taxonomy":"product_cat","embeddable":true,"href":"https:\/\/poppers-online.ch\/it\/wp-json\/wp\/v2\/product_cat?post=62309"},{"taxonomy":"product_tag","embeddable":true,"href":"https:\/\/poppers-online.ch\/it\/wp-json\/wp\/v2\/product_tag?post=62309"}],"curies":[{"name":"wp","href":"https:\/\/api.w.org\/{rel}","templated":true}]}}