{"id":60915,"date":"2023-07-06T20:32:20","date_gmt":"2023-07-06T18:32:20","guid":{"rendered":"https:\/\/poppers-online.ch\/?post_type=product&#038;p=60915"},"modified":"2024-10-16T00:05:40","modified_gmt":"2024-10-15T22:05:40","slug":"pdx-fuck-my-cock-masturbator-xl-25-cm","status":"publish","type":"product","link":"https:\/\/poppers-online.ch\/it\/prodotto\/pdx-fuck-my-cock-masturbator-xl-25-cm\/","title":{"rendered":"PDX Fuck My Cock Masturbatore XL 25 cm"},"content":{"rendered":"","protected":false},"excerpt":{"rendered":"<div>Scopare un buco del culo succoso e accarezzare un cazzo duro allo stesso tempo \u00e8 ora una realt\u00e0 con questo PDX Fuck My Cock Masturbator XL 25 cm. Fuck My Cock &#8211; il nome stesso parla da s\u00e9. Le morbide guance del culo, splendidamente modellate, aspettano solo che tu le divida per poi penetrare il cazzo duro. Il morbido materiale Fanta Flesh avvolge delicatamente ogni centimetro del pene e d\u00e0 la sensazione di essere dannatamente reale. Che cosa state aspettando? Lasciate che i vostri sogni diventino finalmente realt\u00e0. Il giocattolo pu\u00f2 essere utilizzato con un lubrificante per giochi di piacere pi\u00f9 umidi ed \u00e8 facile da pulire con il toy cleaner.<\/div>\n<div><\/div>\n<div>Lunghezza totale: circa 25 cm<\/div>\n","protected":false},"featured_media":60935,"comment_status":"open","ping_status":"closed","template":"","meta":{"_acf_changed":false,"iawp_total_views":2,"_glsr_average":0,"_glsr_ranking":0,"_glsr_reviews":0},"product_brand":[],"product_cat":[2095,172],"product_tag":[1517,1518],"class_list":{"0":"post-60915","1":"product","2":"type-product","3":"status-publish","4":"has-post-thumbnail","6":"product_cat-masturbatore","7":"product_cat-sex-toys","8":"product_tag-masturbatore","9":"product_tag-pdx-fuck-my-cock-masturbatore-xl-25-cm","11":"first","12":"instock","13":"taxable","14":"shipping-taxable","15":"purchasable","16":"product-type-simple"},"acf":[],"_links":{"self":[{"href":"https:\/\/poppers-online.ch\/it\/wp-json\/wp\/v2\/product\/60915","targetHints":{"allow":["GET"]}}],"collection":[{"href":"https:\/\/poppers-online.ch\/it\/wp-json\/wp\/v2\/product"}],"about":[{"href":"https:\/\/poppers-online.ch\/it\/wp-json\/wp\/v2\/types\/product"}],"replies":[{"embeddable":true,"href":"https:\/\/poppers-online.ch\/it\/wp-json\/wp\/v2\/comments?post=60915"}],"wp:featuredmedia":[{"embeddable":true,"href":"https:\/\/poppers-online.ch\/it\/wp-json\/wp\/v2\/media\/60935"}],"wp:attachment":[{"href":"https:\/\/poppers-online.ch\/it\/wp-json\/wp\/v2\/media?parent=60915"}],"wp:term":[{"taxonomy":"product_brand","embeddable":true,"href":"https:\/\/poppers-online.ch\/it\/wp-json\/wp\/v2\/product_brand?post=60915"},{"taxonomy":"product_cat","embeddable":true,"href":"https:\/\/poppers-online.ch\/it\/wp-json\/wp\/v2\/product_cat?post=60915"},{"taxonomy":"product_tag","embeddable":true,"href":"https:\/\/poppers-online.ch\/it\/wp-json\/wp\/v2\/product_tag?post=60915"}],"curies":[{"name":"wp","href":"https:\/\/api.w.org\/{rel}","templated":true}]}}