{"id":60899,"date":"2023-07-06T20:25:20","date_gmt":"2023-07-06T18:25:20","guid":{"rendered":"https:\/\/poppers-online.ch\/?post_type=product&#038;p=60899"},"modified":"2024-10-16T00:05:41","modified_gmt":"2024-10-15T22:05:41","slug":"boy-19-adolescente-masturbatore-julian-bell","status":"publish","type":"product","link":"https:\/\/poppers-online.ch\/it\/prodotto\/boy-19-adolescente-masturbatore-julian-bell\/","title":{"rendered":"BOY 19! Masturbatore Twink adolescente &#8211; Julian Bell"},"content":{"rendered":"","protected":false},"excerpt":{"rendered":"<p>Julian Bell ama il suo lavoro e recitare davanti alla macchina da presa. Ora potete godervi i suoi pompini mentre lo guardate in azione.<\/p>\n<p>BOY 19! Il masturbatore Teen Twink &#8211; Julian Bell di Iconbrands vi offre accarezzatori ultra-realistici modellati dalle stesse star twink pi\u00f9 sexy. Bocca o culo? Lasciamo a voi la scelta!<\/p>\n<p>Julian Bell ha debuttato nel cinema all&#8217;et\u00e0 di 18 anni e da allora non si \u00e8 mai fermato. Ama il sesso orale ed \u00e8 per questo che ha modellato la sua bocca per i suoi fan in modo che possiate riempirla in qualsiasi momento. Questo masturbatore \u00e8 stato modellato nei minimi dettagli dalla stessa pornostar. Riconoscerete le sue labbra affamate non appena le vedrete!<\/p>\n<p>L&#8217;accarezzatore di Julian \u00e8 realizzato in materiale TPR privo di ftalati ed \u00e8 dotato di un tunnel testurizzato per sensazioni di pompino reali. Il masturbatore \u00e8 liscio e morbido, quindi si pu\u00f2 stringere con la mano durante l&#8217;azione per una stimolazione pi\u00f9 forte.<\/p>\n<p>Il collo stretto \u00e8 meraviglioso. Si consiglia l&#8217;uso di un lubrificante a base d&#8217;acqua per godere appieno dell&#8217;esperienza. Pulire accuratamente il masturbatore dopo l&#8217;uso con acqua tiepida e sapone neutro. Lasciare asciugare all&#8217;aria e applicare un detergente per giocattoli.<\/p>\n<p>Dettagli del prodotto:<br \/>\n&#8211; plasmato da Julian Bell in persona<br \/>\n&#8211; Tunnel interno strutturato per sensazioni simili al pompino<br \/>\n&#8211; Compatibile con i lubrificanti a base d&#8217;acqua<br \/>\n&#8211; TPR senza ftalati<\/p>\n<p>Lunghezza totale: circa 15 cm<br \/>\nDiametro: circa 5-6 cm<br \/>\nMateriale: TPR<br \/>\nColore: pelle chiara<\/p>\n","protected":false},"featured_media":60903,"comment_status":"open","ping_status":"closed","template":"","meta":{"_acf_changed":false,"iawp_total_views":1,"_glsr_average":0,"_glsr_ranking":0,"_glsr_reviews":0},"product_brand":[],"product_cat":[2095,172],"product_tag":[1557,1517],"class_list":{"0":"post-60899","1":"product","2":"type-product","3":"status-publish","4":"has-post-thumbnail","6":"product_cat-masturbatore","7":"product_cat-sex-toys","8":"product_tag-boy-19-masturbatore-twink-adolescente-julian-bell","9":"product_tag-masturbatore","11":"first","12":"instock","13":"taxable","14":"shipping-taxable","15":"purchasable","16":"product-type-simple"},"acf":[],"_links":{"self":[{"href":"https:\/\/poppers-online.ch\/it\/wp-json\/wp\/v2\/product\/60899","targetHints":{"allow":["GET"]}}],"collection":[{"href":"https:\/\/poppers-online.ch\/it\/wp-json\/wp\/v2\/product"}],"about":[{"href":"https:\/\/poppers-online.ch\/it\/wp-json\/wp\/v2\/types\/product"}],"replies":[{"embeddable":true,"href":"https:\/\/poppers-online.ch\/it\/wp-json\/wp\/v2\/comments?post=60899"}],"wp:featuredmedia":[{"embeddable":true,"href":"https:\/\/poppers-online.ch\/it\/wp-json\/wp\/v2\/media\/60903"}],"wp:attachment":[{"href":"https:\/\/poppers-online.ch\/it\/wp-json\/wp\/v2\/media?parent=60899"}],"wp:term":[{"taxonomy":"product_brand","embeddable":true,"href":"https:\/\/poppers-online.ch\/it\/wp-json\/wp\/v2\/product_brand?post=60899"},{"taxonomy":"product_cat","embeddable":true,"href":"https:\/\/poppers-online.ch\/it\/wp-json\/wp\/v2\/product_cat?post=60899"},{"taxonomy":"product_tag","embeddable":true,"href":"https:\/\/poppers-online.ch\/it\/wp-json\/wp\/v2\/product_tag?post=60899"}],"curies":[{"name":"wp","href":"https:\/\/api.w.org\/{rel}","templated":true}]}}