{"id":60855,"date":"2023-07-06T20:17:11","date_gmt":"2023-07-06T18:17:11","guid":{"rendered":"https:\/\/poppers-online.ch\/?post_type=product&#038;p=60855"},"modified":"2024-10-16T00:05:42","modified_gmt":"2024-10-15T22:05:42","slug":"tenga-originale-tazza-vuoto-masturbatore","status":"publish","type":"product","link":"https:\/\/poppers-online.ch\/it\/prodotto\/tenga-originale-tazza-vuoto-masturbatore\/","title":{"rendered":"Tenga &#8211; Masturbatore a ventosa originale"},"content":{"rendered":"","protected":false},"excerpt":{"rendered":"<div>D\u00e0 la sensazione di un pompino intenso. Il masturbatore giapponese Tenga &#8211; Original Vacuum Cup, con la sua forma perfettamente curva, crea un effetto di aspirazione mozzafiato grazie alla sua speciale valvola. Chiudendo la valvola con un dito, \u00e8 possibile regolare il vuoto generato e quindi la potenza di aspirazione. Il tipico suono di risucchio che ne deriva d\u00e0 la sensazione di provare un vero pompino. Con diversi milioni di unit\u00e0 vendute, il masturbatore Tenga &#8211; Original Vacuum Cup \u00e8 il pi\u00f9 venduto in Asia.<\/div>\n<div><\/div>\n<div>Lunghezza: 15,5 cm<\/div>\n<div>Colore: Rosso<\/div>\n<div>Compatibile con il controller Tenga Cup Vaccum<\/div>\n","protected":false},"featured_media":60895,"comment_status":"open","ping_status":"closed","template":"","meta":{"_acf_changed":false,"iawp_total_views":5,"_glsr_average":0,"_glsr_ranking":0,"_glsr_reviews":0},"product_brand":[],"product_cat":[2095,172],"product_tag":[1517,1559,1560],"class_list":{"0":"post-60855","1":"product","2":"type-product","3":"status-publish","4":"has-post-thumbnail","6":"product_cat-masturbatore","7":"product_cat-sex-toys","8":"product_tag-masturbatore","9":"product_tag-tenga-it","10":"product_tag-tenga-masturbatore-a-ventosa-originale","12":"first","13":"instock","14":"taxable","15":"shipping-taxable","16":"purchasable","17":"product-type-simple"},"acf":[],"_links":{"self":[{"href":"https:\/\/poppers-online.ch\/it\/wp-json\/wp\/v2\/product\/60855","targetHints":{"allow":["GET"]}}],"collection":[{"href":"https:\/\/poppers-online.ch\/it\/wp-json\/wp\/v2\/product"}],"about":[{"href":"https:\/\/poppers-online.ch\/it\/wp-json\/wp\/v2\/types\/product"}],"replies":[{"embeddable":true,"href":"https:\/\/poppers-online.ch\/it\/wp-json\/wp\/v2\/comments?post=60855"}],"wp:featuredmedia":[{"embeddable":true,"href":"https:\/\/poppers-online.ch\/it\/wp-json\/wp\/v2\/media\/60895"}],"wp:attachment":[{"href":"https:\/\/poppers-online.ch\/it\/wp-json\/wp\/v2\/media?parent=60855"}],"wp:term":[{"taxonomy":"product_brand","embeddable":true,"href":"https:\/\/poppers-online.ch\/it\/wp-json\/wp\/v2\/product_brand?post=60855"},{"taxonomy":"product_cat","embeddable":true,"href":"https:\/\/poppers-online.ch\/it\/wp-json\/wp\/v2\/product_cat?post=60855"},{"taxonomy":"product_tag","embeddable":true,"href":"https:\/\/poppers-online.ch\/it\/wp-json\/wp\/v2\/product_tag?post=60855"}],"curies":[{"name":"wp","href":"https:\/\/api.w.org\/{rel}","templated":true}]}}