{"id":60738,"date":"2023-07-06T16:52:09","date_gmt":"2023-07-06T14:52:10","guid":{"rendered":"https:\/\/poppers-online.ch\/?post_type=product&#038;p=60738"},"modified":"2025-11-16T23:01:53","modified_gmt":"2025-11-16T22:01:53","slug":"andrew-cristiano-trofeo-ragazzo-analsauro-dildo","status":"publish","type":"product","link":"https:\/\/poppers-online.ch\/it\/prodotto\/andrew-cristiano-trofeo-ragazzo-analsauro-dildo\/","title":{"rendered":"Andrew Christian TROPHY BOY Analsaurus Dildo"},"content":{"rendered":"","protected":false},"excerpt":{"rendered":"<div>\n<div>I paleontologi in erba hanno ora l&#8217;opportunit\u00e0 di conoscere una rara razza di dinosauro. Il nuovo dildo anale di dinosauro Andrew Christian TROPHY BOY \u00e8 una creatura davvero sfuggente che ora \u00e8 pronta per il gioco. Questo divertente giocattolo giurassico \u00e8 realizzato in silicone morbido e flessibile. Con una lunghezza di circa 17,7 cm e una circonferenza di 15,2 cm, \u00e8 perfetto per chiunque sia interessato ai giochi di mostri. Questo dispositivo unico \u00e8 stato progettato per essere resistente e garantito per durare nel tempo.<\/div>\n<div><\/div>\n<div><\/div>\n<\/div>\n<div><\/div>\n","protected":false},"featured_media":60746,"comment_status":"open","ping_status":"closed","template":"","meta":{"_acf_changed":false,"iawp_total_views":1,"_glsr_average":0,"_glsr_ranking":0,"_glsr_reviews":0},"product_brand":[],"product_cat":[2086,172],"product_tag":[1579,1580],"class_list":{"0":"post-60738","1":"product","2":"type-product","3":"status-publish","4":"has-post-thumbnail","6":"product_cat-anal-play","7":"product_cat-sex-toys","8":"product_tag-andrew-christian-it","9":"product_tag-andrew-christian-trophy-boy-analsaurus-dildo-it","11":"first","12":"instock","13":"taxable","14":"shipping-taxable","15":"purchasable","16":"product-type-simple"},"acf":[],"_links":{"self":[{"href":"https:\/\/poppers-online.ch\/it\/wp-json\/wp\/v2\/product\/60738","targetHints":{"allow":["GET"]}}],"collection":[{"href":"https:\/\/poppers-online.ch\/it\/wp-json\/wp\/v2\/product"}],"about":[{"href":"https:\/\/poppers-online.ch\/it\/wp-json\/wp\/v2\/types\/product"}],"replies":[{"embeddable":true,"href":"https:\/\/poppers-online.ch\/it\/wp-json\/wp\/v2\/comments?post=60738"}],"wp:featuredmedia":[{"embeddable":true,"href":"https:\/\/poppers-online.ch\/it\/wp-json\/wp\/v2\/media\/60746"}],"wp:attachment":[{"href":"https:\/\/poppers-online.ch\/it\/wp-json\/wp\/v2\/media?parent=60738"}],"wp:term":[{"taxonomy":"product_brand","embeddable":true,"href":"https:\/\/poppers-online.ch\/it\/wp-json\/wp\/v2\/product_brand?post=60738"},{"taxonomy":"product_cat","embeddable":true,"href":"https:\/\/poppers-online.ch\/it\/wp-json\/wp\/v2\/product_cat?post=60738"},{"taxonomy":"product_tag","embeddable":true,"href":"https:\/\/poppers-online.ch\/it\/wp-json\/wp\/v2\/product_tag?post=60738"}],"curies":[{"name":"wp","href":"https:\/\/api.w.org\/{rel}","templated":true}]}}